{"id":11226,"date":"2025-06-29T13:46:02","date_gmt":"2025-06-29T11:46:02","guid":{"rendered":"https:\/\/uj.adatbank.ro\/lexikon\/termek\/kantor-janos-3\/"},"modified":"2025-06-29T13:46:02","modified_gmt":"2025-06-29T11:46:02","slug":"kantor-janos-3","status":"publish","type":"product","link":"https:\/\/uj.adatbank.ro\/lexikon\/termek\/kantor-janos-3\/","title":{"rendered":"K\u00c1NTOR J\u00e1nos"},"content":{"rendered":"<p>P\u00f3kakereszt\u00far, 1885. \u2020 ? : f\u00e9nyk\u00e9p\u00e9sz. \u2013 Fia: Ferenc. \u2013 Klein S\u00e1ndorral f\u00e9nyk\u00e9p\u00e9sz m\u0171helye volt Mv.-en a F\u0151t\u00e9r 62. ill. 11 sz. alatt, valamilyen form\u00e1ban m\u00e9g m\u0171k\u00f6d\u00f6tt a v\u00e1ltoz\u00e1sok ut\u00e1n is (1948-ban is). T\u00f6bb k\u00e9peslapon is szerepeltek f\u00e9nyk\u00e9pei (1920\u201330-as \u00e9vekben). Fia is folytatta a f\u00e9nyk\u00e9p\u00e9sz mesters\u00e9get. <br \/><strong>Irod.:<\/strong> Csepreghy; Csepreghy A. &#8211; Cs. H.;. Csepreghy 2010; Ki volt K\u00e1ntor ? (V\u00e1s\u00e1rhelyi H\u00edrlap, 2011. j\u00fal. 26.); Sz\u00e9kely Sz\u00f3 (1948. j\u00fal. 22.); T\u00f6r\u00f6k G\u00e1sp\u00e1r: Visszapillant\u00e1s a fot\u00f3m\u0171v\u00e9szet v\u00e1s\u00e1rhelyi el\u0151zm\u00e9nyeire (N\u00fa., M\u00fazsa, 302. sz., 1997. j\u00fal. 11.)<\/br><\/p>\n","protected":false},"excerpt":{"rendered":"<p>P\u00f3kakereszt\u00far, 1885. \u2020 ? : f\u00e9nyk\u00e9p\u00e9sz. \u2013 Fia: Ferenc. \u2013 Klein S\u00e1ndorral f\u00e9nyk\u00e9p\u00e9sz m\u0171helye volt Mv.-en a F\u0151t\u00e9r 62. ill. 11 sz. alatt, valamilyen form\u00e1ban m\u00e9g m\u0171k\u00f6d\u00f6tt a v\u00e1ltoz\u00e1sok ut\u00e1n is (1948-ban is). T\u00f6bb k\u00e9peslapon is szerepeltek f\u00e9nyk\u00e9pei (1920\u201330-as \u00e9vekben). Fia is folytatta a f\u00e9nyk\u00e9p\u00e9sz mesters\u00e9get. Irod.: Csepreghy; Csepreghy A. &#8211; Cs. H.;. Csepreghy 2010; [&hellip;]<\/p>\n","protected":false},"featured_media":0,"comment_status":"open","ping_status":"closed","template":"","meta":[],"product_brand":[],"product_cat":[137],"product_tag":[],"class_list":{"0":"post-11226","1":"product","2":"type-product","3":"status-publish","5":"product_cat-maros-megyei-eletrajzi-lexikon","7":"first","8":"instock","9":"shipping-taxable","10":"product-type-simple"},"_links":{"self":[{"href":"https:\/\/uj.adatbank.ro\/lexikon\/wp-json\/wp\/v2\/product\/11226","targetHints":{"allow":["GET"]}}],"collection":[{"href":"https:\/\/uj.adatbank.ro\/lexikon\/wp-json\/wp\/v2\/product"}],"about":[{"href":"https:\/\/uj.adatbank.ro\/lexikon\/wp-json\/wp\/v2\/types\/product"}],"replies":[{"embeddable":true,"href":"https:\/\/uj.adatbank.ro\/lexikon\/wp-json\/wp\/v2\/comments?post=11226"}],"wp:attachment":[{"href":"https:\/\/uj.adatbank.ro\/lexikon\/wp-json\/wp\/v2\/media?parent=11226"}],"wp:term":[{"taxonomy":"product_brand","embeddable":true,"href":"https:\/\/uj.adatbank.ro\/lexikon\/wp-json\/wp\/v2\/product_brand?post=11226"},{"taxonomy":"product_cat","embeddable":true,"href":"https:\/\/uj.adatbank.ro\/lexikon\/wp-json\/wp\/v2\/product_cat?post=11226"},{"taxonomy":"product_tag","embeddable":true,"href":"https:\/\/uj.adatbank.ro\/lexikon\/wp-json\/wp\/v2\/product_tag?post=11226"}],"curies":[{"name":"wp","href":"https:\/\/api.w.org\/{rel}","templated":true}]}}