{"id":11227,"date":"2025-06-29T13:46:04","date_gmt":"2025-06-29T11:46:04","guid":{"rendered":"https:\/\/uj.adatbank.ro\/lexikon\/termek\/kantor-janosne-keroi-bacs-margit\/"},"modified":"2025-06-29T13:46:04","modified_gmt":"2025-06-29T11:46:04","slug":"kantor-janosne-keroi-bacs-margit","status":"publish","type":"product","link":"https:\/\/uj.adatbank.ro\/lexikon\/termek\/kantor-janosne-keroi-bacs-margit\/","title":{"rendered":"K\u00c1NTOR J\u00e1nosn\u00e9, k\u00e9r\u0151i; B\u00e1cs Margit"},"content":{"rendered":"<p>B\u00e1nfihunyad, 1897, \u2020 Mv., 1984. okt. 20.: tan\u00edt\u00f3n\u0151. \u2013 Tanulm\u00e1nyait B\u00e1nfihunyadon \u00e9s Kv.-on v\u00e9gezte. Kisikl\u00f3don kezdte pedag\u00f3giai munk\u00e1ss\u00e1g\u00e1t, onnan K\u00e1poszt\u00e1sszentmikl\u00f3sra, Csittszentiv\u00e1nyra ker\u00fclt. Huzamosabb ideig f\u00e9rj\u00e9vel Buk.-ben \u00e9lt, ahol a ref. kult\u00faregyes\u00fcletek m\u0171k\u00f6d\u00e9s\u00e9ben, a m. n\u00e9pk\u00f6z\u00f6ss\u00e9gben tev\u00e9kenykedett, majd a m. k\u00f6vets\u00e9gen volt tisztvisel\u0151. Majd Meggyesfalv\u00e1n igazgat\u00f3-tan\u00edt\u00f3n\u0151 (1940\u2013). <br \/><strong>Irod.:<\/strong> Erd\u00e9lyi v\u00e1rmegy\u00e9k; [Nekrol\u00f3g] (V. Z., 1984. okt. 21.), Sz\u00e9kelyf\u00f6ld \u00ed. k.<\/br><\/p>\n","protected":false},"excerpt":{"rendered":"<p>B\u00e1nfihunyad, 1897, \u2020 Mv., 1984. okt. 20.: tan\u00edt\u00f3n\u0151. \u2013 Tanulm\u00e1nyait B\u00e1nfihunyadon \u00e9s Kv.-on v\u00e9gezte. Kisikl\u00f3don kezdte pedag\u00f3giai munk\u00e1ss\u00e1g\u00e1t, onnan K\u00e1poszt\u00e1sszentmikl\u00f3sra, Csittszentiv\u00e1nyra ker\u00fclt. Huzamosabb ideig f\u00e9rj\u00e9vel Buk.-ben \u00e9lt, ahol a ref. kult\u00faregyes\u00fcletek m\u0171k\u00f6d\u00e9s\u00e9ben, a m. n\u00e9pk\u00f6z\u00f6ss\u00e9gben tev\u00e9kenykedett, majd a m. k\u00f6vets\u00e9gen volt tisztvisel\u0151. Majd Meggyesfalv\u00e1n igazgat\u00f3-tan\u00edt\u00f3n\u0151 (1940\u2013). Irod.: Erd\u00e9lyi v\u00e1rmegy\u00e9k; [Nekrol\u00f3g] (V. Z., 1984. okt. 21.), [&hellip;]<\/p>\n","protected":false},"featured_media":0,"comment_status":"open","ping_status":"closed","template":"","meta":[],"product_brand":[],"product_cat":[137],"product_tag":[],"class_list":{"0":"post-11227","1":"product","2":"type-product","3":"status-publish","5":"product_cat-maros-megyei-eletrajzi-lexikon","7":"first","8":"instock","9":"shipping-taxable","10":"product-type-simple"},"_links":{"self":[{"href":"https:\/\/uj.adatbank.ro\/lexikon\/wp-json\/wp\/v2\/product\/11227","targetHints":{"allow":["GET"]}}],"collection":[{"href":"https:\/\/uj.adatbank.ro\/lexikon\/wp-json\/wp\/v2\/product"}],"about":[{"href":"https:\/\/uj.adatbank.ro\/lexikon\/wp-json\/wp\/v2\/types\/product"}],"replies":[{"embeddable":true,"href":"https:\/\/uj.adatbank.ro\/lexikon\/wp-json\/wp\/v2\/comments?post=11227"}],"wp:attachment":[{"href":"https:\/\/uj.adatbank.ro\/lexikon\/wp-json\/wp\/v2\/media?parent=11227"}],"wp:term":[{"taxonomy":"product_brand","embeddable":true,"href":"https:\/\/uj.adatbank.ro\/lexikon\/wp-json\/wp\/v2\/product_brand?post=11227"},{"taxonomy":"product_cat","embeddable":true,"href":"https:\/\/uj.adatbank.ro\/lexikon\/wp-json\/wp\/v2\/product_cat?post=11227"},{"taxonomy":"product_tag","embeddable":true,"href":"https:\/\/uj.adatbank.ro\/lexikon\/wp-json\/wp\/v2\/product_tag?post=11227"}],"curies":[{"name":"wp","href":"https:\/\/api.w.org\/{rel}","templated":true}]}}