{"id":11228,"date":"2025-06-29T13:46:07","date_gmt":"2025-06-29T11:46:07","guid":{"rendered":"https:\/\/uj.adatbank.ro\/lexikon\/termek\/kantor-jozsef\/"},"modified":"2025-06-29T13:46:07","modified_gmt":"2025-06-29T11:46:07","slug":"kantor-jozsef","status":"publish","type":"product","link":"https:\/\/uj.adatbank.ro\/lexikon\/termek\/kantor-jozsef\/","title":{"rendered":"K\u00c1NTOR J\u00f3zsef"},"content":{"rendered":"<p>Ratosnya, 1949 \u2020 ? : fest\u0151, grafikus., b\u00fatortervez\u0151. \u2013 Grafikus \u00e9s fest\u0151. A K\u00e9pz\u0151m\u0171v\u00e9szeti F\u0151iskolatextil szak\u00e1n diplom\u00e1zott Kolozsv\u00e1ron. Sz\u00f6nyegszer\u0171ek a szitanyomatai \u00e9s olajfestm\u00e9nyei. <br \/><strong>Irod.:<\/strong> Szab\u00f3\u2013K\u00e1llai<\/br><\/p>\n","protected":false},"excerpt":{"rendered":"<p>Ratosnya, 1949 \u2020 ? : fest\u0151, grafikus., b\u00fatortervez\u0151. \u2013 Grafikus \u00e9s fest\u0151. A K\u00e9pz\u0151m\u0171v\u00e9szeti F\u0151iskolatextil szak\u00e1n diplom\u00e1zott Kolozsv\u00e1ron. Sz\u00f6nyegszer\u0171ek a szitanyomatai \u00e9s olajfestm\u00e9nyei. Irod.: Szab\u00f3\u2013K\u00e1llai<\/p>\n","protected":false},"featured_media":0,"comment_status":"open","ping_status":"closed","template":"","meta":[],"product_brand":[],"product_cat":[137],"product_tag":[],"class_list":{"0":"post-11228","1":"product","2":"type-product","3":"status-publish","5":"product_cat-maros-megyei-eletrajzi-lexikon","7":"first","8":"instock","9":"shipping-taxable","10":"product-type-simple"},"_links":{"self":[{"href":"https:\/\/uj.adatbank.ro\/lexikon\/wp-json\/wp\/v2\/product\/11228","targetHints":{"allow":["GET"]}}],"collection":[{"href":"https:\/\/uj.adatbank.ro\/lexikon\/wp-json\/wp\/v2\/product"}],"about":[{"href":"https:\/\/uj.adatbank.ro\/lexikon\/wp-json\/wp\/v2\/types\/product"}],"replies":[{"embeddable":true,"href":"https:\/\/uj.adatbank.ro\/lexikon\/wp-json\/wp\/v2\/comments?post=11228"}],"wp:attachment":[{"href":"https:\/\/uj.adatbank.ro\/lexikon\/wp-json\/wp\/v2\/media?parent=11228"}],"wp:term":[{"taxonomy":"product_brand","embeddable":true,"href":"https:\/\/uj.adatbank.ro\/lexikon\/wp-json\/wp\/v2\/product_brand?post=11228"},{"taxonomy":"product_cat","embeddable":true,"href":"https:\/\/uj.adatbank.ro\/lexikon\/wp-json\/wp\/v2\/product_cat?post=11228"},{"taxonomy":"product_tag","embeddable":true,"href":"https:\/\/uj.adatbank.ro\/lexikon\/wp-json\/wp\/v2\/product_tag?post=11228"}],"curies":[{"name":"wp","href":"https:\/\/api.w.org\/{rel}","templated":true}]}}