{"id":11229,"date":"2025-06-29T13:46:09","date_gmt":"2025-06-29T11:46:09","guid":{"rendered":"https:\/\/uj.adatbank.ro\/lexikon\/termek\/kantorne-engelhardt-anna-kantor-gerzsonne-engelhardt-anna\/"},"modified":"2025-06-29T13:46:09","modified_gmt":"2025-06-29T11:46:09","slug":"kantorne-engelhardt-anna-kantor-gerzsonne-engelhardt-anna","status":"publish","type":"product","link":"https:\/\/uj.adatbank.ro\/lexikon\/termek\/kantorne-engelhardt-anna-kantor-gerzsonne-engelhardt-anna\/","title":{"rendered":"K\u00c1NTORN\u00c9 ENGELHARDT Anna, K\u00e1ntor Gerzsonn\u00e9, Engelhardt Anna"},"content":{"rendered":"<p>Nagyszeben, 1790., v. 1791., \u2020 Mv., 1854. febr. 28.: sz\u00edn\u00e9szn\u0151, az els\u0151 m. tragika. \u2013 Sz\u00fclei kor\u00e1n meghaltak. F\u00e9rje: K\u00e1ntor Gerzson komikus sz\u00edn\u00e9sz (esk\u00fcv\u0151: 1810); elhunyt: Debrecen, 1812). \u2013 Kora gyermek\u00e9veit Nagyszebenben \u00e9lte s mint Girzik Ferenc n\u00e9met szinigazgat\u00f3 csel\u00e9dje ker\u00fclt Pestre, majd L\u00e1ng \u00c1d\u00e1m J\u00e1nos h\u00e1z\u00e1ban szolg\u00e1lt, akinek biztat\u00e1s\u00e1ra kezdett magyarul tanulni, erre b\u00edztatta a csal\u00e1d bar\u00e1tja, Kazinczy Ferenc is. A Hacker-h\u00e1zban m\u0171k\u00f6d\u0151 sz\u00ednt\u00e1rsulat tagja lett (1808\u2013). F\u00e9rj\u00e9vel egy\u00fctt szerz\u0151d\u00f6tt a Debrecenben m\u0171k\u00f6d\u0151 kv.-i t\u00e1rsulathoz, Pesten \u00e9s Sz\u00e9kesfeh\u00e9rv\u00e1ron szerepelt (1818\u201325); vend\u00e9gszerepelt a pesti n\u00e9met sz\u00ednh\u00e1zban (1819); sz\u00e1mos vid\u00e9ki v\u00e1rosban fell\u00e9pett: Sz\u00e9kesfeh\u00e9rv\u00e1r, P\u00e9cs, Pozsony ( az ogy. idej\u00e9n, 1825), Kassa (1828\u201333), Budai V\u00e1rsz\u00ednh\u00e1z (1833\u201337). Az els\u0151 m. tragika volt, els\u0151nek alak\u00edtotta Kisfaludy K\u00e1roly t\u00f6rt\u00e9nelmi darabjainak h\u0151sn\u0151it, \u0151 volt a B\u00e1nk b\u00e1n els\u0151 Gertrudisa (1833. febr. 15. Kassa), vir\u00e1gkora a budai koszakra esett, ahol a B\u00e1nk b\u00e1nt az \u0151 jutalomj\u00e1t\u00e9k\u00e1ul adt\u00e1k el\u0151. \u00c9vtizedeken kereszt\u00fcl csi\u00adszolta szerepeit, j\u00e1t\u00e9k\u00e1t nemes p\u00e1tosz jellemezte. Mivel a Nemzeti Sz\u00ednh\u00e1z nem szerz\u0151dtette t\u00e1vozott a f\u0151v\u00e1rosb\u00f3l Debrecenben majd erd\u00e9lyi sz\u00ednt\u00e1rsulatokn\u00e1l szerepelt: Nagyenyeden \u00e9s Kv.-on (1839), Brass\u00f6ban (1840). Mv.-en szerepelt Kov\u00e1ts J\u00f3zsef \u00e9s Perg\u0151 Celesztin t\u00e1rsulat\u00e1val (1841). Nagyenyeden (1842), Tord\u00e1n (1843), majd Mv.-en l\u00e9pett fel utolj\u00e1ra (1845\u201346) a Kegyenc vagy II. Katalin orosz c\u00e1rn\u00e9 szerelme c. sz\u00ednj\u00e1t\u00e9kban l\u00e9pett fel. Visszavonult a sz\u00ednpadt\u00f3l, el\u0151bb arisztokrat\u00e1k t\u00e1mogatt\u00e1k, majd sz\u00ednh\u00e1zi jegy\u00e1r\u00fas Mv.-en, h\u00e1zmestern\u0151, v\u00e9g\u00fcl szak\u00e1csn\u0151 lett mig Rh\u00e9dey Lajos gr. p\u00e1rtfog\u00e1s\u00e1ba nem vette; \u00e9lete utols\u00f3 szakasz\u00e1t Mv.-en t\u00f6lt\u00f6tte, h\u00e1zmestern\u0151 volt gr. L\u00e1z\u00e1r J\u00e1nos h\u00e1z\u00e1n\u00e1 a Korz\u00f3k\u00f6zben. l. A mv.-i r. kat. temet\u0151ben nyugszik, eml\u00e9ket s\u00edrj\u00e1ra Prielle Korn\u00e9lia emeltetett (1856), \u201eB\u201d kateg\u00f3ri\u00e1s m\u0171eml\u00e9k. Tattler B\u00e9la lelkes sz\u00ednh\u00e1zrajong\u00fc saj\u00e1t k\u00f6lts\u00e9g\u00e9n hozta rendbe elhanyagolt s\u00edrj\u00e1t a r. k. temet\u0151ben (1928). A s\u00edrk\u00f6vet fel\u00faj\u00edtott\u00e1k \u00e9s az \u00fcnnep\u00e9lyes avat\u00e1son Fed\u00e9k S\u00e1ri is jelen volt (1941). S\u00edrjk\u00f6v\u00e9t, a fejf\u00e1j\u00e1t a mv.-i Lor\u00e1ntffy Zsuzsanna Kultur\u00e1lis Egyes\u00fclet, a Sz\u00edni Akad. Szentgy\u00f6rgyi Istv\u00e1n tagozata \u00e9s a Nemezeti Sz\u00ednh\u00e1z m. tagozata \u00faj\u00edtotta fel. Eml\u00e9k\u00e9re Izs\u00e1k M\u00e1rton szobr\u00e1szm\u0171v\u00e9sz bronzb\u00f3l \u00f6nt\u00f6tt plakettj\u00e9t \u00e1ll\u00edtott\u00e1k fel (1993. j\u00fal.), ellopt\u00e1k (2007. j\u00fal.). az egyes\u00fclet \u00faj plakettet \u00f6ntetett aluminiumb\u00f3l, szint\u00e9n Balogh Cubi m\u0171hely\u00e9ben \u00e9s felavatt\u00e1k (2009. dec. 2.). Els\u0151 nagy sz\u00edn\u00e9szn\u0151je volt a m. sz\u00edn\u00e9szetnek, tragikus szerepekben, de vigj\u00e1t\u00e9kokban is felejthetetlen alkotott. Egyi arck\u00e9p\u00e9t metszetben az Osztr\u00e1k-Magyar Monarchia Ir\u00e1sban \u00e9s K\u00e9pekben k\u00f6z\u00f6lte, k\u00e9pe van a debereceni sz\u00ednpad homlokzat\u00e1n, m\u00e1rv\u00e1ny szobra a Nemzeti Sz\u00ednh\u00e1z csarnok\u00e1ban volt. Legifjabb Sz\u00e1sz K\u00e1roly egyfelvon\u00e1sos sz\u00edndarabot \u00edrt K\u00e1ntorn\u00e9 c\u00edmen, amelyet a Bp.-i Nemzeti Sz\u00ednh\u00e1z adott el\u0151 (1907. febr. 22.). Portr\u00e9\u00adszobr\u00e1t Engel J\u00f3zsef alkotta. \u2013 <strong>F. m.:<\/strong> K\u00e1ntorn\u00e9 levelei (Mak\u00f3, 1932). \u2013 <strong>F. sz.:<\/strong> Sappho (Grillparzer); Erzs\u00e9bet (Schiller: Stuart M\u00e1\u00adria); Gertrudis (Katona J.: B\u00e1nk b\u00e1n); Octavia (Kotzebue); Ilka, Sz\u00e9csi M\u00e1ria (Kisfaludy K.); B\u00e1tori M\u00e1ria (Soden-Dugonics A.), Lady Machbet, Lucretia Borgia, Tudor Maria, Gertrudis kir\u00e1lyn\u00e9, Gertrud (Hamlet anyja), Dobrochna, Franczka a Makrancos h\u00f6lgy, Sappho, a Jeruzs\u00e1lemi kir\u00e1lyn\u00e9. <br \/><strong>Irod.:<\/strong> Egy sz\u00edn\u00e9szn\u0151 eml\u00e9ke Mv.-en (N\u00fa, M\u00fazsa, 94. sz., 1993. \u00e1pr. 29.); Enyedi S\u00e1ndor: D\u00e9ryn\u00e9 erd\u00e9lyi sz\u00ednpadokon (Buk., 1975); Ferenczi Zolt\u00e1n: A kv.-i sz\u00edn\u00e9szet \u00e9s sz\u00ednh\u00e1z t\u00f6rt\u00e9nete (Kv., 1897); Fodor\u2013Bal\u00e1s; Fodor Istv\u00e1n: K\u00e1ntorn\u00e9 az els\u0151 magyar tragikai h\u0151sn\u0151 (Mv., 1933); Fodor Istv\u00e1n: K\u00e1ntorn\u00e9, az els\u0151 legnagyobb magyar tragika v\u00e9g\u00e1llom\u00e1sa Mv.-en (Mv., 1939); Guly\u00e1s; Heszke B\u00e9la: Sz\u00ednh\u00e1z (Kv., 1944); Id\u0151t\u00e1r 1; Id\u0151t\u00e1r 2; Igaz Sz\u00f3 (2. sz., 1954. febr., p. 107\u2013111); Kert\u00e9sz Erzs\u00e9bet: Az els\u0151 Gertrudis. K. \u00e9letreg\u00e9nye (Bp., 1970); Kusz\u00e1lik-Zal\u00e1nyi; M\u00c9L; MNL; Moln\u00e1r G\u00e1bor: Torzsalkod\u00e1s K. -n\u00e9 sireml\u00e9ke k\u00f6r\u00fcl (Marosv\u00e1s\u00e1rhely, 1913. aug. 10.); Moln\u00e1r G\u00e1bor: A r\u00e9gi Mv.: Sz\u00edn\u00e9szet\u00fcnk aranykor\u00e1b\u00f3l (Marosv\u00e1s\u00e1rhely, 1912. jan. 15.); Molter K\u00e1roly: K\u00e1ntorn\u00e9 s\u00edrj\u00e1n\u00e1l: Molter K\u00e1roly besz\u00e9de 1941-b\u0151l, a sz\u00edn\u00e9szn\u0151 s\u00edrj\u00e1nak fel\u00faj\u00edt\u00e1sa alkalm\u00e1b\u00f3l (N\u00fa., M\u00fazsa, 914. sz., 2009. dec. 19.); MSZL; Nagy Botond: K\u00e1ntorn\u00e9: Eml\u00e9kez\u0151 est a Kult\u00farpalot\u00e1ban (N\u00fa., 2009. nov. 26.); Az Orsz\u00e1g T\u00fckre (1863. szept. 21); P\u00e1l-Antal 2009; RNL; Sch\u00f6pflin; K\u00e1ntorn\u00e9 =  Szentimrei Jen\u0151: Vallom\u00e1sok (Mv., 1956); Sz\u00e9pr\u00e9ti Lilla: Az Apoll\u00f3 sz\u00e1la (Erd\u00e9lyi Figyel\u0151, 7. sz., 1996. m\u00e1rc.); Szigligeti Ede: Magyar sz\u00edn\u00e9szek \u00e9letrajzai (Bp., 1907); Szucher Ervin: Ellopt\u00e1k K\u00e1ntorn\u00e9 bronzplakettj\u00e9t (Kr\u00f3nika, 2007. j\u00fal. 31.); \u00daM\u00c9L; Vahot Imre: Magyar Th\u00e1lia (Pest, s. a.); V\u00e1li B\u00e9la: A magyar sz\u00edn\u00e9szet t\u00f6rt\u00e9nete (Bp., 1887); Vas\u00e1rnapi \u00dajs\u00e1g (1863. okt. 25); Valori mure\u015fene de patrimoniu; K\u00c1NTORN\u00c9 ENGELHARDT Anna. Megeml\u00e9kez\u00e9s Mv.-en \u20132024. febru\u00e1r 28. (N\u00fa., M\u00fazsa, 1623. sz. 2024. m\u00e1rc. 2.)<\/br><\/p>\n","protected":false},"excerpt":{"rendered":"<p>Nagyszeben, 1790., v. 1791., \u2020 Mv., 1854. febr. 28.: sz\u00edn\u00e9szn\u0151, az els\u0151 m. tragika. \u2013 Sz\u00fclei kor\u00e1n meghaltak. F\u00e9rje: K\u00e1ntor Gerzson komikus sz\u00edn\u00e9sz (esk\u00fcv\u0151: 1810); elhunyt: Debrecen, 1812). \u2013 Kora gyermek\u00e9veit Nagyszebenben \u00e9lte s mint Girzik Ferenc n\u00e9met szinigazgat\u00f3 csel\u00e9dje ker\u00fclt Pestre, majd L\u00e1ng \u00c1d\u00e1m J\u00e1nos h\u00e1z\u00e1ban szolg\u00e1lt, akinek biztat\u00e1s\u00e1ra kezdett magyarul tanulni, erre b\u00edztatta [&hellip;]<\/p>\n","protected":false},"featured_media":0,"comment_status":"open","ping_status":"closed","template":"","meta":[],"product_brand":[],"product_cat":[137],"product_tag":[],"class_list":{"0":"post-11229","1":"product","2":"type-product","3":"status-publish","5":"product_cat-maros-megyei-eletrajzi-lexikon","7":"first","8":"instock","9":"shipping-taxable","10":"product-type-simple"},"_links":{"self":[{"href":"https:\/\/uj.adatbank.ro\/lexikon\/wp-json\/wp\/v2\/product\/11229","targetHints":{"allow":["GET"]}}],"collection":[{"href":"https:\/\/uj.adatbank.ro\/lexikon\/wp-json\/wp\/v2\/product"}],"about":[{"href":"https:\/\/uj.adatbank.ro\/lexikon\/wp-json\/wp\/v2\/types\/product"}],"replies":[{"embeddable":true,"href":"https:\/\/uj.adatbank.ro\/lexikon\/wp-json\/wp\/v2\/comments?post=11229"}],"wp:attachment":[{"href":"https:\/\/uj.adatbank.ro\/lexikon\/wp-json\/wp\/v2\/media?parent=11229"}],"wp:term":[{"taxonomy":"product_brand","embeddable":true,"href":"https:\/\/uj.adatbank.ro\/lexikon\/wp-json\/wp\/v2\/product_brand?post=11229"},{"taxonomy":"product_cat","embeddable":true,"href":"https:\/\/uj.adatbank.ro\/lexikon\/wp-json\/wp\/v2\/product_cat?post=11229"},{"taxonomy":"product_tag","embeddable":true,"href":"https:\/\/uj.adatbank.ro\/lexikon\/wp-json\/wp\/v2\/product_tag?post=11229"}],"curies":[{"name":"wp","href":"https:\/\/api.w.org\/{rel}","templated":true}]}}