{"id":11231,"date":"2025-06-29T13:46:13","date_gmt":"2025-06-29T11:46:13","guid":{"rendered":"https:\/\/uj.adatbank.ro\/lexikon\/termek\/kanya-fausztin-antal-r-p\/"},"modified":"2025-06-29T13:46:13","modified_gmt":"2025-06-29T11:46:13","slug":"kanya-fausztin-antal-r-p","status":"publish","type":"product","link":"https:\/\/uj.adatbank.ro\/lexikon\/termek\/kanya-fausztin-antal-r-p\/","title":{"rendered":"K\u00c1NYA Fausztin Antal, R. P."},"content":{"rendered":"<p>Cs\u00edkdelne, 1749., \u2020 Mv., 1834. m\u00e1rc. 7. \u00e1pr. 10. A mv.-i ferences bar\u00e1tok egykori temploma alatt l\u00e9v\u0151 kript\u00e1ban nyugszik: szerzetes. \u2013 Be\u00f6lt\u00f6z\u00f6tt (1770. j\u00fal. 24.), felszentelt\u00e9k (1776. \u00e1pr. 6.). <br \/><strong>Irod.:<\/strong> Gy\u00f6rgy: A ferencrendiek; Pantheon<\/br><\/p>\n","protected":false},"excerpt":{"rendered":"<p>Cs\u00edkdelne, 1749., \u2020 Mv., 1834. m\u00e1rc. 7. \u00e1pr. 10. A mv.-i ferences bar\u00e1tok egykori temploma alatt l\u00e9v\u0151 kript\u00e1ban nyugszik: szerzetes. \u2013 Be\u00f6lt\u00f6z\u00f6tt (1770. j\u00fal. 24.), felszentelt\u00e9k (1776. \u00e1pr. 6.). Irod.: Gy\u00f6rgy: A ferencrendiek; Pantheon<\/p>\n","protected":false},"featured_media":0,"comment_status":"open","ping_status":"closed","template":"","meta":[],"product_brand":[],"product_cat":[137],"product_tag":[],"class_list":{"0":"post-11231","1":"product","2":"type-product","3":"status-publish","5":"product_cat-maros-megyei-eletrajzi-lexikon","7":"first","8":"instock","9":"shipping-taxable","10":"product-type-simple"},"_links":{"self":[{"href":"https:\/\/uj.adatbank.ro\/lexikon\/wp-json\/wp\/v2\/product\/11231","targetHints":{"allow":["GET"]}}],"collection":[{"href":"https:\/\/uj.adatbank.ro\/lexikon\/wp-json\/wp\/v2\/product"}],"about":[{"href":"https:\/\/uj.adatbank.ro\/lexikon\/wp-json\/wp\/v2\/types\/product"}],"replies":[{"embeddable":true,"href":"https:\/\/uj.adatbank.ro\/lexikon\/wp-json\/wp\/v2\/comments?post=11231"}],"wp:attachment":[{"href":"https:\/\/uj.adatbank.ro\/lexikon\/wp-json\/wp\/v2\/media?parent=11231"}],"wp:term":[{"taxonomy":"product_brand","embeddable":true,"href":"https:\/\/uj.adatbank.ro\/lexikon\/wp-json\/wp\/v2\/product_brand?post=11231"},{"taxonomy":"product_cat","embeddable":true,"href":"https:\/\/uj.adatbank.ro\/lexikon\/wp-json\/wp\/v2\/product_cat?post=11231"},{"taxonomy":"product_tag","embeddable":true,"href":"https:\/\/uj.adatbank.ro\/lexikon\/wp-json\/wp\/v2\/product_tag?post=11231"}],"curies":[{"name":"wp","href":"https:\/\/api.w.org\/{rel}","templated":true}]}}