{"id":11235,"date":"2025-06-29T13:46:21","date_gmt":"2025-06-29T11:46:21","guid":{"rendered":"https:\/\/uj.adatbank.ro\/lexikon\/termek\/kapas-gyozo-viktor\/"},"modified":"2025-06-29T13:46:21","modified_gmt":"2025-06-29T11:46:21","slug":"kapas-gyozo-viktor","status":"publish","type":"product","link":"https:\/\/uj.adatbank.ro\/lexikon\/termek\/kapas-gyozo-viktor\/","title":{"rendered":"KAP\u00c1S Gy\u0151z\u0151 Viktor"},"content":{"rendered":"<p>Kisg\u00f6rg\u00e9ny, 19.?, \u2020 Mv., 1990. j\u00fan. 3.: tan\u00e1r. \u2013 A BTE t\u00f6rt\u00e9nelem szak\u00e1n v\u00e9gzett. A kakasdi \u00e1ltal\u00e1nos iskola f\u00f6ldrajz-t\u00f6rt\u00e9nelem szakos tan\u00e1ra \u00e9s igazgat\u00f3ja. <br \/><strong>Irod.:<\/strong> Kisg\u00f6rg\u00e9ny; [Nekrol\u00f3g] (N\u00fa., 1990. j\u00fan. 5.)<\/br><\/p>\n","protected":false},"excerpt":{"rendered":"<p>Kisg\u00f6rg\u00e9ny, 19.?, \u2020 Mv., 1990. j\u00fan. 3.: tan\u00e1r. \u2013 A BTE t\u00f6rt\u00e9nelem szak\u00e1n v\u00e9gzett. A kakasdi \u00e1ltal\u00e1nos iskola f\u00f6ldrajz-t\u00f6rt\u00e9nelem szakos tan\u00e1ra \u00e9s igazgat\u00f3ja. Irod.: Kisg\u00f6rg\u00e9ny; [Nekrol\u00f3g] (N\u00fa., 1990. j\u00fan. 5.)<\/p>\n","protected":false},"featured_media":0,"comment_status":"open","ping_status":"closed","template":"","meta":[],"product_brand":[],"product_cat":[137],"product_tag":[],"class_list":{"0":"post-11235","1":"product","2":"type-product","3":"status-publish","5":"product_cat-maros-megyei-eletrajzi-lexikon","7":"first","8":"instock","9":"shipping-taxable","10":"product-type-simple"},"_links":{"self":[{"href":"https:\/\/uj.adatbank.ro\/lexikon\/wp-json\/wp\/v2\/product\/11235","targetHints":{"allow":["GET"]}}],"collection":[{"href":"https:\/\/uj.adatbank.ro\/lexikon\/wp-json\/wp\/v2\/product"}],"about":[{"href":"https:\/\/uj.adatbank.ro\/lexikon\/wp-json\/wp\/v2\/types\/product"}],"replies":[{"embeddable":true,"href":"https:\/\/uj.adatbank.ro\/lexikon\/wp-json\/wp\/v2\/comments?post=11235"}],"wp:attachment":[{"href":"https:\/\/uj.adatbank.ro\/lexikon\/wp-json\/wp\/v2\/media?parent=11235"}],"wp:term":[{"taxonomy":"product_brand","embeddable":true,"href":"https:\/\/uj.adatbank.ro\/lexikon\/wp-json\/wp\/v2\/product_brand?post=11235"},{"taxonomy":"product_cat","embeddable":true,"href":"https:\/\/uj.adatbank.ro\/lexikon\/wp-json\/wp\/v2\/product_cat?post=11235"},{"taxonomy":"product_tag","embeddable":true,"href":"https:\/\/uj.adatbank.ro\/lexikon\/wp-json\/wp\/v2\/product_tag?post=11235"}],"curies":[{"name":"wp","href":"https:\/\/api.w.org\/{rel}","templated":true}]}}