{"id":11237,"date":"2025-06-29T13:46:24","date_gmt":"2025-06-29T11:46:24","guid":{"rendered":"https:\/\/uj.adatbank.ro\/lexikon\/termek\/kapdebo-erna\/"},"modified":"2025-06-29T13:46:24","modified_gmt":"2025-06-29T11:46:24","slug":"kapdebo-erna","status":"publish","type":"product","link":"https:\/\/uj.adatbank.ro\/lexikon\/termek\/kapdebo-erna\/","title":{"rendered":"KAPDEB\u00d3 Erna"},"content":{"rendered":"<p>1886., \u2020 1972: tan\u00e1r. \u2013 Mv.-en k\u00f6zismert, jeles magyar szakos tan\u00e1r (1910\u20131950). A KZST tagja, megv\u00e1lasztott eln\u00f6ke megsz\u00fcn\u00e9s\u00e9ig (1943\u20131948).<\/br><\/p>\n","protected":false},"excerpt":{"rendered":"<p>1886., \u2020 1972: tan\u00e1r. \u2013 Mv.-en k\u00f6zismert, jeles magyar szakos tan\u00e1r (1910\u20131950). A KZST tagja, megv\u00e1lasztott eln\u00f6ke megsz\u00fcn\u00e9s\u00e9ig (1943\u20131948).<\/p>\n","protected":false},"featured_media":0,"comment_status":"open","ping_status":"closed","template":"","meta":[],"product_brand":[],"product_cat":[137],"product_tag":[],"class_list":{"0":"post-11237","1":"product","2":"type-product","3":"status-publish","5":"product_cat-maros-megyei-eletrajzi-lexikon","7":"first","8":"instock","9":"shipping-taxable","10":"product-type-simple"},"_links":{"self":[{"href":"https:\/\/uj.adatbank.ro\/lexikon\/wp-json\/wp\/v2\/product\/11237","targetHints":{"allow":["GET"]}}],"collection":[{"href":"https:\/\/uj.adatbank.ro\/lexikon\/wp-json\/wp\/v2\/product"}],"about":[{"href":"https:\/\/uj.adatbank.ro\/lexikon\/wp-json\/wp\/v2\/types\/product"}],"replies":[{"embeddable":true,"href":"https:\/\/uj.adatbank.ro\/lexikon\/wp-json\/wp\/v2\/comments?post=11237"}],"wp:attachment":[{"href":"https:\/\/uj.adatbank.ro\/lexikon\/wp-json\/wp\/v2\/media?parent=11237"}],"wp:term":[{"taxonomy":"product_brand","embeddable":true,"href":"https:\/\/uj.adatbank.ro\/lexikon\/wp-json\/wp\/v2\/product_brand?post=11237"},{"taxonomy":"product_cat","embeddable":true,"href":"https:\/\/uj.adatbank.ro\/lexikon\/wp-json\/wp\/v2\/product_cat?post=11237"},{"taxonomy":"product_tag","embeddable":true,"href":"https:\/\/uj.adatbank.ro\/lexikon\/wp-json\/wp\/v2\/product_tag?post=11237"}],"curies":[{"name":"wp","href":"https:\/\/api.w.org\/{rel}","templated":true}]}}