{"id":11238,"date":"2025-06-29T13:46:26","date_gmt":"2025-06-29T11:46:26","guid":{"rendered":"https:\/\/uj.adatbank.ro\/lexikon\/termek\/kapdebo-simon\/"},"modified":"2025-06-29T13:46:26","modified_gmt":"2025-06-29T11:46:26","slug":"kapdebo-simon","status":"publish","type":"product","link":"https:\/\/uj.adatbank.ro\/lexikon\/termek\/kapdebo-simon\/","title":{"rendered":"K\u00c1PDEB\u00d3 Simon"},"content":{"rendered":"<p>1797., \u2020 Mv., 1855. febr. 18. Feles\u00e9ge Petr\u00e1sk\u00f3 Katalin (1808. nov. 13. \u2013 1869. j\u00fan. 7.). <br \/><strong>Irod.:<\/strong> Pusk\u00e1s-Sz\u00e1sz \u00c1. R<\/br><\/p>\n","protected":false},"excerpt":{"rendered":"<p>1797., \u2020 Mv., 1855. febr. 18. Feles\u00e9ge Petr\u00e1sk\u00f3 Katalin (1808. nov. 13. \u2013 1869. j\u00fan. 7.). Irod.: Pusk\u00e1s-Sz\u00e1sz \u00c1. R<\/p>\n","protected":false},"featured_media":0,"comment_status":"open","ping_status":"closed","template":"","meta":[],"product_brand":[],"product_cat":[137],"product_tag":[],"class_list":{"0":"post-11238","1":"product","2":"type-product","3":"status-publish","5":"product_cat-maros-megyei-eletrajzi-lexikon","7":"first","8":"instock","9":"shipping-taxable","10":"product-type-simple"},"_links":{"self":[{"href":"https:\/\/uj.adatbank.ro\/lexikon\/wp-json\/wp\/v2\/product\/11238","targetHints":{"allow":["GET"]}}],"collection":[{"href":"https:\/\/uj.adatbank.ro\/lexikon\/wp-json\/wp\/v2\/product"}],"about":[{"href":"https:\/\/uj.adatbank.ro\/lexikon\/wp-json\/wp\/v2\/types\/product"}],"replies":[{"embeddable":true,"href":"https:\/\/uj.adatbank.ro\/lexikon\/wp-json\/wp\/v2\/comments?post=11238"}],"wp:attachment":[{"href":"https:\/\/uj.adatbank.ro\/lexikon\/wp-json\/wp\/v2\/media?parent=11238"}],"wp:term":[{"taxonomy":"product_brand","embeddable":true,"href":"https:\/\/uj.adatbank.ro\/lexikon\/wp-json\/wp\/v2\/product_brand?post=11238"},{"taxonomy":"product_cat","embeddable":true,"href":"https:\/\/uj.adatbank.ro\/lexikon\/wp-json\/wp\/v2\/product_cat?post=11238"},{"taxonomy":"product_tag","embeddable":true,"href":"https:\/\/uj.adatbank.ro\/lexikon\/wp-json\/wp\/v2\/product_tag?post=11238"}],"curies":[{"name":"wp","href":"https:\/\/api.w.org\/{rel}","templated":true}]}}