{"id":11240,"date":"2025-06-29T13:46:31","date_gmt":"2025-06-29T11:46:31","guid":{"rendered":"https:\/\/uj.adatbank.ro\/lexikon\/termek\/kapi-gyorgy\/"},"modified":"2025-06-29T13:46:31","modified_gmt":"2025-06-29T11:46:31","slug":"kapi-gyorgy","status":"publish","type":"product","link":"https:\/\/uj.adatbank.ro\/lexikon\/termek\/kapi-gyorgy\/","title":{"rendered":"KAPI Gy\u00f6rgy"},"content":{"rendered":"<p>? \u2020 ? : f\u0151nemes. \u2013 Erd\u00e9lyi korl\u00e1tnok vagyis kancell\u00e1r, r\u00e9szbirtokot kapott adom\u00e1nyk\u00e9nt Marosbog\u00e1ton. Tagja volt az orsz\u00e1ggy\u0171l\u00e9s \u00fcnnep\u00e9lyes k\u00f6vets\u00e9g\u00e9nek, amelyik II. R\u00e1k\u00f3czi Gy\u00f6rgy ut\u00e1n ment Radn\u00f3tra, hogy behozz\u00e1k V\u00e1s\u00e1rhelyre az ott gy\u00fclekez\u0151 rendek el\u00e9 \u00e9s ott \u00fajrav\u00e1lassz\u00e1k fejedelemnek (1659). <br \/><strong>Irod.:<\/strong> Id\u0151t\u00e1r 1; Teleki Mih\u00e1ly levelez\u00e9se (Bp., 1906\u20130916); Pesty 2014<\/br><\/p>\n","protected":false},"excerpt":{"rendered":"<p>? \u2020 ? : f\u0151nemes. \u2013 Erd\u00e9lyi korl\u00e1tnok vagyis kancell\u00e1r, r\u00e9szbirtokot kapott adom\u00e1nyk\u00e9nt Marosbog\u00e1ton. Tagja volt az orsz\u00e1ggy\u0171l\u00e9s \u00fcnnep\u00e9lyes k\u00f6vets\u00e9g\u00e9nek, amelyik II. R\u00e1k\u00f3czi Gy\u00f6rgy ut\u00e1n ment Radn\u00f3tra, hogy behozz\u00e1k V\u00e1s\u00e1rhelyre az ott gy\u00fclekez\u0151 rendek el\u00e9 \u00e9s ott \u00fajrav\u00e1lassz\u00e1k fejedelemnek (1659). Irod.: Id\u0151t\u00e1r 1; Teleki Mih\u00e1ly levelez\u00e9se (Bp., 1906\u20130916); Pesty 2014<\/p>\n","protected":false},"featured_media":0,"comment_status":"open","ping_status":"closed","template":"","meta":[],"product_brand":[],"product_cat":[137],"product_tag":[],"class_list":{"0":"post-11240","1":"product","2":"type-product","3":"status-publish","5":"product_cat-maros-megyei-eletrajzi-lexikon","7":"first","8":"instock","9":"shipping-taxable","10":"product-type-simple"},"_links":{"self":[{"href":"https:\/\/uj.adatbank.ro\/lexikon\/wp-json\/wp\/v2\/product\/11240","targetHints":{"allow":["GET"]}}],"collection":[{"href":"https:\/\/uj.adatbank.ro\/lexikon\/wp-json\/wp\/v2\/product"}],"about":[{"href":"https:\/\/uj.adatbank.ro\/lexikon\/wp-json\/wp\/v2\/types\/product"}],"replies":[{"embeddable":true,"href":"https:\/\/uj.adatbank.ro\/lexikon\/wp-json\/wp\/v2\/comments?post=11240"}],"wp:attachment":[{"href":"https:\/\/uj.adatbank.ro\/lexikon\/wp-json\/wp\/v2\/media?parent=11240"}],"wp:term":[{"taxonomy":"product_brand","embeddable":true,"href":"https:\/\/uj.adatbank.ro\/lexikon\/wp-json\/wp\/v2\/product_brand?post=11240"},{"taxonomy":"product_cat","embeddable":true,"href":"https:\/\/uj.adatbank.ro\/lexikon\/wp-json\/wp\/v2\/product_cat?post=11240"},{"taxonomy":"product_tag","embeddable":true,"href":"https:\/\/uj.adatbank.ro\/lexikon\/wp-json\/wp\/v2\/product_tag?post=11240"}],"curies":[{"name":"wp","href":"https:\/\/api.w.org\/{rel}","templated":true}]}}