{"id":11241,"date":"2025-06-29T13:46:34","date_gmt":"2025-06-29T11:46:34","guid":{"rendered":"https:\/\/uj.adatbank.ro\/lexikon\/termek\/kapitan-wagner-agnes\/"},"modified":"2025-06-29T13:46:34","modified_gmt":"2025-06-29T11:46:34","slug":"kapitan-wagner-agnes","status":"publish","type":"product","link":"https:\/\/uj.adatbank.ro\/lexikon\/termek\/kapitan-wagner-agnes\/","title":{"rendered":"KAPIT\u00c1N WAGNER \u00c1gnes"},"content":{"rendered":"<p>1939., \u2020 Bp., 2010. \u00e1pr. 4.: orvos. \u2013 A MOGYI orvosi kar\u00e1n v\u00e9gzett (1962). A ny\u00e1r\u00e1dszeredai k\u00f3rh\u00e1z igazgat\u00f3 orvosa volt. <br \/><strong>Irod.:<\/strong> Nekrol\u00f3g (N\u00fa., 2010. \u00e1pr..)<\/br><\/p>\n","protected":false},"excerpt":{"rendered":"<p>1939., \u2020 Bp., 2010. \u00e1pr. 4.: orvos. \u2013 A MOGYI orvosi kar\u00e1n v\u00e9gzett (1962). A ny\u00e1r\u00e1dszeredai k\u00f3rh\u00e1z igazgat\u00f3 orvosa volt. Irod.: Nekrol\u00f3g (N\u00fa., 2010. \u00e1pr..)<\/p>\n","protected":false},"featured_media":0,"comment_status":"open","ping_status":"closed","template":"","meta":[],"product_brand":[],"product_cat":[137],"product_tag":[],"class_list":{"0":"post-11241","1":"product","2":"type-product","3":"status-publish","5":"product_cat-maros-megyei-eletrajzi-lexikon","7":"first","8":"instock","9":"shipping-taxable","10":"product-type-simple"},"_links":{"self":[{"href":"https:\/\/uj.adatbank.ro\/lexikon\/wp-json\/wp\/v2\/product\/11241","targetHints":{"allow":["GET"]}}],"collection":[{"href":"https:\/\/uj.adatbank.ro\/lexikon\/wp-json\/wp\/v2\/product"}],"about":[{"href":"https:\/\/uj.adatbank.ro\/lexikon\/wp-json\/wp\/v2\/types\/product"}],"replies":[{"embeddable":true,"href":"https:\/\/uj.adatbank.ro\/lexikon\/wp-json\/wp\/v2\/comments?post=11241"}],"wp:attachment":[{"href":"https:\/\/uj.adatbank.ro\/lexikon\/wp-json\/wp\/v2\/media?parent=11241"}],"wp:term":[{"taxonomy":"product_brand","embeddable":true,"href":"https:\/\/uj.adatbank.ro\/lexikon\/wp-json\/wp\/v2\/product_brand?post=11241"},{"taxonomy":"product_cat","embeddable":true,"href":"https:\/\/uj.adatbank.ro\/lexikon\/wp-json\/wp\/v2\/product_cat?post=11241"},{"taxonomy":"product_tag","embeddable":true,"href":"https:\/\/uj.adatbank.ro\/lexikon\/wp-json\/wp\/v2\/product_tag?post=11241"}],"curies":[{"name":"wp","href":"https:\/\/api.w.org\/{rel}","templated":true}]}}