{"id":11242,"date":"2025-06-29T13:46:36","date_gmt":"2025-06-29T11:46:36","guid":{"rendered":"https:\/\/uj.adatbank.ro\/lexikon\/termek\/kapitany-andras-dr\/"},"modified":"2025-06-29T13:46:36","modified_gmt":"2025-06-29T11:46:36","slug":"kapitany-andras-dr","status":"publish","type":"product","link":"https:\/\/uj.adatbank.ro\/lexikon\/termek\/kapitany-andras-dr\/","title":{"rendered":"KAPIT\u00c1NY Andr\u00e1s, dr."},"content":{"rendered":"<p>1933. szept. 22., \u2020 Mv., 1973 : orvos. \u2013 Brass\u00f3ban v\u00e9gezte a k\u00f6z\u00e9piskol\u00e1t, Mv.-en volt orvos hallgat\u00f3 MOGYE-n. Munkahelyei: Bar\u00f3t, majd Mv.-en fog\u00e1sz szakorvos a Fog\u00e1szati Klinik\u00e1n. S\u00edrja a mv.-i Ref. temet\u0151ben. <br \/><strong>Irod.:<\/strong> Kiss\u2013P\u00e9terffy\u2013P\u00e9terffy; MOGYE<\/br><\/p>\n","protected":false},"excerpt":{"rendered":"<p>1933. szept. 22., \u2020 Mv., 1973 : orvos. \u2013 Brass\u00f3ban v\u00e9gezte a k\u00f6z\u00e9piskol\u00e1t, Mv.-en volt orvos hallgat\u00f3 MOGYE-n. Munkahelyei: Bar\u00f3t, majd Mv.-en fog\u00e1sz szakorvos a Fog\u00e1szati Klinik\u00e1n. S\u00edrja a mv.-i Ref. temet\u0151ben. Irod.: Kiss\u2013P\u00e9terffy\u2013P\u00e9terffy; MOGYE<\/p>\n","protected":false},"featured_media":0,"comment_status":"open","ping_status":"closed","template":"","meta":[],"product_brand":[],"product_cat":[137],"product_tag":[],"class_list":{"0":"post-11242","1":"product","2":"type-product","3":"status-publish","5":"product_cat-maros-megyei-eletrajzi-lexikon","7":"first","8":"instock","9":"shipping-taxable","10":"product-type-simple"},"_links":{"self":[{"href":"https:\/\/uj.adatbank.ro\/lexikon\/wp-json\/wp\/v2\/product\/11242","targetHints":{"allow":["GET"]}}],"collection":[{"href":"https:\/\/uj.adatbank.ro\/lexikon\/wp-json\/wp\/v2\/product"}],"about":[{"href":"https:\/\/uj.adatbank.ro\/lexikon\/wp-json\/wp\/v2\/types\/product"}],"replies":[{"embeddable":true,"href":"https:\/\/uj.adatbank.ro\/lexikon\/wp-json\/wp\/v2\/comments?post=11242"}],"wp:attachment":[{"href":"https:\/\/uj.adatbank.ro\/lexikon\/wp-json\/wp\/v2\/media?parent=11242"}],"wp:term":[{"taxonomy":"product_brand","embeddable":true,"href":"https:\/\/uj.adatbank.ro\/lexikon\/wp-json\/wp\/v2\/product_brand?post=11242"},{"taxonomy":"product_cat","embeddable":true,"href":"https:\/\/uj.adatbank.ro\/lexikon\/wp-json\/wp\/v2\/product_cat?post=11242"},{"taxonomy":"product_tag","embeddable":true,"href":"https:\/\/uj.adatbank.ro\/lexikon\/wp-json\/wp\/v2\/product_tag?post=11242"}],"curies":[{"name":"wp","href":"https:\/\/api.w.org\/{rel}","templated":true}]}}