{"id":11245,"date":"2025-06-29T13:46:42","date_gmt":"2025-06-29T11:46:42","guid":{"rendered":"https:\/\/uj.adatbank.ro\/lexikon\/termek\/kapp-martin\/"},"modified":"2025-06-29T13:46:42","modified_gmt":"2025-06-29T11:46:42","slug":"kapp-martin","status":"publish","type":"product","link":"https:\/\/uj.adatbank.ro\/lexikon\/termek\/kapp-martin\/","title":{"rendered":"KAPP Martin"},"content":{"rendered":"<p>Feh\u00e9regyh\u00e1z, 1840. jan. 20., \u2020 1904: lelk\u00e9sz. &#8211; Apja f\u00f6ldm\u0171ves. \u00c9retts\u00e9gizett Beszterc\u00e9n, Egyetemi tanulm\u00e1nyokat folytatott a B\u00e9csi Prot. Teol. Int\u00e9zet (1862\u201363, 1864), a B\u00e9csi Egy. B\u00f6lcs. Kar\u00e1n (1863, 1865), a T\u00fcbingeni Egy. Hittud. Kar\u00e1n (1863\u201364). Hazat\u00e9rve tan\u00e1r Beszterc\u00e9n majd lelk\u00e9sz Zsoln\u00e1n (1879\u20131904). <br \/><strong>Irod.:<\/strong> Szab\u00f3\u2013Simon\u2013Sz\u00f6gi<\/br><\/p>\n","protected":false},"excerpt":{"rendered":"<p>Feh\u00e9regyh\u00e1z, 1840. jan. 20., \u2020 1904: lelk\u00e9sz. &#8211; Apja f\u00f6ldm\u0171ves. \u00c9retts\u00e9gizett Beszterc\u00e9n, Egyetemi tanulm\u00e1nyokat folytatott a B\u00e9csi Prot. Teol. Int\u00e9zet (1862\u201363, 1864), a B\u00e9csi Egy. B\u00f6lcs. Kar\u00e1n (1863, 1865), a T\u00fcbingeni Egy. Hittud. Kar\u00e1n (1863\u201364). Hazat\u00e9rve tan\u00e1r Beszterc\u00e9n majd lelk\u00e9sz Zsoln\u00e1n (1879\u20131904). Irod.: Szab\u00f3\u2013Simon\u2013Sz\u00f6gi<\/p>\n","protected":false},"featured_media":0,"comment_status":"open","ping_status":"closed","template":"","meta":[],"product_brand":[],"product_cat":[137],"product_tag":[],"class_list":{"0":"post-11245","1":"product","2":"type-product","3":"status-publish","5":"product_cat-maros-megyei-eletrajzi-lexikon","7":"first","8":"instock","9":"shipping-taxable","10":"product-type-simple"},"_links":{"self":[{"href":"https:\/\/uj.adatbank.ro\/lexikon\/wp-json\/wp\/v2\/product\/11245","targetHints":{"allow":["GET"]}}],"collection":[{"href":"https:\/\/uj.adatbank.ro\/lexikon\/wp-json\/wp\/v2\/product"}],"about":[{"href":"https:\/\/uj.adatbank.ro\/lexikon\/wp-json\/wp\/v2\/types\/product"}],"replies":[{"embeddable":true,"href":"https:\/\/uj.adatbank.ro\/lexikon\/wp-json\/wp\/v2\/comments?post=11245"}],"wp:attachment":[{"href":"https:\/\/uj.adatbank.ro\/lexikon\/wp-json\/wp\/v2\/media?parent=11245"}],"wp:term":[{"taxonomy":"product_brand","embeddable":true,"href":"https:\/\/uj.adatbank.ro\/lexikon\/wp-json\/wp\/v2\/product_brand?post=11245"},{"taxonomy":"product_cat","embeddable":true,"href":"https:\/\/uj.adatbank.ro\/lexikon\/wp-json\/wp\/v2\/product_cat?post=11245"},{"taxonomy":"product_tag","embeddable":true,"href":"https:\/\/uj.adatbank.ro\/lexikon\/wp-json\/wp\/v2\/product_tag?post=11245"}],"curies":[{"name":"wp","href":"https:\/\/api.w.org\/{rel}","templated":true}]}}