{"id":11246,"date":"2025-06-29T13:46:43","date_gmt":"2025-06-29T11:46:43","guid":{"rendered":"https:\/\/uj.adatbank.ro\/lexikon\/termek\/kapronczai-gyorgy-kaprontzay\/"},"modified":"2025-06-29T13:46:43","modified_gmt":"2025-06-29T11:46:43","slug":"kapronczai-gyorgy-kaprontzay","status":"publish","type":"product","link":"https:\/\/uj.adatbank.ro\/lexikon\/termek\/kapronczai-gyorgy-kaprontzay\/","title":{"rendered":"KAPRONCZAI Gy\u00f6rgy, Kaprontzay"},"content":{"rendered":"<p>?, \u2020 Mv., 1746. j\u00fal. 23.: ref. lelk\u00e9sz. \u2013 S\u00e1rospatakon tanult. K\u00fclf\u00f6ldre menv\u00e9n, Franekerben volt egyetemi hallgat\u00f3 (1715. szept. 7. \u2013 1716 j\u00fan.). Ekkor visszaindult haz\u00e1j\u00e1ba, ahova \u0151sszel \u00e9rkezett meg. Tov\u00e1bbi sors\u00e1r\u00f3l csak annyit tudunk hogy Mv.-en volt els\u0151 pap, tan\u00edt\u00f3 hal\u00e1l\u00e1ig (1721\u20131746), bek\u00f6lt\u00f6z\u00f6tt Csabai Andr\u00e1s h\u00e1z\u00e1ba. \u2013 <strong>F. m.:<\/strong> Bonyhai Simon Gy\u00f6rgy felett mondott halotti pr\u00e9dik\u00e1czi\u00f3 \u00e9s b\u00facs\u00faz\u00f3 \u00e9nek, 1737. szept. 19. (Kv., 1738). <br \/><strong>Irod.:<\/strong> Halotti besz\u00e9dek; Id\u0151t\u00e1r 1; Marossz\u00e9ki kr\u00f3nik\u00e1k 1.; A mv.-i ref. egyh\u00e1z (1727\u2013) anyak\u00f6nyve [k\u00e9zirat]; Szinnyei; V\u00e1rtemplomi lelk\u00e9szek n\u00e9vsora, 1571\u20132000 (\u00daj Kezdet, 2. sz., 2000); Zov\u00e1nyi<\/br><\/p>\n","protected":false},"excerpt":{"rendered":"<p>?, \u2020 Mv., 1746. j\u00fal. 23.: ref. lelk\u00e9sz. \u2013 S\u00e1rospatakon tanult. K\u00fclf\u00f6ldre menv\u00e9n, Franekerben volt egyetemi hallgat\u00f3 (1715. szept. 7. \u2013 1716 j\u00fan.). Ekkor visszaindult haz\u00e1j\u00e1ba, ahova \u0151sszel \u00e9rkezett meg. Tov\u00e1bbi sors\u00e1r\u00f3l csak annyit tudunk hogy Mv.-en volt els\u0151 pap, tan\u00edt\u00f3 hal\u00e1l\u00e1ig (1721\u20131746), bek\u00f6lt\u00f6z\u00f6tt Csabai Andr\u00e1s h\u00e1z\u00e1ba. \u2013 F. m.: Bonyhai Simon Gy\u00f6rgy felett mondott [&hellip;]<\/p>\n","protected":false},"featured_media":0,"comment_status":"open","ping_status":"closed","template":"","meta":[],"product_brand":[],"product_cat":[137],"product_tag":[],"class_list":{"0":"post-11246","1":"product","2":"type-product","3":"status-publish","5":"product_cat-maros-megyei-eletrajzi-lexikon","7":"first","8":"instock","9":"shipping-taxable","10":"product-type-simple"},"_links":{"self":[{"href":"https:\/\/uj.adatbank.ro\/lexikon\/wp-json\/wp\/v2\/product\/11246","targetHints":{"allow":["GET"]}}],"collection":[{"href":"https:\/\/uj.adatbank.ro\/lexikon\/wp-json\/wp\/v2\/product"}],"about":[{"href":"https:\/\/uj.adatbank.ro\/lexikon\/wp-json\/wp\/v2\/types\/product"}],"replies":[{"embeddable":true,"href":"https:\/\/uj.adatbank.ro\/lexikon\/wp-json\/wp\/v2\/comments?post=11246"}],"wp:attachment":[{"href":"https:\/\/uj.adatbank.ro\/lexikon\/wp-json\/wp\/v2\/media?parent=11246"}],"wp:term":[{"taxonomy":"product_brand","embeddable":true,"href":"https:\/\/uj.adatbank.ro\/lexikon\/wp-json\/wp\/v2\/product_brand?post=11246"},{"taxonomy":"product_cat","embeddable":true,"href":"https:\/\/uj.adatbank.ro\/lexikon\/wp-json\/wp\/v2\/product_cat?post=11246"},{"taxonomy":"product_tag","embeddable":true,"href":"https:\/\/uj.adatbank.ro\/lexikon\/wp-json\/wp\/v2\/product_tag?post=11246"}],"curies":[{"name":"wp","href":"https:\/\/api.w.org\/{rel}","templated":true}]}}