{"id":11248,"date":"2025-06-29T13:46:48","date_gmt":"2025-06-29T11:46:48","guid":{"rendered":"https:\/\/uj.adatbank.ro\/lexikon\/termek\/kapronczai-nyerges-adam-kaprontzai-adamus\/"},"modified":"2025-06-29T13:46:48","modified_gmt":"2025-06-29T11:46:48","slug":"kapronczai-nyerges-adam-kaprontzai-adamus","status":"publish","type":"product","link":"https:\/\/uj.adatbank.ro\/lexikon\/termek\/kapronczai-nyerges-adam-kaprontzai-adamus\/","title":{"rendered":"KAPRONCZAI NYERGES \u00c1d\u00e1m, Kaprontzai Adamus"},"content":{"rendered":"<p>Mv., 1744., \u2020 Mv., 1786. j\u00fal. 17.: nyomd\u00e1sz, bet\u0171- \u00e9s r\u00e9zmetsz\u0151. \u2013 A nagyenyedi Bethlen Koll.-ban tanult, ahol Benk\u0151 J\u00f3zsefnek tanul\u00f3 \u00e9s lak\u00f3t\u00e1rsa volt. Triesztben kitanulta a bet\u0171\u00f6nt\u00e9st, metsz\u00e9st, nyomd\u00e1szatot. M\u00e1ria Ter\u00e9zia kir\u00e1lyn\u0151 megb\u00edz\u00e1\u00ads\u00e1b\u00f3l fel\u00faj\u00edtotta a trieszti \u00f6rm\u00e9ny nyomd\u00e1t, \u00e9s az \u0151 tan\u00e1cs\u00e1ra adta Kurzb\u00f6ck-h\u00f6z nyomtat\u00e1s v\u00e9gett Benk\u0151 J\u00f3zsef a h\u00edres Transilv\u00e1ni\u00e1j\u00e1t. Nyomd\u00e1sz Kv.-on (1769\u201372); A ref. egyh\u00e1zker\u00fclet t\u00e1mogat\u00e1s\u00e1val B\u00e9csben tanulta a k\u00f6nyvnyomtat\u00e1st- a Kurzb\u00f6ck officin\u00e1ban szed\u0151 \u00e9s \u00f6nt\u0151k\u00e9nt dolgozott (1772\u201376). Nagy tervekkel j\u00f6tt haza. Nagyenyeden megv\u00e1s\u00e1rolta a koll\u00e9gium nyomd\u00e1\u00adj\u00e1nak felszerel\u00e9s\u00e9t 400 forint\u00e9rt (1777). Nyomd\u00e1t akartak l\u00e9tes\u00edteni Nagyenyeden a koll. mellet s\u0151t Kv.-on is az \u0151 vezet\u00e9s\u00e9vel. M\u00e1s nyomd\u00e1k r\u00e9sz\u00e9re is dolgoz\u00f3 bet\u0171\u00f6nt\u0151 m\u0171helyek fel\u00e1ll\u00edt\u00e1s\u00e1t javasolta. Kv.-on dolgozott mint r\u00e9zmetsz\u0151, majd a ref. koll. nyomd\u00e1j\u00e1t vezette (1780\u201384). Val\u00f3sz\u00edn\u0171leg a ref. egyh\u00e1z nem k\u00edv\u00e1nta \u00fajabb nyomda fel\u00e1ll\u00edt\u00e1s\u00e1t sem Nagyenyeden sem Kv.-on, \u00edgy ker\u00fclt Mv. -re. II J\u00f3zseft\u0151l megkapta az enged\u00e9lyt (1785. m\u00e1j. 2.), \u00e9s megnyithatta Mv. els\u0151 nyomd\u00e1j\u00e1t (1786). Itt a nagyenyedr\u0151l hozott bet\u0171kkel dolgozott. A nyomda k\u00e9szlet\u00e9r\u0151l felvett lelt\u00e1rb\u00f3l tudhat\u00f3, hogy a 34 f\u00e9le bet\u0171t\u00edpus k\u00f6z\u00f6tt a latin, g\u00f6r\u00f6g, \u00f6rm\u00e9ny, h\u00e9ber bet\u00fck mellett voltak a rom\u00e1n (cirill) \u00edr\u00e1sjelek is. Kiadta a gr. Toldalagi Ferencn\u00e9 br. B\u00e1nffy Kata f\u00f6l\u00f6tt mondott halotti besz\u00e9det, az els\u0151 s tal\u00e1n utols\u00f3 k\u00f6nyvet Mv.-en (1786), mert az \u00e9vben meg is halt. Hal\u00e1la ut\u00e1n a nyomd\u00e1t dr. M\u00e1tyus Istv\u00e1n orvos v\u00e1s\u00e1rolta meg, aki v\u00e9grendelet\u00e9ben a ref. koll. -nak hagyta (1800, 1802). \u2013 <strong>F. m.:<\/strong> Characteres typographici, quos \u2026 in Typographia Caesareo-Regia Aulica linguarum apud Josephum Kurzb\u00f6ck \u2026 sculpsit et omnimode praeparavit (Vindobonae, 1774). <br \/><strong>Irod.:<\/strong> Az els\u0151 mv.-i nyomda t\u00f6rt\u00e9net\u00e9hez (1785) = Kelemen Lajos 2006; Dankanits \u00c1d\u00e1m: Adatok a XVIII. sz\u00e1zadi enyedi nyomda t\u00f6rt\u00e9net\u00e9hez (Nyelv- \u00e9s Irodalomtud. K\u00f6zlm. [Kolozsv\u00e1r], 1960); De\u00e9 Nagy Anik\u00f3: A mv.-i Ref. Koll. k\u00f6nyvnyomd\u00e1ja (N\u00fa., 1993. szept. 29.); Ecsedy Judit: A k\u00f6nyvnyomtat\u00e1s t\u00f6rt\u00e9nete Magyarorsz\u00e1gon a k\u00e9zisajt\u00f3 kor\u00e1ban 1473\u20131800 (Bp., 1999); Encyc. Hung.; Erd\u00e9lyi f\u00e9niks; Er\u0151s v\u00e1runk; Id\u0151t\u00e1r 1; Kelemen Lajos 2006 ; Koncz J\u00f3zsef; Kr\u00f3n. F\u00fcz. (1939. 4\/9); MAM\u0170L; M\u00c9L; Moln\u00e1r; Nov\u00e1k; P\u00e1l-Antal 2009; RMK III\/18. sz.; Pusztai; Sebesty\u00e9n Mih\u00e1ly: A v\u00e1s\u00e1rhelyi Gutenberg (V. Z., 1986. m\u00e1rc. 30.); Steinhofer; Szab\u00f3\u2013K\u00e1llai; Szentk\u00faty P\u00e1l: R\u00e9gi hazai nyomd\u00e1k mintak\u00f6nyvei (Bp., 1940); Tam\u00e1si 2022; \u00daM\u00c9L; V. Ecsedy Judit: Amv.-i k\u00f6nyvnyomtat\u00e1s kezdetei = Telekiek; Szab\u00f3\u2013K\u00e1llai<\/br><\/p>\n","protected":false},"excerpt":{"rendered":"<p>Mv., 1744., \u2020 Mv., 1786. j\u00fal. 17.: nyomd\u00e1sz, bet\u0171- \u00e9s r\u00e9zmetsz\u0151. \u2013 A nagyenyedi Bethlen Koll.-ban tanult, ahol Benk\u0151 J\u00f3zsefnek tanul\u00f3 \u00e9s lak\u00f3t\u00e1rsa volt. Triesztben kitanulta a bet\u0171\u00f6nt\u00e9st, metsz\u00e9st, nyomd\u00e1szatot. M\u00e1ria Ter\u00e9zia kir\u00e1lyn\u0151 megb\u00edz\u00e1\u00ads\u00e1b\u00f3l fel\u00faj\u00edtotta a trieszti \u00f6rm\u00e9ny nyomd\u00e1t, \u00e9s az \u0151 tan\u00e1cs\u00e1ra adta Kurzb\u00f6ck-h\u00f6z nyomtat\u00e1s v\u00e9gett Benk\u0151 J\u00f3zsef a h\u00edres Transilv\u00e1ni\u00e1j\u00e1t. Nyomd\u00e1sz Kv.-on (1769\u201372); [&hellip;]<\/p>\n","protected":false},"featured_media":0,"comment_status":"open","ping_status":"closed","template":"","meta":[],"product_brand":[],"product_cat":[137],"product_tag":[],"class_list":{"0":"post-11248","1":"product","2":"type-product","3":"status-publish","5":"product_cat-maros-megyei-eletrajzi-lexikon","7":"first","8":"instock","9":"shipping-taxable","10":"product-type-simple"},"_links":{"self":[{"href":"https:\/\/uj.adatbank.ro\/lexikon\/wp-json\/wp\/v2\/product\/11248","targetHints":{"allow":["GET"]}}],"collection":[{"href":"https:\/\/uj.adatbank.ro\/lexikon\/wp-json\/wp\/v2\/product"}],"about":[{"href":"https:\/\/uj.adatbank.ro\/lexikon\/wp-json\/wp\/v2\/types\/product"}],"replies":[{"embeddable":true,"href":"https:\/\/uj.adatbank.ro\/lexikon\/wp-json\/wp\/v2\/comments?post=11248"}],"wp:attachment":[{"href":"https:\/\/uj.adatbank.ro\/lexikon\/wp-json\/wp\/v2\/media?parent=11248"}],"wp:term":[{"taxonomy":"product_brand","embeddable":true,"href":"https:\/\/uj.adatbank.ro\/lexikon\/wp-json\/wp\/v2\/product_brand?post=11248"},{"taxonomy":"product_cat","embeddable":true,"href":"https:\/\/uj.adatbank.ro\/lexikon\/wp-json\/wp\/v2\/product_cat?post=11248"},{"taxonomy":"product_tag","embeddable":true,"href":"https:\/\/uj.adatbank.ro\/lexikon\/wp-json\/wp\/v2\/product_tag?post=11248"}],"curies":[{"name":"wp","href":"https:\/\/api.w.org\/{rel}","templated":true}]}}