{"id":11250,"date":"2025-06-29T13:46:51","date_gmt":"2025-06-29T11:46:51","guid":{"rendered":"https:\/\/uj.adatbank.ro\/lexikon\/termek\/kapusi-jozsef-iosif\/"},"modified":"2025-06-29T13:46:51","modified_gmt":"2025-06-29T11:46:51","slug":"kapusi-jozsef-iosif","status":"publish","type":"product","link":"https:\/\/uj.adatbank.ro\/lexikon\/termek\/kapusi-jozsef-iosif\/","title":{"rendered":"KAPUSI J\u00f3zsef, Iosif"},"content":{"rendered":"<p>?, \u2020 ?: a MAT P\u00e1rtb\u00fcr\u00f3j\u00e1nak tagja (1952), a mez\u0151gazdas\u00e1g\u00e9rt felel\u0151s a MAT n\u00e9ptan\u00e1cs\u00e1ban (1954 k.). A mv.-i Rangetz J\u00f3zsef Marxista-Leninista Esti Egyetem oktat\u00f3ja (1952\u2013). <br \/><strong>Irod.:<\/strong> Bottoni 2008; Gagyi J\u00f3zsef: Egy munkaterv 1952-b\u0151l: A MAT sz\u00fclet\u00e9se (Sz\u00e9kelyf\u00f6ld, 9. sz., 2002. szept.)<\/br><\/p>\n","protected":false},"excerpt":{"rendered":"<p>?, \u2020 ?: a MAT P\u00e1rtb\u00fcr\u00f3j\u00e1nak tagja (1952), a mez\u0151gazdas\u00e1g\u00e9rt felel\u0151s a MAT n\u00e9ptan\u00e1cs\u00e1ban (1954 k.). A mv.-i Rangetz J\u00f3zsef Marxista-Leninista Esti Egyetem oktat\u00f3ja (1952\u2013). Irod.: Bottoni 2008; Gagyi J\u00f3zsef: Egy munkaterv 1952-b\u0151l: A MAT sz\u00fclet\u00e9se (Sz\u00e9kelyf\u00f6ld, 9. sz., 2002. szept.)<\/p>\n","protected":false},"featured_media":0,"comment_status":"open","ping_status":"closed","template":"","meta":[],"product_brand":[],"product_cat":[137],"product_tag":[],"class_list":{"0":"post-11250","1":"product","2":"type-product","3":"status-publish","5":"product_cat-maros-megyei-eletrajzi-lexikon","7":"first","8":"instock","9":"shipping-taxable","10":"product-type-simple"},"_links":{"self":[{"href":"https:\/\/uj.adatbank.ro\/lexikon\/wp-json\/wp\/v2\/product\/11250","targetHints":{"allow":["GET"]}}],"collection":[{"href":"https:\/\/uj.adatbank.ro\/lexikon\/wp-json\/wp\/v2\/product"}],"about":[{"href":"https:\/\/uj.adatbank.ro\/lexikon\/wp-json\/wp\/v2\/types\/product"}],"replies":[{"embeddable":true,"href":"https:\/\/uj.adatbank.ro\/lexikon\/wp-json\/wp\/v2\/comments?post=11250"}],"wp:attachment":[{"href":"https:\/\/uj.adatbank.ro\/lexikon\/wp-json\/wp\/v2\/media?parent=11250"}],"wp:term":[{"taxonomy":"product_brand","embeddable":true,"href":"https:\/\/uj.adatbank.ro\/lexikon\/wp-json\/wp\/v2\/product_brand?post=11250"},{"taxonomy":"product_cat","embeddable":true,"href":"https:\/\/uj.adatbank.ro\/lexikon\/wp-json\/wp\/v2\/product_cat?post=11250"},{"taxonomy":"product_tag","embeddable":true,"href":"https:\/\/uj.adatbank.ro\/lexikon\/wp-json\/wp\/v2\/product_tag?post=11250"}],"curies":[{"name":"wp","href":"https:\/\/api.w.org\/{rel}","templated":true}]}}