{"id":11253,"date":"2025-06-29T13:46:59","date_gmt":"2025-06-29T11:46:59","guid":{"rendered":"https:\/\/uj.adatbank.ro\/lexikon\/termek\/kapussy-antal\/"},"modified":"2025-06-29T13:46:59","modified_gmt":"2025-06-29T11:46:59","slug":"kapussy-antal","status":"publish","type":"product","link":"https:\/\/uj.adatbank.ro\/lexikon\/termek\/kapussy-antal\/","title":{"rendered":"KAPUSSY Antal,"},"content":{"rendered":"<p>? \u2020 ?: orvos, tan\u00e1r. <br \/><strong>Irod.:<\/strong> G\u00e1ll Ern\u0151. Az \u201eutols\u00f3\u201d k\u00f6z\u00e9p-eur\u00f3pai= Korunk, 1999. 1. 114\u2013115.<\/br><\/p>\n","protected":false},"excerpt":{"rendered":"<p>? \u2020 ?: orvos, tan\u00e1r. Irod.: G\u00e1ll Ern\u0151. Az \u201eutols\u00f3\u201d k\u00f6z\u00e9p-eur\u00f3pai= Korunk, 1999. 1. 114\u2013115.<\/p>\n","protected":false},"featured_media":0,"comment_status":"open","ping_status":"closed","template":"","meta":[],"product_brand":[],"product_cat":[137],"product_tag":[],"class_list":{"0":"post-11253","1":"product","2":"type-product","3":"status-publish","5":"product_cat-maros-megyei-eletrajzi-lexikon","7":"first","8":"instock","9":"shipping-taxable","10":"product-type-simple"},"_links":{"self":[{"href":"https:\/\/uj.adatbank.ro\/lexikon\/wp-json\/wp\/v2\/product\/11253","targetHints":{"allow":["GET"]}}],"collection":[{"href":"https:\/\/uj.adatbank.ro\/lexikon\/wp-json\/wp\/v2\/product"}],"about":[{"href":"https:\/\/uj.adatbank.ro\/lexikon\/wp-json\/wp\/v2\/types\/product"}],"replies":[{"embeddable":true,"href":"https:\/\/uj.adatbank.ro\/lexikon\/wp-json\/wp\/v2\/comments?post=11253"}],"wp:attachment":[{"href":"https:\/\/uj.adatbank.ro\/lexikon\/wp-json\/wp\/v2\/media?parent=11253"}],"wp:term":[{"taxonomy":"product_brand","embeddable":true,"href":"https:\/\/uj.adatbank.ro\/lexikon\/wp-json\/wp\/v2\/product_brand?post=11253"},{"taxonomy":"product_cat","embeddable":true,"href":"https:\/\/uj.adatbank.ro\/lexikon\/wp-json\/wp\/v2\/product_cat?post=11253"},{"taxonomy":"product_tag","embeddable":true,"href":"https:\/\/uj.adatbank.ro\/lexikon\/wp-json\/wp\/v2\/product_tag?post=11253"}],"curies":[{"name":"wp","href":"https:\/\/api.w.org\/{rel}","templated":true}]}}