{"id":11254,"date":"2025-06-29T13:47:00","date_gmt":"2025-06-29T11:47:00","guid":{"rendered":"https:\/\/uj.adatbank.ro\/lexikon\/termek\/kapussy-dezso-kapusi\/"},"modified":"2025-06-29T13:47:00","modified_gmt":"2025-06-29T11:47:00","slug":"kapussy-dezso-kapusi","status":"publish","type":"product","link":"https:\/\/uj.adatbank.ro\/lexikon\/termek\/kapussy-dezso-kapusi\/","title":{"rendered":"KAPUSSY Dezs\u0151, Kapusi"},"content":{"rendered":"<p>Sz\u00e1szr\u00e9gen, ? \u2020 ?: \u00fcgyv\u00e9d Sz\u00e1szr\u00e9genben. \u2013 Szamos\u00fajv\u00e1ron volt politikai fogoly (1947\u201348). <br \/><strong>Irod.:<\/strong> Akik im\u00e1dkoztak 2.<\/br><\/p>\n","protected":false},"excerpt":{"rendered":"<p>Sz\u00e1szr\u00e9gen, ? \u2020 ?: \u00fcgyv\u00e9d Sz\u00e1szr\u00e9genben. \u2013 Szamos\u00fajv\u00e1ron volt politikai fogoly (1947\u201348). Irod.: Akik im\u00e1dkoztak 2.<\/p>\n","protected":false},"featured_media":0,"comment_status":"open","ping_status":"closed","template":"","meta":[],"product_brand":[],"product_cat":[137],"product_tag":[],"class_list":{"0":"post-11254","1":"product","2":"type-product","3":"status-publish","5":"product_cat-maros-megyei-eletrajzi-lexikon","7":"first","8":"instock","9":"shipping-taxable","10":"product-type-simple"},"_links":{"self":[{"href":"https:\/\/uj.adatbank.ro\/lexikon\/wp-json\/wp\/v2\/product\/11254","targetHints":{"allow":["GET"]}}],"collection":[{"href":"https:\/\/uj.adatbank.ro\/lexikon\/wp-json\/wp\/v2\/product"}],"about":[{"href":"https:\/\/uj.adatbank.ro\/lexikon\/wp-json\/wp\/v2\/types\/product"}],"replies":[{"embeddable":true,"href":"https:\/\/uj.adatbank.ro\/lexikon\/wp-json\/wp\/v2\/comments?post=11254"}],"wp:attachment":[{"href":"https:\/\/uj.adatbank.ro\/lexikon\/wp-json\/wp\/v2\/media?parent=11254"}],"wp:term":[{"taxonomy":"product_brand","embeddable":true,"href":"https:\/\/uj.adatbank.ro\/lexikon\/wp-json\/wp\/v2\/product_brand?post=11254"},{"taxonomy":"product_cat","embeddable":true,"href":"https:\/\/uj.adatbank.ro\/lexikon\/wp-json\/wp\/v2\/product_cat?post=11254"},{"taxonomy":"product_tag","embeddable":true,"href":"https:\/\/uj.adatbank.ro\/lexikon\/wp-json\/wp\/v2\/product_tag?post=11254"}],"curies":[{"name":"wp","href":"https:\/\/api.w.org\/{rel}","templated":true}]}}