{"id":11256,"date":"2025-06-29T13:47:05","date_gmt":"2025-06-29T11:47:05","guid":{"rendered":"https:\/\/uj.adatbank.ro\/lexikon\/termek\/kapusy-antal-dr-kapussy-antal\/"},"modified":"2025-06-29T13:47:05","modified_gmt":"2025-06-29T11:47:05","slug":"kapusy-antal-dr-kapussy-antal","status":"publish","type":"product","link":"https:\/\/uj.adatbank.ro\/lexikon\/termek\/kapusy-antal-dr-kapussy-antal\/","title":{"rendered":"KAPUSY Antal, dr., Kapussy Antal"},"content":{"rendered":"<p>Temesv\u00e1r, 1929. \u00e1pr. 13., \u2020 El\u0151patak (Har.), 1978. j\u00fan. 20.: orvos, egyetemi tan\u00e1r, szak\u00edr\u00f3, m\u0171ford\u00edt\u00f3, szerkeszt\u0151. Feles\u00e9ge: 1. Zolt\u00e1n Ildik\u00f3, magyar szakos tan\u00e1rn\u0151; 2. Papp Enik\u0151. \u2013 K\u00f6z\u00e9piskol\u00e1it sz\u00fcl\u0151v\u00e1ros\u00e1ban v\u00e9gezte (1947); orvosi oklevel\u00e9t Mv.-en az OGYI-n szerezte (1954); Mv.-en az OGYI Mikr\u00f3biol\u00f3giai Tansz\u00e9ken gyakornok (1954\u2013); az \u00c9lettani Katedr\u00e1n laborat\u00f3riumi f\u0151n\u00f6k, tan\u00e1rseg\u00e9d (1957\u201371); s\u00falyos betegs\u00e9ge (izomsorvad\u00e1ban szenvedett) miatt nyugd\u00edjazt\u00e1k (1971). Marosszentgy\u00f6rgyre, majd Gyimesk\u00f6z\u00e9plokra k\u00f6lt\u00f6z\u00f6tt, ahol tudom\u00e1nyos \u00e9s ismeretterjeszt\u0151 irodalmi tev\u00e9kenys\u00e9get folytatott. Feladat\u00e1nak tartotta az orvostudom\u00e1ny n\u00e9pszer\u0171s\u00edt\u00e9s\u00e9t a Falvak Dolgoz\u00f3 N\u00e9pe, Hargita, Megyei T\u00fck\u00f6r, A H\u00e9t, Utunk, Korunk has\u00e1bjain eg\u00e9szs\u00e9g\u00fcgyi tan\u00e1csad\u00e1st folytatott. \u00c9rdekl\u0151d\u00e9s\u00e9nek k\u00f6z\u00e9ppontj\u00e1ban az \u00f6reged\u00e9s \u00e9let- \u00e9s l\u00e9lektana \u00e1llt, orvosi gerontol\u00f3giai, biol\u00f3giai, t\u00e1rsadaloml\u00e9lektani \u00edr\u00e1saival jelentkezett Ezek k\u00f6z\u00fcl kiemelkedik a Korunkban megjelent Az \u00f6reged\u00e9s l\u00e9lektana (1971\/9), A pszichoszf\u00e9ra v\u00e9delm\u00e9ben (1972\/11) s G\u00e9nk\u00e9szlet \u00e9s magatart\u00e1s (I\u2013II. 1976\/7, 8) c. tanulm\u00e1nya, valamint A H\u00e9tben k\u00f6z\u00f6lt Az \u00e9n vez\u00e9rem bens\u0151mb\u0151l vez\u00e9rel (1978\/13), a TETT legels\u0151 sz\u00e1m\u00e1ban (1977) a Szab\u00e1lyozott \u00f6reged\u00e9s. Eszperantista volt, n\u00e9metb\u0151l \u00e9s a lengyel irodalomb\u00f3l v\u00e1logatott verseket, novell\u00e1kat \u00e9s reg\u00e9nyr\u00e9szleteket ford\u00edtott, sz\u00e9pirodalmi ismertet\u00e9seit az Utunk, Korunk k\u00f6z\u00f6lte. A Kriterion Korunk k\u00f6nyvek c. sorozat\u00e1nak szerkeszt\u0151bizotts\u00e1gi tagja (1976\u2013). Sz\u00e9lesk\u00f6r\u0171 levelez\u00e9st folytatott kora jelent\u0151s irodalm\u00e1raival (F\u00e1bry Zolt\u00e1n, N\u00e9meth L\u00e1szl\u00f3 stb.). \u2013 <strong>F. m.:<\/strong> Az \u00f6reged\u00e9s tudom\u00e1nya (Buk., 1974). <br \/><strong>Irod.:<\/strong> Korunk \u00e9vk\u00f6nyv (1980); Moln\u00e1r Guszt\u00e1v nekrol\u00f3gja (A H\u00e9t 1978\/27), Barab\u00e1s-P\u00e9ter M.\u2013P\u00e9ter H. M.; Kiss Cs. M 4.; RMIL; Sz\u00e1molok a kisz\u00e1m\u00edthatalans\u00e1ggal \/ Ferenczes Istv\u00e1n besz\u00e9lget\u00e9se G\u00e1lfalvi Gy\u00f6rggyel (Sz\u00e9kelyf\u00f6ld, 4. sz., 2012), G\u00e1ll Ern\u0151 b\u00facs\u00faztat\u00f3ja: Hagyat\u00e9ka: \u201eszellemerk\u00f6lcs\u201d<\/br><\/p>\n","protected":false},"excerpt":{"rendered":"<p>Temesv\u00e1r, 1929. \u00e1pr. 13., \u2020 El\u0151patak (Har.), 1978. j\u00fan. 20.: orvos, egyetemi tan\u00e1r, szak\u00edr\u00f3, m\u0171ford\u00edt\u00f3, szerkeszt\u0151. Feles\u00e9ge: 1. Zolt\u00e1n Ildik\u00f3, magyar szakos tan\u00e1rn\u0151; 2. Papp Enik\u0151. \u2013 K\u00f6z\u00e9piskol\u00e1it sz\u00fcl\u0151v\u00e1ros\u00e1ban v\u00e9gezte (1947); orvosi oklevel\u00e9t Mv.-en az OGYI-n szerezte (1954); Mv.-en az OGYI Mikr\u00f3biol\u00f3giai Tansz\u00e9ken gyakornok (1954\u2013); az \u00c9lettani Katedr\u00e1n laborat\u00f3riumi f\u0151n\u00f6k, tan\u00e1rseg\u00e9d (1957\u201371); s\u00falyos betegs\u00e9ge (izomsorvad\u00e1ban [&hellip;]<\/p>\n","protected":false},"featured_media":0,"comment_status":"open","ping_status":"closed","template":"","meta":[],"product_brand":[],"product_cat":[137],"product_tag":[],"class_list":{"0":"post-11256","1":"product","2":"type-product","3":"status-publish","5":"product_cat-maros-megyei-eletrajzi-lexikon","7":"first","8":"instock","9":"shipping-taxable","10":"product-type-simple"},"_links":{"self":[{"href":"https:\/\/uj.adatbank.ro\/lexikon\/wp-json\/wp\/v2\/product\/11256","targetHints":{"allow":["GET"]}}],"collection":[{"href":"https:\/\/uj.adatbank.ro\/lexikon\/wp-json\/wp\/v2\/product"}],"about":[{"href":"https:\/\/uj.adatbank.ro\/lexikon\/wp-json\/wp\/v2\/types\/product"}],"replies":[{"embeddable":true,"href":"https:\/\/uj.adatbank.ro\/lexikon\/wp-json\/wp\/v2\/comments?post=11256"}],"wp:attachment":[{"href":"https:\/\/uj.adatbank.ro\/lexikon\/wp-json\/wp\/v2\/media?parent=11256"}],"wp:term":[{"taxonomy":"product_brand","embeddable":true,"href":"https:\/\/uj.adatbank.ro\/lexikon\/wp-json\/wp\/v2\/product_brand?post=11256"},{"taxonomy":"product_cat","embeddable":true,"href":"https:\/\/uj.adatbank.ro\/lexikon\/wp-json\/wp\/v2\/product_cat?post=11256"},{"taxonomy":"product_tag","embeddable":true,"href":"https:\/\/uj.adatbank.ro\/lexikon\/wp-json\/wp\/v2\/product_tag?post=11256"}],"curies":[{"name":"wp","href":"https:\/\/api.w.org\/{rel}","templated":true}]}}