{"id":11259,"date":"2025-06-29T13:47:09","date_gmt":"2025-06-29T11:47:09","guid":{"rendered":"https:\/\/uj.adatbank.ro\/lexikon\/termek\/karacson-istvan\/"},"modified":"2025-06-29T13:47:09","modified_gmt":"2025-06-29T11:47:09","slug":"karacson-istvan","status":"publish","type":"product","link":"https:\/\/uj.adatbank.ro\/lexikon\/termek\/karacson-istvan\/","title":{"rendered":"KAR\u00c1CSON Istv\u00e1n"},"content":{"rendered":"<p>Erd\u0151szentgy\u00f6rgy, 1893., \u2020 ? : keresked\u0151. \u2013 K. M\u00e1rton \u00e9s Izmael M\u00e1ria fia. Feles\u00e9ge: Jakabfy Ilona (1904-?), ah\u00e1bor\u00fa ut\u00e1nt\u00f3l. Le\u00e1nyuk: Anna. \u2013 Brass\u00f3ban \u00e9retts\u00e9gizett, keresked\u00e9st az apja \u00fczlet\u00e9ben tanult. R\u00e9sztvett az I. vh.-ban a 2. honv\u00e9d gyalog ezredben az orosz fronton harcolt, majd tisztvisel\u0151 a b\u00e9csi had\u00fcgyminiszt\u00e9riumban. <br \/><strong>Irod.:<\/strong> Sz\u00e1va 2012<\/br><\/p>\n","protected":false},"excerpt":{"rendered":"<p>Erd\u0151szentgy\u00f6rgy, 1893., \u2020 ? : keresked\u0151. \u2013 K. M\u00e1rton \u00e9s Izmael M\u00e1ria fia. Feles\u00e9ge: Jakabfy Ilona (1904-?), ah\u00e1bor\u00fa ut\u00e1nt\u00f3l. Le\u00e1nyuk: Anna. \u2013 Brass\u00f3ban \u00e9retts\u00e9gizett, keresked\u00e9st az apja \u00fczlet\u00e9ben tanult. R\u00e9sztvett az I. vh.-ban a 2. honv\u00e9d gyalog ezredben az orosz fronton harcolt, majd tisztvisel\u0151 a b\u00e9csi had\u00fcgyminiszt\u00e9riumban. Irod.: Sz\u00e1va 2012<\/p>\n","protected":false},"featured_media":0,"comment_status":"open","ping_status":"closed","template":"","meta":[],"product_brand":[],"product_cat":[137],"product_tag":[],"class_list":{"0":"post-11259","1":"product","2":"type-product","3":"status-publish","5":"product_cat-maros-megyei-eletrajzi-lexikon","7":"first","8":"instock","9":"shipping-taxable","10":"product-type-simple"},"_links":{"self":[{"href":"https:\/\/uj.adatbank.ro\/lexikon\/wp-json\/wp\/v2\/product\/11259","targetHints":{"allow":["GET"]}}],"collection":[{"href":"https:\/\/uj.adatbank.ro\/lexikon\/wp-json\/wp\/v2\/product"}],"about":[{"href":"https:\/\/uj.adatbank.ro\/lexikon\/wp-json\/wp\/v2\/types\/product"}],"replies":[{"embeddable":true,"href":"https:\/\/uj.adatbank.ro\/lexikon\/wp-json\/wp\/v2\/comments?post=11259"}],"wp:attachment":[{"href":"https:\/\/uj.adatbank.ro\/lexikon\/wp-json\/wp\/v2\/media?parent=11259"}],"wp:term":[{"taxonomy":"product_brand","embeddable":true,"href":"https:\/\/uj.adatbank.ro\/lexikon\/wp-json\/wp\/v2\/product_brand?post=11259"},{"taxonomy":"product_cat","embeddable":true,"href":"https:\/\/uj.adatbank.ro\/lexikon\/wp-json\/wp\/v2\/product_cat?post=11259"},{"taxonomy":"product_tag","embeddable":true,"href":"https:\/\/uj.adatbank.ro\/lexikon\/wp-json\/wp\/v2\/product_tag?post=11259"}],"curies":[{"name":"wp","href":"https:\/\/api.w.org\/{rel}","templated":true}]}}