{"id":11260,"date":"2025-06-29T13:47:11","date_gmt":"2025-06-29T11:47:11","guid":{"rendered":"https:\/\/uj.adatbank.ro\/lexikon\/termek\/karacson-marton-karacsony-marton-karacsonyi-marton\/"},"modified":"2025-06-29T13:47:11","modified_gmt":"2025-06-29T11:47:11","slug":"karacson-marton-karacsony-marton-karacsonyi-marton","status":"publish","type":"product","link":"https:\/\/uj.adatbank.ro\/lexikon\/termek\/karacson-marton-karacsony-marton-karacsonyi-marton\/","title":{"rendered":"KAR\u00c1CSON M\u00e1rton, Kar\u00e1csony M\u00e1rton, Kar\u00e1csonyi M\u00e1rton"},"content":{"rendered":"<p>Gyergy\u00f3szentmikl\u00f3s, 1842. febr. 27., \u2020 Gyergy\u00f3szentmikl\u00f3s, 1922. febr. 25.: r. k. pl\u00e9b\u00e1nos, tan\u00e1r, iskola-igazgat\u00f3. \u2013 K\u00f6z\u00e9piskolai tanulm\u00e1nyait Gyergy\u00f3szentmikl\u00f3son, a teol\u00f3gi\u00e1t Gyulafeh\u00e9rv\u00e1ron v\u00e9gezte. Papp\u00e1 szentelt\u00e9k (1867. aug. 15.). Tordai k\u00e1pl\u00e1n, tan\u00e1r Zalatn\u00e1n \u00e9s Gyulafeh\u00e9rv\u00e1ron. A mv.-i gimn. \u00e9s fi\u00fanevel\u0151 int\u00e9zet r\u00e9gens-tan\u00e1ra (1875\u2013), majd igazgat\u00f3ja (1884\u20131899). Igazgat\u00f3s\u00e1ga alatt a nagygimn. f\u0151gimn. -m\u00e1 v\u00e1lt. \u00c9s a tantest\u00fclet t\u00f6bb szaktan\u00e1rral is kieg\u00e9sz\u00fclt, b\u0151v\u00fclt a tanfelszerel\u00e9sek, szeml\u00e9ltet\u0151 eszk\u00f6z\u00f6k t\u00e1ra \u00e9s a k\u00f6nyvt\u00e1r. Kov\u00e1cs Ferenc marosi f\u0151esperes ut\u00f3da, megv\u00e1lasztott\u00e1k pl\u00e9b\u00e1nosnak, esperesnek \u00e9s f\u0151esperesnek \u00e9s f\u0151gimn.-i p\u00fcsp\u00f6ki biztosnak (1899. j\u00fal. 13. \u2013 1920). A k\u00f3rh\u00e1zi lelkigondoz\u00e1s mv.-i kezdem\u00e9nyez\u0151je (1902\u2013). Munk\u00e1ss\u00e1g\u00e1nak, \u00e9rdemeinek elismer\u00e9s\u00e9\u00fcl kapta a p\u00fcsp\u00f6kt\u0151l a meszesi ap\u00e1t c\u00edmet (1900), a p\u00e1p\u00e1t\u00f3l a prel\u00e1tusi m\u00e9lt\u00f3s\u00e1got (1911), aranymis\u00e9s pap (1917), a kir\u00e1lyt\u00f3l a Ferenc J\u00f3zsef-rend k\u00f6z\u00e9pkeresztj\u00e9t (1918), az Erd\u00e9lyi R. K. St\u00e1tus igazgat\u00f3tan\u00e1csosa (1899). Nyugalomba vonult, \u0151t Jaross B\u00e9la k\u00f6vette (1920. jan. 1. \u2013). Meg\u00edrta a mv.-i gimn. t\u00f6rt\u00e9net\u00e9t, a mv.-i jezsuita misszi\u00f3 latin nyelv\u0171 Historia Domus\u00e1nak m. nyelv\u0171 tartalmi kivonat\u00e1t \u00e9s \u00f6ssze\u00e1ll\u00edtotta a pl\u00e9b\u00e1nia 19. sz.-i t\u00f6rt\u00e9net\u00e9t a saj\u00e1t tev\u00e9kenys\u00e9g\u00e9nek a v\u00e9g\u00e9ig. A pl\u00e9b\u00e1nia k\u00f6nyvt\u00e1r\u00e1nak aj\u00e1nd\u00e9kozta saj\u00e1t k\u00f6nyvt\u00e1r\u00e1t. \u2013 <strong>F. m.:<\/strong> H\u00e1rom nagyheti elm\u00e9lked\u00e9s, melyet a tanul\u00f3-ifj\u00fas\u00e1g husv\u00e9ti szent gyakorlatai alkalm\u00e1b\u00f3l tartott (Mv., 1878); A negyvenedik m\u00e1rcius 15. (Mv., 1888); A Mv.-i r\u00f3m. kath. Gymnasium \u00e9s nevel\u0151h\u00e1z t\u00f6rt\u00e9nete (Mv., 1896); Historia Domus [1697] 1899\u20131920. <strong>antol\u00f3g.:<\/strong> Eml\u00e9klapok De\u00e1k Lajos kir. Tan\u00e1csos tanfel\u00fcgyel\u0151 huszon\u00f6t\u00e9ves jubileuma alkalm\u00e1b\u00f3l (Mv., 1908). <br \/><strong>Irod.:<\/strong> Bak\u00f3 Csongor-Istv\u00e1n: R\u00f3mai katolikus k\u00f3rh\u00e1zi lelkigondoz\u00e1s Mv.-en \u2013 t\u00f6rt\u00e9neti \u00e1ttekint\u00e9s (K\u00f6zpont, 1911. j\u00fan. 1\u20137); Ferenczi S\u00e1ndor 2009; F\u00fcl\u00f6p\u2013Ferencz; Ghibu; Guly\u00e1s; Gy\u00e1szjelent\u0151; H\u00edrek (Marosv\u00e1s\u00e1rhely, 1911. nov. 1.); Id\u0151t\u00e1r 2; Barab\u00e1s Kisanna. 2009; L\u00e9sty\u00e1n Ferenc; Maros-k\u00fck\u00fcll\u0151i f\u0151esp.; Mv.-i Almanach, 1912.; Mv.-i R. K. okt.; P\u00e1l-Antal; P\u00e1l-Antal 2009; P\u00e1l-Antal 2013; P\u00e1l-Antal S.: Sz\u00e9kelyv\u00e1s\u00e1rhely = Mv. t\u00f6rt\u00e9net\u00e9b\u0151l; P\u00e1l-Antal S\u00e1ndor: A gymn\u00e1zium catholicumt\u00f3l a f\u0151gimn\u00e1ziumig = Eml\u00e9kk. Szab\u00f3 Mikl\u00f3s; R. k. okt. \u2013 1; R. k. okt. \u20132; Sz\u00e1va 2012 ; A Szentistv\u00e1n T\u00e1rsulat tagjainak n\u00e9vsora (Bp., 1898); Szinnyei; Tam\u00e1si 2022<\/br><\/p>\n","protected":false},"excerpt":{"rendered":"<p>Gyergy\u00f3szentmikl\u00f3s, 1842. febr. 27., \u2020 Gyergy\u00f3szentmikl\u00f3s, 1922. febr. 25.: r. k. pl\u00e9b\u00e1nos, tan\u00e1r, iskola-igazgat\u00f3. \u2013 K\u00f6z\u00e9piskolai tanulm\u00e1nyait Gyergy\u00f3szentmikl\u00f3son, a teol\u00f3gi\u00e1t Gyulafeh\u00e9rv\u00e1ron v\u00e9gezte. Papp\u00e1 szentelt\u00e9k (1867. aug. 15.). Tordai k\u00e1pl\u00e1n, tan\u00e1r Zalatn\u00e1n \u00e9s Gyulafeh\u00e9rv\u00e1ron. A mv.-i gimn. \u00e9s fi\u00fanevel\u0151 int\u00e9zet r\u00e9gens-tan\u00e1ra (1875\u2013), majd igazgat\u00f3ja (1884\u20131899). Igazgat\u00f3s\u00e1ga alatt a nagygimn. f\u0151gimn. -m\u00e1 v\u00e1lt. \u00c9s a tantest\u00fclet t\u00f6bb [&hellip;]<\/p>\n","protected":false},"featured_media":0,"comment_status":"open","ping_status":"closed","template":"","meta":[],"product_brand":[],"product_cat":[137],"product_tag":[],"class_list":{"0":"post-11260","1":"product","2":"type-product","3":"status-publish","5":"product_cat-maros-megyei-eletrajzi-lexikon","7":"first","8":"instock","9":"shipping-taxable","10":"product-type-simple"},"_links":{"self":[{"href":"https:\/\/uj.adatbank.ro\/lexikon\/wp-json\/wp\/v2\/product\/11260","targetHints":{"allow":["GET"]}}],"collection":[{"href":"https:\/\/uj.adatbank.ro\/lexikon\/wp-json\/wp\/v2\/product"}],"about":[{"href":"https:\/\/uj.adatbank.ro\/lexikon\/wp-json\/wp\/v2\/types\/product"}],"replies":[{"embeddable":true,"href":"https:\/\/uj.adatbank.ro\/lexikon\/wp-json\/wp\/v2\/comments?post=11260"}],"wp:attachment":[{"href":"https:\/\/uj.adatbank.ro\/lexikon\/wp-json\/wp\/v2\/media?parent=11260"}],"wp:term":[{"taxonomy":"product_brand","embeddable":true,"href":"https:\/\/uj.adatbank.ro\/lexikon\/wp-json\/wp\/v2\/product_brand?post=11260"},{"taxonomy":"product_cat","embeddable":true,"href":"https:\/\/uj.adatbank.ro\/lexikon\/wp-json\/wp\/v2\/product_cat?post=11260"},{"taxonomy":"product_tag","embeddable":true,"href":"https:\/\/uj.adatbank.ro\/lexikon\/wp-json\/wp\/v2\/product_tag?post=11260"}],"curies":[{"name":"wp","href":"https:\/\/api.w.org\/{rel}","templated":true}]}}