{"id":11261,"date":"2025-06-29T13:47:13","date_gmt":"2025-06-29T11:47:13","guid":{"rendered":"https:\/\/uj.adatbank.ro\/lexikon\/termek\/karacsonfalvi-janos\/"},"modified":"2025-06-29T13:47:13","modified_gmt":"2025-06-29T11:47:13","slug":"karacsonfalvi-janos","status":"publish","type":"product","link":"https:\/\/uj.adatbank.ro\/lexikon\/termek\/karacsonfalvi-janos\/","title":{"rendered":"KAR\u00c1CSONFALVI J\u00e1nos"},"content":{"rendered":"<p>? \u2020 ?: csokfalvi unit. iskolamester (1700-as \u00e9vek). <br \/><strong>Irod.:<\/strong> K. L. M\u0171v. t\u00f6rt. tan. 2.<\/br><\/p>\n","protected":false},"excerpt":{"rendered":"<p>? \u2020 ?: csokfalvi unit. iskolamester (1700-as \u00e9vek). Irod.: K. L. M\u0171v. t\u00f6rt. tan. 2.<\/p>\n","protected":false},"featured_media":0,"comment_status":"open","ping_status":"closed","template":"","meta":[],"product_brand":[],"product_cat":[137],"product_tag":[],"class_list":{"0":"post-11261","1":"product","2":"type-product","3":"status-publish","5":"product_cat-maros-megyei-eletrajzi-lexikon","7":"first","8":"instock","9":"shipping-taxable","10":"product-type-simple"},"_links":{"self":[{"href":"https:\/\/uj.adatbank.ro\/lexikon\/wp-json\/wp\/v2\/product\/11261","targetHints":{"allow":["GET"]}}],"collection":[{"href":"https:\/\/uj.adatbank.ro\/lexikon\/wp-json\/wp\/v2\/product"}],"about":[{"href":"https:\/\/uj.adatbank.ro\/lexikon\/wp-json\/wp\/v2\/types\/product"}],"replies":[{"embeddable":true,"href":"https:\/\/uj.adatbank.ro\/lexikon\/wp-json\/wp\/v2\/comments?post=11261"}],"wp:attachment":[{"href":"https:\/\/uj.adatbank.ro\/lexikon\/wp-json\/wp\/v2\/media?parent=11261"}],"wp:term":[{"taxonomy":"product_brand","embeddable":true,"href":"https:\/\/uj.adatbank.ro\/lexikon\/wp-json\/wp\/v2\/product_brand?post=11261"},{"taxonomy":"product_cat","embeddable":true,"href":"https:\/\/uj.adatbank.ro\/lexikon\/wp-json\/wp\/v2\/product_cat?post=11261"},{"taxonomy":"product_tag","embeddable":true,"href":"https:\/\/uj.adatbank.ro\/lexikon\/wp-json\/wp\/v2\/product_tag?post=11261"}],"curies":[{"name":"wp","href":"https:\/\/api.w.org\/{rel}","templated":true}]}}