{"id":11262,"date":"2025-06-29T13:47:15","date_gmt":"2025-06-29T11:47:15","guid":{"rendered":"https:\/\/uj.adatbank.ro\/lexikon\/termek\/karacsony-istvan\/"},"modified":"2025-06-29T13:47:15","modified_gmt":"2025-06-29T11:47:15","slug":"karacsony-istvan","status":"publish","type":"product","link":"https:\/\/uj.adatbank.ro\/lexikon\/termek\/karacsony-istvan\/","title":{"rendered":"KAR\u00c1CSONY Istv\u00e1n"},"content":{"rendered":"<p>? 1893., \u2020 ? : keresked\u0151. \u2013 Brass\u00f3ban \u00e9retts\u00e9gizett, majd az \u00e9desapja \u00fczlet\u00e9ben tanulta a keresked\u00e9st Erd\u0151szentgy\u00f6rgy\u00f6n, azut\u00e1n vezette (1925\u2013)az 1850-ben alap\u00edtott c\u00e9get, amelyik a legr\u00e9gebbi a helyis\u00e9gben. Az els\u0151 vh.-ban a 2. honv. gy. ezr.-ben az orosz fronton harcolt, majd a b\u00e9csi had\u00fcgyminiszt\u00e9riumban teljes\u00edtett szolg\u00e1latot mint tisztvisel\u0151. <br \/><strong>Irod.:<\/strong> Sz\u00e9kelyf\u00f6ld \u00ed. k<\/br><\/p>\n","protected":false},"excerpt":{"rendered":"<p>? 1893., \u2020 ? : keresked\u0151. \u2013 Brass\u00f3ban \u00e9retts\u00e9gizett, majd az \u00e9desapja \u00fczlet\u00e9ben tanulta a keresked\u00e9st Erd\u0151szentgy\u00f6rgy\u00f6n, azut\u00e1n vezette (1925\u2013)az 1850-ben alap\u00edtott c\u00e9get, amelyik a legr\u00e9gebbi a helyis\u00e9gben. Az els\u0151 vh.-ban a 2. honv. gy. ezr.-ben az orosz fronton harcolt, majd a b\u00e9csi had\u00fcgyminiszt\u00e9riumban teljes\u00edtett szolg\u00e1latot mint tisztvisel\u0151. Irod.: Sz\u00e9kelyf\u00f6ld \u00ed. k<\/p>\n","protected":false},"featured_media":0,"comment_status":"open","ping_status":"closed","template":"","meta":[],"product_brand":[],"product_cat":[137],"product_tag":[],"class_list":{"0":"post-11262","1":"product","2":"type-product","3":"status-publish","5":"product_cat-maros-megyei-eletrajzi-lexikon","7":"first","8":"instock","9":"shipping-taxable","10":"product-type-simple"},"_links":{"self":[{"href":"https:\/\/uj.adatbank.ro\/lexikon\/wp-json\/wp\/v2\/product\/11262","targetHints":{"allow":["GET"]}}],"collection":[{"href":"https:\/\/uj.adatbank.ro\/lexikon\/wp-json\/wp\/v2\/product"}],"about":[{"href":"https:\/\/uj.adatbank.ro\/lexikon\/wp-json\/wp\/v2\/types\/product"}],"replies":[{"embeddable":true,"href":"https:\/\/uj.adatbank.ro\/lexikon\/wp-json\/wp\/v2\/comments?post=11262"}],"wp:attachment":[{"href":"https:\/\/uj.adatbank.ro\/lexikon\/wp-json\/wp\/v2\/media?parent=11262"}],"wp:term":[{"taxonomy":"product_brand","embeddable":true,"href":"https:\/\/uj.adatbank.ro\/lexikon\/wp-json\/wp\/v2\/product_brand?post=11262"},{"taxonomy":"product_cat","embeddable":true,"href":"https:\/\/uj.adatbank.ro\/lexikon\/wp-json\/wp\/v2\/product_cat?post=11262"},{"taxonomy":"product_tag","embeddable":true,"href":"https:\/\/uj.adatbank.ro\/lexikon\/wp-json\/wp\/v2\/product_tag?post=11262"}],"curies":[{"name":"wp","href":"https:\/\/api.w.org\/{rel}","templated":true}]}}