{"id":11263,"date":"2025-06-29T13:47:18","date_gmt":"2025-06-29T11:47:18","guid":{"rendered":"https:\/\/uj.adatbank.ro\/lexikon\/termek\/karacsonyfalvi-balazs\/"},"modified":"2025-06-29T13:47:18","modified_gmt":"2025-06-29T11:47:18","slug":"karacsonyfalvi-balazs","status":"publish","type":"product","link":"https:\/\/uj.adatbank.ro\/lexikon\/termek\/karacsonyfalvi-balazs\/","title":{"rendered":"KAR\u00c1CSONYFALVI Bal\u00e1zs"},"content":{"rendered":"<p>? \u2020 Ny\u00e1r\u00e1dszentm\u00e1rton, 1686. j\u00fal. 18. A cs\u00edkfalvi temet\u0151ben nyugszik, s\u00edrk\u00f6ve a templom cinterm\u00e9ben tal\u00e1lhat\u00f3: unit. lelk\u00e9sz. \u2013 Ny\u00e1r\u00e1dszentl\u00e1szl\u00f3n tan\u00edt\u00f3 (1646. febr. 15. \u2013 j\u00fan. 10.). A ny\u00e1r\u00e1dszentm\u00e1rtoni falu papja (1665\u201386), Marossz\u00e9k unit. esperes lelk\u00e9sze. A templomkerthez mesterm\u0171v\u0171 kaput \u00e1ll\u00edttatott (1673), amely ma is l\u00e9tezi, \u00e9s az eg\u00e9sz megy\u00e9ben a legr\u00e9gebbi n\u00e9pi farag\u00e1s\u00fa kapu, ma a cinteremben \u0151rzik. Konzisztorr\u00e1 v\u00e1lasztott\u00e1k (1671\u2013), Marosi esperesnek rendelt\u00e9k a ny\u00e1d\u00e1dszentl\u00e1szl\u00f3i zsinaton (1676. j\u00fan. 21.). <br \/><strong>Irod.:<\/strong> Cs\u00edkfalva; K\u00e9nosi-Uzoni 2.; Ny\u00e1r\u00e1d mente; Ny\u00e1r\u00e1dmente; Ny\u00e1r\u00e1dszentl\u00e1szl\u00f3<\/br><\/p>\n","protected":false},"excerpt":{"rendered":"<p>? \u2020 Ny\u00e1r\u00e1dszentm\u00e1rton, 1686. j\u00fal. 18. A cs\u00edkfalvi temet\u0151ben nyugszik, s\u00edrk\u00f6ve a templom cinterm\u00e9ben tal\u00e1lhat\u00f3: unit. lelk\u00e9sz. \u2013 Ny\u00e1r\u00e1dszentl\u00e1szl\u00f3n tan\u00edt\u00f3 (1646. febr. 15. \u2013 j\u00fan. 10.). A ny\u00e1r\u00e1dszentm\u00e1rtoni falu papja (1665\u201386), Marossz\u00e9k unit. esperes lelk\u00e9sze. A templomkerthez mesterm\u0171v\u0171 kaput \u00e1ll\u00edttatott (1673), amely ma is l\u00e9tezi, \u00e9s az eg\u00e9sz megy\u00e9ben a legr\u00e9gebbi n\u00e9pi farag\u00e1s\u00fa kapu, ma [&hellip;]<\/p>\n","protected":false},"featured_media":0,"comment_status":"open","ping_status":"closed","template":"","meta":[],"product_brand":[],"product_cat":[137],"product_tag":[],"class_list":{"0":"post-11263","1":"product","2":"type-product","3":"status-publish","5":"product_cat-maros-megyei-eletrajzi-lexikon","7":"first","8":"instock","9":"shipping-taxable","10":"product-type-simple"},"_links":{"self":[{"href":"https:\/\/uj.adatbank.ro\/lexikon\/wp-json\/wp\/v2\/product\/11263","targetHints":{"allow":["GET"]}}],"collection":[{"href":"https:\/\/uj.adatbank.ro\/lexikon\/wp-json\/wp\/v2\/product"}],"about":[{"href":"https:\/\/uj.adatbank.ro\/lexikon\/wp-json\/wp\/v2\/types\/product"}],"replies":[{"embeddable":true,"href":"https:\/\/uj.adatbank.ro\/lexikon\/wp-json\/wp\/v2\/comments?post=11263"}],"wp:attachment":[{"href":"https:\/\/uj.adatbank.ro\/lexikon\/wp-json\/wp\/v2\/media?parent=11263"}],"wp:term":[{"taxonomy":"product_brand","embeddable":true,"href":"https:\/\/uj.adatbank.ro\/lexikon\/wp-json\/wp\/v2\/product_brand?post=11263"},{"taxonomy":"product_cat","embeddable":true,"href":"https:\/\/uj.adatbank.ro\/lexikon\/wp-json\/wp\/v2\/product_cat?post=11263"},{"taxonomy":"product_tag","embeddable":true,"href":"https:\/\/uj.adatbank.ro\/lexikon\/wp-json\/wp\/v2\/product_tag?post=11263"}],"curies":[{"name":"wp","href":"https:\/\/api.w.org\/{rel}","templated":true}]}}