{"id":11264,"date":"2025-06-29T13:47:21","date_gmt":"2025-06-29T11:47:21","guid":{"rendered":"https:\/\/uj.adatbank.ro\/lexikon\/termek\/karacsonyfalvi-ferenc\/"},"modified":"2025-06-29T13:47:21","modified_gmt":"2025-06-29T11:47:21","slug":"karacsonyfalvi-ferenc","status":"publish","type":"product","link":"https:\/\/uj.adatbank.ro\/lexikon\/termek\/karacsonyfalvi-ferenc\/","title":{"rendered":"KAR\u00c1CSONYFALVI Ferenc"},"content":{"rendered":"<p>? \u2020 ?: unit lelk\u00e9sz. \u2013 Pip\u00e9ben szolg\u00e1lt a zsinati jegyz\u0151k\u00f6nyvek tanus\u00e1ga szerimt (1830\u2013). \u0150 az els\u0151 pipei lelk\u00e9sz akinek nev\u00e9t meg\u0151r\u00edzt\u00e9k a feljegyz\u00e9sek. <br \/><strong>Irod.:<\/strong> A Pipei Egyh\u00e1zk\u00f6zs\u00e9g t\u00f6rt\u00e9net\u00e9b\u0151l<\/br><\/p>\n","protected":false},"excerpt":{"rendered":"<p>? \u2020 ?: unit lelk\u00e9sz. \u2013 Pip\u00e9ben szolg\u00e1lt a zsinati jegyz\u0151k\u00f6nyvek tanus\u00e1ga szerimt (1830\u2013). \u0150 az els\u0151 pipei lelk\u00e9sz akinek nev\u00e9t meg\u0151r\u00edzt\u00e9k a feljegyz\u00e9sek. Irod.: A Pipei Egyh\u00e1zk\u00f6zs\u00e9g t\u00f6rt\u00e9net\u00e9b\u0151l<\/p>\n","protected":false},"featured_media":0,"comment_status":"open","ping_status":"closed","template":"","meta":[],"product_brand":[],"product_cat":[137],"product_tag":[],"class_list":{"0":"post-11264","1":"product","2":"type-product","3":"status-publish","5":"product_cat-maros-megyei-eletrajzi-lexikon","7":"first","8":"instock","9":"shipping-taxable","10":"product-type-simple"},"_links":{"self":[{"href":"https:\/\/uj.adatbank.ro\/lexikon\/wp-json\/wp\/v2\/product\/11264","targetHints":{"allow":["GET"]}}],"collection":[{"href":"https:\/\/uj.adatbank.ro\/lexikon\/wp-json\/wp\/v2\/product"}],"about":[{"href":"https:\/\/uj.adatbank.ro\/lexikon\/wp-json\/wp\/v2\/types\/product"}],"replies":[{"embeddable":true,"href":"https:\/\/uj.adatbank.ro\/lexikon\/wp-json\/wp\/v2\/comments?post=11264"}],"wp:attachment":[{"href":"https:\/\/uj.adatbank.ro\/lexikon\/wp-json\/wp\/v2\/media?parent=11264"}],"wp:term":[{"taxonomy":"product_brand","embeddable":true,"href":"https:\/\/uj.adatbank.ro\/lexikon\/wp-json\/wp\/v2\/product_brand?post=11264"},{"taxonomy":"product_cat","embeddable":true,"href":"https:\/\/uj.adatbank.ro\/lexikon\/wp-json\/wp\/v2\/product_cat?post=11264"},{"taxonomy":"product_tag","embeddable":true,"href":"https:\/\/uj.adatbank.ro\/lexikon\/wp-json\/wp\/v2\/product_tag?post=11264"}],"curies":[{"name":"wp","href":"https:\/\/api.w.org\/{rel}","templated":true}]}}