{"id":11266,"date":"2025-06-29T13:47:25","date_gmt":"2025-06-29T11:47:25","guid":{"rendered":"https:\/\/uj.adatbank.ro\/lexikon\/termek\/karacsonyi-iren-b\/"},"modified":"2025-06-29T13:47:25","modified_gmt":"2025-06-29T11:47:25","slug":"karacsonyi-iren-b","status":"publish","type":"product","link":"https:\/\/uj.adatbank.ro\/lexikon\/termek\/karacsonyi-iren-b\/","title":{"rendered":"KAR\u00c1CSONYI Ir\u00e9n, B."},"content":{"rendered":"<p>Mv., 1908. j\u00fal. 11., \u2020 Szombathely, 1992. j\u00fan. 4.: k\u00e9pz\u0151m\u0171v\u00e9sz, fest\u0151. \u2013 Bp.-en tanult (1926\u201331), a M. K\u00e9pz\u0151m\u0171v\u00e9szeti F\u0151iskol\u00e1n, mestere: Benkhard \u00c1gost volt, majd Franciao., Olaszo.-ban Sv\u00e1jcban t\u00f6k\u00e9letes\u00edtette tud\u00e1s\u00e1t. Term\u00e9szetelv\u0171 fest\u0151 volt, sz\u00ednvil\u00e1ga hamvas, mentes a nagy kontrasztokt\u00f3l. Harmonikus sz\u00ednek jellemzik t\u00e1jk\u00e9peit, utols\u00f3 \u00e9veiben pasztellk\u00e9peket festett. <strong>F. ki\u00e1ll.:<\/strong> egy\u00e9ni: Bp. (1966, 1969, 1975, 1988); Sopron (1987), csoportos ki\u00e1ll.: Bp. (1958, 1960, 1962, 1968, 1975); Eger (1974). <br \/><strong>Irod.:<\/strong> artportal; Moln\u00e1r, R\u00daL; Szab\u00f3\u2013K\u00e1llai<\/br><\/p>\n","protected":false},"excerpt":{"rendered":"<p>Mv., 1908. j\u00fal. 11., \u2020 Szombathely, 1992. j\u00fan. 4.: k\u00e9pz\u0151m\u0171v\u00e9sz, fest\u0151. \u2013 Bp.-en tanult (1926\u201331), a M. K\u00e9pz\u0151m\u0171v\u00e9szeti F\u0151iskol\u00e1n, mestere: Benkhard \u00c1gost volt, majd Franciao., Olaszo.-ban Sv\u00e1jcban t\u00f6k\u00e9letes\u00edtette tud\u00e1s\u00e1t. Term\u00e9szetelv\u0171 fest\u0151 volt, sz\u00ednvil\u00e1ga hamvas, mentes a nagy kontrasztokt\u00f3l. Harmonikus sz\u00ednek jellemzik t\u00e1jk\u00e9peit, utols\u00f3 \u00e9veiben pasztellk\u00e9peket festett. F. ki\u00e1ll.: egy\u00e9ni: Bp. (1966, 1969, 1975, 1988); Sopron [&hellip;]<\/p>\n","protected":false},"featured_media":0,"comment_status":"open","ping_status":"closed","template":"","meta":[],"product_brand":[],"product_cat":[137],"product_tag":[],"class_list":{"0":"post-11266","1":"product","2":"type-product","3":"status-publish","5":"product_cat-maros-megyei-eletrajzi-lexikon","7":"first","8":"instock","9":"shipping-taxable","10":"product-type-simple"},"_links":{"self":[{"href":"https:\/\/uj.adatbank.ro\/lexikon\/wp-json\/wp\/v2\/product\/11266","targetHints":{"allow":["GET"]}}],"collection":[{"href":"https:\/\/uj.adatbank.ro\/lexikon\/wp-json\/wp\/v2\/product"}],"about":[{"href":"https:\/\/uj.adatbank.ro\/lexikon\/wp-json\/wp\/v2\/types\/product"}],"replies":[{"embeddable":true,"href":"https:\/\/uj.adatbank.ro\/lexikon\/wp-json\/wp\/v2\/comments?post=11266"}],"wp:attachment":[{"href":"https:\/\/uj.adatbank.ro\/lexikon\/wp-json\/wp\/v2\/media?parent=11266"}],"wp:term":[{"taxonomy":"product_brand","embeddable":true,"href":"https:\/\/uj.adatbank.ro\/lexikon\/wp-json\/wp\/v2\/product_brand?post=11266"},{"taxonomy":"product_cat","embeddable":true,"href":"https:\/\/uj.adatbank.ro\/lexikon\/wp-json\/wp\/v2\/product_cat?post=11266"},{"taxonomy":"product_tag","embeddable":true,"href":"https:\/\/uj.adatbank.ro\/lexikon\/wp-json\/wp\/v2\/product_tag?post=11266"}],"curies":[{"name":"wp","href":"https:\/\/api.w.org\/{rel}","templated":true}]}}