{"id":11269,"date":"2025-06-29T13:47:29","date_gmt":"2025-06-29T11:47:29","guid":{"rendered":"https:\/\/uj.adatbank.ro\/lexikon\/termek\/karan-miklos\/"},"modified":"2025-06-29T13:47:29","modified_gmt":"2025-06-29T11:47:29","slug":"karan-miklos","status":"publish","type":"product","link":"https:\/\/uj.adatbank.ro\/lexikon\/termek\/karan-miklos\/","title":{"rendered":"K\u00c1R\u00c1N Mikl\u00f3s"},"content":{"rendered":"<p>Mv., 1892., \u2020 ? : p\u00e9kmester. \u2013 Tanulm\u00e1nyait elv\u00e9gezve a s\u00fct\u0151ipart Sz\u00e1szsebesen tanulta \u00e9s Mv.-en lett \u00f6n\u00e1ll\u00f3 (1927). Az els\u0151 vh.-ban az orosz fronton harcolt, fogs\u00e1gba esett. \u00dczlete magas szynvonal\u00fa szak\u00fczlet volt feh\u00e9r- \u00e9s finoms\u00fct\u00e9st v\u00e9gzett steer s\u00fct\u00e9ssel is foglalkozott. <br \/><strong>Irod.:<\/strong> Sz\u00e9kelyf\u00f6ld \u00ed. k<\/br><\/p>\n","protected":false},"excerpt":{"rendered":"<p>Mv., 1892., \u2020 ? : p\u00e9kmester. \u2013 Tanulm\u00e1nyait elv\u00e9gezve a s\u00fct\u0151ipart Sz\u00e1szsebesen tanulta \u00e9s Mv.-en lett \u00f6n\u00e1ll\u00f3 (1927). Az els\u0151 vh.-ban az orosz fronton harcolt, fogs\u00e1gba esett. \u00dczlete magas szynvonal\u00fa szak\u00fczlet volt feh\u00e9r- \u00e9s finoms\u00fct\u00e9st v\u00e9gzett steer s\u00fct\u00e9ssel is foglalkozott. Irod.: Sz\u00e9kelyf\u00f6ld \u00ed. k<\/p>\n","protected":false},"featured_media":0,"comment_status":"open","ping_status":"closed","template":"","meta":[],"product_brand":[],"product_cat":[137],"product_tag":[],"class_list":{"0":"post-11269","1":"product","2":"type-product","3":"status-publish","5":"product_cat-maros-megyei-eletrajzi-lexikon","7":"first","8":"instock","9":"shipping-taxable","10":"product-type-simple"},"_links":{"self":[{"href":"https:\/\/uj.adatbank.ro\/lexikon\/wp-json\/wp\/v2\/product\/11269","targetHints":{"allow":["GET"]}}],"collection":[{"href":"https:\/\/uj.adatbank.ro\/lexikon\/wp-json\/wp\/v2\/product"}],"about":[{"href":"https:\/\/uj.adatbank.ro\/lexikon\/wp-json\/wp\/v2\/types\/product"}],"replies":[{"embeddable":true,"href":"https:\/\/uj.adatbank.ro\/lexikon\/wp-json\/wp\/v2\/comments?post=11269"}],"wp:attachment":[{"href":"https:\/\/uj.adatbank.ro\/lexikon\/wp-json\/wp\/v2\/media?parent=11269"}],"wp:term":[{"taxonomy":"product_brand","embeddable":true,"href":"https:\/\/uj.adatbank.ro\/lexikon\/wp-json\/wp\/v2\/product_brand?post=11269"},{"taxonomy":"product_cat","embeddable":true,"href":"https:\/\/uj.adatbank.ro\/lexikon\/wp-json\/wp\/v2\/product_cat?post=11269"},{"taxonomy":"product_tag","embeddable":true,"href":"https:\/\/uj.adatbank.ro\/lexikon\/wp-json\/wp\/v2\/product_tag?post=11269"}],"curies":[{"name":"wp","href":"https:\/\/api.w.org\/{rel}","templated":true}]}}