{"id":11270,"date":"2025-06-29T13:47:31","date_gmt":"2025-06-29T11:47:31","guid":{"rendered":"https:\/\/uj.adatbank.ro\/lexikon\/termek\/karancsi-janos\/"},"modified":"2025-06-29T13:47:31","modified_gmt":"2025-06-29T11:47:31","slug":"karancsi-janos","status":"publish","type":"product","link":"https:\/\/uj.adatbank.ro\/lexikon\/termek\/karancsi-janos\/","title":{"rendered":"KARANCSI J\u00e1nos"},"content":{"rendered":"<p>? \u2020 Bonyha, 1684. dec. 2.: ref. lelk\u00e9sz. \u2013 Bonyh\u00e1n szolg\u00e1lt hal\u00e1l\u00e1ig (1669\u20131684). Kev\u00e9s lelk\u00e9sz volt, akit huzamos id\u0151n kereszt\u00fcl mindig \u00fajrav\u00e1lasztottak. A h\u00edvek megel\u00e9ged\u00e9s\u00e9re szolg\u00e1lt, amit a h\u00e1tramaradt vizit\u00e1ci\u00f3s jegyz\u0151k\u00f6nyvek is igazolnak (1671, 1677, 1679, 1680, 1680, 1684). Megszervezte az els\u0151 presbit\u00e9riumot Bonyh\u00e1n \u00e9s bevezette a katek\u00e9zist (1669). Egyh\u00e1zmegyei f\u0151jegyz\u0151v\u00e9 v\u00e1lasztott\u00e1k (1684. j\u00fan. 23). Apafi Mih\u00e1ly fejedelem term\u00e9ny quart\u00e1t adom\u00e1nyozott neki, fizet\u00e9s\u00e9nek p\u00f3tl\u00e1s\u00e1ra. <br \/><strong>Irod.:<\/strong> Bonyha \u00e9s egyh\u00e1za; K\u00fck\u00fcll\u0151i Ref. Egyh\u00e1zm. 1.<\/br><\/p>\n","protected":false},"excerpt":{"rendered":"<p>? \u2020 Bonyha, 1684. dec. 2.: ref. lelk\u00e9sz. \u2013 Bonyh\u00e1n szolg\u00e1lt hal\u00e1l\u00e1ig (1669\u20131684). Kev\u00e9s lelk\u00e9sz volt, akit huzamos id\u0151n kereszt\u00fcl mindig \u00fajrav\u00e1lasztottak. A h\u00edvek megel\u00e9ged\u00e9s\u00e9re szolg\u00e1lt, amit a h\u00e1tramaradt vizit\u00e1ci\u00f3s jegyz\u0151k\u00f6nyvek is igazolnak (1671, 1677, 1679, 1680, 1680, 1684). Megszervezte az els\u0151 presbit\u00e9riumot Bonyh\u00e1n \u00e9s bevezette a katek\u00e9zist (1669). Egyh\u00e1zmegyei f\u0151jegyz\u0151v\u00e9 v\u00e1lasztott\u00e1k (1684. j\u00fan. 23). [&hellip;]<\/p>\n","protected":false},"featured_media":0,"comment_status":"open","ping_status":"closed","template":"","meta":[],"product_brand":[],"product_cat":[137],"product_tag":[],"class_list":{"0":"post-11270","1":"product","2":"type-product","3":"status-publish","5":"product_cat-maros-megyei-eletrajzi-lexikon","7":"first","8":"instock","9":"shipping-taxable","10":"product-type-simple"},"_links":{"self":[{"href":"https:\/\/uj.adatbank.ro\/lexikon\/wp-json\/wp\/v2\/product\/11270","targetHints":{"allow":["GET"]}}],"collection":[{"href":"https:\/\/uj.adatbank.ro\/lexikon\/wp-json\/wp\/v2\/product"}],"about":[{"href":"https:\/\/uj.adatbank.ro\/lexikon\/wp-json\/wp\/v2\/types\/product"}],"replies":[{"embeddable":true,"href":"https:\/\/uj.adatbank.ro\/lexikon\/wp-json\/wp\/v2\/comments?post=11270"}],"wp:attachment":[{"href":"https:\/\/uj.adatbank.ro\/lexikon\/wp-json\/wp\/v2\/media?parent=11270"}],"wp:term":[{"taxonomy":"product_brand","embeddable":true,"href":"https:\/\/uj.adatbank.ro\/lexikon\/wp-json\/wp\/v2\/product_brand?post=11270"},{"taxonomy":"product_cat","embeddable":true,"href":"https:\/\/uj.adatbank.ro\/lexikon\/wp-json\/wp\/v2\/product_cat?post=11270"},{"taxonomy":"product_tag","embeddable":true,"href":"https:\/\/uj.adatbank.ro\/lexikon\/wp-json\/wp\/v2\/product_tag?post=11270"}],"curies":[{"name":"wp","href":"https:\/\/api.w.org\/{rel}","templated":true}]}}