{"id":11271,"date":"2025-06-29T13:47:32","date_gmt":"2025-06-29T11:47:32","guid":{"rendered":"https:\/\/uj.adatbank.ro\/lexikon\/termek\/karancsi-miklos\/"},"modified":"2025-06-29T13:47:32","modified_gmt":"2025-06-29T11:47:32","slug":"karancsi-miklos","status":"publish","type":"product","link":"https:\/\/uj.adatbank.ro\/lexikon\/termek\/karancsi-miklos\/","title":{"rendered":"KARANCSI Mikl\u00f3s"},"content":{"rendered":"<p>? \u2020 ? : moln\u00e1r. \u2013 R\u00e9szt vett a v\u00e1rtemplom torny\u00e1nak, fedel\u00e9nek megjav\u00edt\u00e1s\u00e1ban, a toronygomb kicser\u00e9l\u00e9s\u00e9ben (1668). <br \/><strong>Irod.:<\/strong> Id\u0151t\u00e1r 1<\/br><\/p>\n","protected":false},"excerpt":{"rendered":"<p>? \u2020 ? : moln\u00e1r. \u2013 R\u00e9szt vett a v\u00e1rtemplom torny\u00e1nak, fedel\u00e9nek megjav\u00edt\u00e1s\u00e1ban, a toronygomb kicser\u00e9l\u00e9s\u00e9ben (1668). Irod.: Id\u0151t\u00e1r 1<\/p>\n","protected":false},"featured_media":0,"comment_status":"open","ping_status":"closed","template":"","meta":[],"product_brand":[],"product_cat":[137],"product_tag":[],"class_list":{"0":"post-11271","1":"product","2":"type-product","3":"status-publish","5":"product_cat-maros-megyei-eletrajzi-lexikon","7":"first","8":"instock","9":"shipping-taxable","10":"product-type-simple"},"_links":{"self":[{"href":"https:\/\/uj.adatbank.ro\/lexikon\/wp-json\/wp\/v2\/product\/11271","targetHints":{"allow":["GET"]}}],"collection":[{"href":"https:\/\/uj.adatbank.ro\/lexikon\/wp-json\/wp\/v2\/product"}],"about":[{"href":"https:\/\/uj.adatbank.ro\/lexikon\/wp-json\/wp\/v2\/types\/product"}],"replies":[{"embeddable":true,"href":"https:\/\/uj.adatbank.ro\/lexikon\/wp-json\/wp\/v2\/comments?post=11271"}],"wp:attachment":[{"href":"https:\/\/uj.adatbank.ro\/lexikon\/wp-json\/wp\/v2\/media?parent=11271"}],"wp:term":[{"taxonomy":"product_brand","embeddable":true,"href":"https:\/\/uj.adatbank.ro\/lexikon\/wp-json\/wp\/v2\/product_brand?post=11271"},{"taxonomy":"product_cat","embeddable":true,"href":"https:\/\/uj.adatbank.ro\/lexikon\/wp-json\/wp\/v2\/product_cat?post=11271"},{"taxonomy":"product_tag","embeddable":true,"href":"https:\/\/uj.adatbank.ro\/lexikon\/wp-json\/wp\/v2\/product_tag?post=11271"}],"curies":[{"name":"wp","href":"https:\/\/api.w.org\/{rel}","templated":true}]}}