{"id":11273,"date":"2025-06-29T13:47:35","date_gmt":"2025-06-29T11:47:35","guid":{"rendered":"https:\/\/uj.adatbank.ro\/lexikon\/termek\/karaszek-ignac-turnai\/"},"modified":"2025-06-29T13:47:35","modified_gmt":"2025-06-29T11:47:35","slug":"karaszek-ignac-turnai","status":"publish","type":"product","link":"https:\/\/uj.adatbank.ro\/lexikon\/termek\/karaszek-ignac-turnai\/","title":{"rendered":"KARASZEK Ign\u00e1c, turnai"},"content":{"rendered":"<p>1798.? \u2020 Mv., 1883. aug. 11.: p\u00e9nz\u00fcgyi igazgat\u00f3. \u2013 K. Orsz\u00e1gos p\u00e9nz\u00fcgyigazgat\u00f3s\u00e1gi iroda f\u0151n\u00f6ke volt. <br \/><strong>Irod.:<\/strong> Gy\u00e1szjelent\u0151<\/br><\/p>\n","protected":false},"excerpt":{"rendered":"<p>1798.? \u2020 Mv., 1883. aug. 11.: p\u00e9nz\u00fcgyi igazgat\u00f3. \u2013 K. Orsz\u00e1gos p\u00e9nz\u00fcgyigazgat\u00f3s\u00e1gi iroda f\u0151n\u00f6ke volt. Irod.: Gy\u00e1szjelent\u0151<\/p>\n","protected":false},"featured_media":0,"comment_status":"open","ping_status":"closed","template":"","meta":[],"product_brand":[],"product_cat":[137],"product_tag":[],"class_list":{"0":"post-11273","1":"product","2":"type-product","3":"status-publish","5":"product_cat-maros-megyei-eletrajzi-lexikon","7":"first","8":"instock","9":"shipping-taxable","10":"product-type-simple"},"_links":{"self":[{"href":"https:\/\/uj.adatbank.ro\/lexikon\/wp-json\/wp\/v2\/product\/11273","targetHints":{"allow":["GET"]}}],"collection":[{"href":"https:\/\/uj.adatbank.ro\/lexikon\/wp-json\/wp\/v2\/product"}],"about":[{"href":"https:\/\/uj.adatbank.ro\/lexikon\/wp-json\/wp\/v2\/types\/product"}],"replies":[{"embeddable":true,"href":"https:\/\/uj.adatbank.ro\/lexikon\/wp-json\/wp\/v2\/comments?post=11273"}],"wp:attachment":[{"href":"https:\/\/uj.adatbank.ro\/lexikon\/wp-json\/wp\/v2\/media?parent=11273"}],"wp:term":[{"taxonomy":"product_brand","embeddable":true,"href":"https:\/\/uj.adatbank.ro\/lexikon\/wp-json\/wp\/v2\/product_brand?post=11273"},{"taxonomy":"product_cat","embeddable":true,"href":"https:\/\/uj.adatbank.ro\/lexikon\/wp-json\/wp\/v2\/product_cat?post=11273"},{"taxonomy":"product_tag","embeddable":true,"href":"https:\/\/uj.adatbank.ro\/lexikon\/wp-json\/wp\/v2\/product_tag?post=11273"}],"curies":[{"name":"wp","href":"https:\/\/api.w.org\/{rel}","templated":true}]}}