{"id":11274,"date":"2025-06-29T13:47:36","date_gmt":"2025-06-29T11:47:36","guid":{"rendered":"https:\/\/uj.adatbank.ro\/lexikon\/termek\/karathnai-bodo-janos\/"},"modified":"2025-06-29T13:47:36","modified_gmt":"2025-06-29T11:47:36","slug":"karathnai-bodo-janos","status":"publish","type":"product","link":"https:\/\/uj.adatbank.ro\/lexikon\/termek\/karathnai-bodo-janos\/","title":{"rendered":"KARATHNAI BOD\u00d3 J\u00e1nos"},"content":{"rendered":"<p>? \u2020 1850 k.? : \u00fcgyv\u00e9d. \u2013 Feles\u00e9ge: \u00f6zvegy Musnai Kov\u00e1ts R\u00f3za. \u00c1d\u00e1moson lakott, nemes h\u00e1zban. 1848 \u0151sz\u00e9n rom\u00e1nok kirabolt\u00e1k, Bal\u00e1zsfalv\u00e1ra hurcolt\u00e1k, majd Erzs\u00e9betv\u00e1rosba, ahonnan Bem t\u00e1bornok bej\u00f6vetele ut\u00e1n szabadult (1849 elej\u00e9n). \u00dcgyv\u00e9di irod\u00e1ja Dics\u0151szentm\u00e1rtonban volt, munk\u00e1j\u00e1b\u00f3l hazat\u00e9r\u0151ben \u00e9rte a hal\u00e1l (1850-es \u00e9vek elej\u00e9n). <br \/><strong>Irod.:<\/strong> Kelemen Lajos 2006.<\/br><\/p>\n","protected":false},"excerpt":{"rendered":"<p>? \u2020 1850 k.? : \u00fcgyv\u00e9d. \u2013 Feles\u00e9ge: \u00f6zvegy Musnai Kov\u00e1ts R\u00f3za. \u00c1d\u00e1moson lakott, nemes h\u00e1zban. 1848 \u0151sz\u00e9n rom\u00e1nok kirabolt\u00e1k, Bal\u00e1zsfalv\u00e1ra hurcolt\u00e1k, majd Erzs\u00e9betv\u00e1rosba, ahonnan Bem t\u00e1bornok bej\u00f6vetele ut\u00e1n szabadult (1849 elej\u00e9n). \u00dcgyv\u00e9di irod\u00e1ja Dics\u0151szentm\u00e1rtonban volt, munk\u00e1j\u00e1b\u00f3l hazat\u00e9r\u0151ben \u00e9rte a hal\u00e1l (1850-es \u00e9vek elej\u00e9n). Irod.: Kelemen Lajos 2006.<\/p>\n","protected":false},"featured_media":0,"comment_status":"open","ping_status":"closed","template":"","meta":[],"product_brand":[],"product_cat":[137],"product_tag":[],"class_list":{"0":"post-11274","1":"product","2":"type-product","3":"status-publish","5":"product_cat-maros-megyei-eletrajzi-lexikon","7":"first","8":"instock","9":"shipping-taxable","10":"product-type-simple"},"_links":{"self":[{"href":"https:\/\/uj.adatbank.ro\/lexikon\/wp-json\/wp\/v2\/product\/11274","targetHints":{"allow":["GET"]}}],"collection":[{"href":"https:\/\/uj.adatbank.ro\/lexikon\/wp-json\/wp\/v2\/product"}],"about":[{"href":"https:\/\/uj.adatbank.ro\/lexikon\/wp-json\/wp\/v2\/types\/product"}],"replies":[{"embeddable":true,"href":"https:\/\/uj.adatbank.ro\/lexikon\/wp-json\/wp\/v2\/comments?post=11274"}],"wp:attachment":[{"href":"https:\/\/uj.adatbank.ro\/lexikon\/wp-json\/wp\/v2\/media?parent=11274"}],"wp:term":[{"taxonomy":"product_brand","embeddable":true,"href":"https:\/\/uj.adatbank.ro\/lexikon\/wp-json\/wp\/v2\/product_brand?post=11274"},{"taxonomy":"product_cat","embeddable":true,"href":"https:\/\/uj.adatbank.ro\/lexikon\/wp-json\/wp\/v2\/product_cat?post=11274"},{"taxonomy":"product_tag","embeddable":true,"href":"https:\/\/uj.adatbank.ro\/lexikon\/wp-json\/wp\/v2\/product_tag?post=11274"}],"curies":[{"name":"wp","href":"https:\/\/api.w.org\/{rel}","templated":true}]}}