{"id":11280,"date":"2025-06-29T13:47:46","date_gmt":"2025-06-29T11:47:46","guid":{"rendered":"https:\/\/uj.adatbank.ro\/lexikon\/termek\/kardos-andor\/"},"modified":"2025-06-29T13:47:46","modified_gmt":"2025-06-29T11:47:46","slug":"kardos-andor","status":"publish","type":"product","link":"https:\/\/uj.adatbank.ro\/lexikon\/termek\/kardos-andor\/","title":{"rendered":"KARDOS Andor"},"content":{"rendered":"<p>Nagyv\u00e1rad, 1875. m\u00e1j. 1., \u2020 Bp., 1938. m\u00e1rc. 18.: sz\u00edn\u00e9sz, sz\u00ednigazgat\u00f3, \u00edr\u00f3. \u2013 A sz\u00edn\u00e9szi p\u00e1ly\u00e1ra l\u00e9pett Polg\u00e1r B\u00e9la t\u00e1rsulat\u00e1ban (1897) ; Szerepelt : P\u00e9csett, Gy\u0151rben, Kv.-on, Bp.-en (Modern Sz\u00ednh\u00e1z Cabaret, Nagy Endre Modern Sz\u00ednpada, Hidv\u00e9ghy Ern\u0151 Stagione T\u00e1rs.) l\u00e9pett fel ; Erd\u00e9lyben j\u00e1tszott (1911\u2013) Kv.-on, majd a mv.-i \u00e9s a nagyszebeni sz\u00ednh\u00e1z m\u0171v\u00e9szeti igazgat\u00f3ja (1923\u2013), k\u00e9s\u0151bb a sz\u00edn\u00e9szett\u0151l visszavonult \u00e9s az alkot\u00e1snak \u00e9lt. Mv.-i alkot\u00f3\u00e9vei ut\u00e1n Aradon \u00e9lt. V\u00e9g\u00fcl vend\u00e9gl\u0151t nyitott. Cikkei a Nagyv\u00e1radi Napl\u00f3, Arad \u00e9s Vid\u00e9ke \u2013ben. &#8211; <strong>F. m.:<\/strong> el\u0151adt\u00e1k: B\u0171n\u00f6s szerelem (n\u00e9psz\u00ednm\u0171, Nagyv\u00e1rad, 1910), Vilmos husz\u00e1rok (Bp. Kir\u00e1ly Sz\u00ednh\u00e1z, 1914); \u00c9va \u00e9s a f\u00e9rfiak ( Kv., 1920); Babav\u00e1s\u00e1r (Bp., 1922); A S\u00e1rga nagy\u00far (Tv., 1923); Hasis (Bp., 1923); N\u00e9gyesfogat (Tv., 1923); Sz\u00f6kik az asszony (Bp., 1929); Biaritzi V\u00e9nusz (Bp., 1930). \u2013 <strong>F. m.:<\/strong> A s\u00e1rga nagy\u00far (Arad., 1923), Ford\u00edt\u00e1sa: Hardt: Angyalka (1920. <br \/><strong>Irod.:<\/strong> Guly\u00e1s ; K\u00f6t\u0151; RMIL<\/br><\/p>\n","protected":false},"excerpt":{"rendered":"<p>Nagyv\u00e1rad, 1875. m\u00e1j. 1., \u2020 Bp., 1938. m\u00e1rc. 18.: sz\u00edn\u00e9sz, sz\u00ednigazgat\u00f3, \u00edr\u00f3. \u2013 A sz\u00edn\u00e9szi p\u00e1ly\u00e1ra l\u00e9pett Polg\u00e1r B\u00e9la t\u00e1rsulat\u00e1ban (1897) ; Szerepelt : P\u00e9csett, Gy\u0151rben, Kv.-on, Bp.-en (Modern Sz\u00ednh\u00e1z Cabaret, Nagy Endre Modern Sz\u00ednpada, Hidv\u00e9ghy Ern\u0151 Stagione T\u00e1rs.) l\u00e9pett fel ; Erd\u00e9lyben j\u00e1tszott (1911\u2013) Kv.-on, majd a mv.-i \u00e9s a nagyszebeni sz\u00ednh\u00e1z m\u0171v\u00e9szeti igazgat\u00f3ja [&hellip;]<\/p>\n","protected":false},"featured_media":0,"comment_status":"open","ping_status":"closed","template":"","meta":[],"product_brand":[],"product_cat":[137],"product_tag":[],"class_list":{"0":"post-11280","1":"product","2":"type-product","3":"status-publish","5":"product_cat-maros-megyei-eletrajzi-lexikon","7":"first","8":"instock","9":"shipping-taxable","10":"product-type-simple"},"_links":{"self":[{"href":"https:\/\/uj.adatbank.ro\/lexikon\/wp-json\/wp\/v2\/product\/11280","targetHints":{"allow":["GET"]}}],"collection":[{"href":"https:\/\/uj.adatbank.ro\/lexikon\/wp-json\/wp\/v2\/product"}],"about":[{"href":"https:\/\/uj.adatbank.ro\/lexikon\/wp-json\/wp\/v2\/types\/product"}],"replies":[{"embeddable":true,"href":"https:\/\/uj.adatbank.ro\/lexikon\/wp-json\/wp\/v2\/comments?post=11280"}],"wp:attachment":[{"href":"https:\/\/uj.adatbank.ro\/lexikon\/wp-json\/wp\/v2\/media?parent=11280"}],"wp:term":[{"taxonomy":"product_brand","embeddable":true,"href":"https:\/\/uj.adatbank.ro\/lexikon\/wp-json\/wp\/v2\/product_brand?post=11280"},{"taxonomy":"product_cat","embeddable":true,"href":"https:\/\/uj.adatbank.ro\/lexikon\/wp-json\/wp\/v2\/product_cat?post=11280"},{"taxonomy":"product_tag","embeddable":true,"href":"https:\/\/uj.adatbank.ro\/lexikon\/wp-json\/wp\/v2\/product_tag?post=11280"}],"curies":[{"name":"wp","href":"https:\/\/api.w.org\/{rel}","templated":true}]}}