{"id":11284,"date":"2025-06-29T13:47:52","date_gmt":"2025-06-29T11:47:52","guid":{"rendered":"https:\/\/uj.adatbank.ro\/lexikon\/termek\/karkai-samuel-krakkai-samuel\/"},"modified":"2025-06-29T13:47:52","modified_gmt":"2025-06-29T11:47:52","slug":"karkai-samuel-krakkai-samuel","status":"publish","type":"product","link":"https:\/\/uj.adatbank.ro\/lexikon\/termek\/karkai-samuel-krakkai-samuel\/","title":{"rendered":"KARKAI S\u00e1muel, Krakkai S\u00e1muel"},"content":{"rendered":"<p>? \u2020 ? : ref. lelk\u00e9sz. \u2013 S\u00e1rospatak-Gyulafeh\u00e9rv\u00e1ron subscrib\u00e1lt (1706). A L\u00e1z\u00e1r csal\u00e1dn\u00e1l volt nevel\u0151, majd Magyarigenben rektor. Lelk\u00e9sz Magyarkir\u00e1lyfalv\u00e1n (1716\u201322, 1725\u201339), Nagykenden (1739\u20131746). <br \/><strong>Irod.:<\/strong> Kend \u00e9s egyh\u00e1za; K\u00fck\u00fcll\u0151i Ref. Egyh\u00e1zm. 3., 4.<\/br><\/p>\n","protected":false},"excerpt":{"rendered":"<p>? \u2020 ? : ref. lelk\u00e9sz. \u2013 S\u00e1rospatak-Gyulafeh\u00e9rv\u00e1ron subscrib\u00e1lt (1706). A L\u00e1z\u00e1r csal\u00e1dn\u00e1l volt nevel\u0151, majd Magyarigenben rektor. Lelk\u00e9sz Magyarkir\u00e1lyfalv\u00e1n (1716\u201322, 1725\u201339), Nagykenden (1739\u20131746). Irod.: Kend \u00e9s egyh\u00e1za; K\u00fck\u00fcll\u0151i Ref. Egyh\u00e1zm. 3., 4.<\/p>\n","protected":false},"featured_media":0,"comment_status":"open","ping_status":"closed","template":"","meta":[],"product_brand":[],"product_cat":[137],"product_tag":[],"class_list":{"0":"post-11284","1":"product","2":"type-product","3":"status-publish","5":"product_cat-maros-megyei-eletrajzi-lexikon","7":"first","8":"instock","9":"shipping-taxable","10":"product-type-simple"},"_links":{"self":[{"href":"https:\/\/uj.adatbank.ro\/lexikon\/wp-json\/wp\/v2\/product\/11284","targetHints":{"allow":["GET"]}}],"collection":[{"href":"https:\/\/uj.adatbank.ro\/lexikon\/wp-json\/wp\/v2\/product"}],"about":[{"href":"https:\/\/uj.adatbank.ro\/lexikon\/wp-json\/wp\/v2\/types\/product"}],"replies":[{"embeddable":true,"href":"https:\/\/uj.adatbank.ro\/lexikon\/wp-json\/wp\/v2\/comments?post=11284"}],"wp:attachment":[{"href":"https:\/\/uj.adatbank.ro\/lexikon\/wp-json\/wp\/v2\/media?parent=11284"}],"wp:term":[{"taxonomy":"product_brand","embeddable":true,"href":"https:\/\/uj.adatbank.ro\/lexikon\/wp-json\/wp\/v2\/product_brand?post=11284"},{"taxonomy":"product_cat","embeddable":true,"href":"https:\/\/uj.adatbank.ro\/lexikon\/wp-json\/wp\/v2\/product_cat?post=11284"},{"taxonomy":"product_tag","embeddable":true,"href":"https:\/\/uj.adatbank.ro\/lexikon\/wp-json\/wp\/v2\/product_tag?post=11284"}],"curies":[{"name":"wp","href":"https:\/\/api.w.org\/{rel}","templated":true}]}}