{"id":11291,"date":"2025-06-29T13:48:06","date_gmt":"2025-06-29T11:48:06","guid":{"rendered":"https:\/\/uj.adatbank.ro\/lexikon\/termek\/karolyi-sandor\/"},"modified":"2025-06-29T13:48:06","modified_gmt":"2025-06-29T11:48:06","slug":"karolyi-sandor","status":"publish","type":"product","link":"https:\/\/uj.adatbank.ro\/lexikon\/termek\/karolyi-sandor\/","title":{"rendered":"K\u00c1ROLYI S\u00e1ndor"},"content":{"rendered":"<p>? \u2020 1906 : parlamenti k\u00e9pvisel\u0151. \u2013 A magyar mez\u0151gazdas\u00e1gi sz\u00f6vetkezeti mozgalom kezdem\u00e9nyez\u0151je \u00e9s ir\u00e1ny\u00edt\u00f3ja. Az els\u0151 hitelsz\u00f6vetkezet Mez\u0151s\u00e1msondon alakult meg. (1891), majd Gernyeszegen, Mez\u0151paniton \u00e9s Mez\u0151madarason (1892). <br \/><strong>Irod.:<\/strong> Bethlen Istv\u00e1n : Eml\u00e9kbesz\u00e9d gr. K. S. felett (Mv., 1906), Id\u0151t\u00e1r 2-<\/br><\/p>\n","protected":false},"excerpt":{"rendered":"<p>? \u2020 1906 : parlamenti k\u00e9pvisel\u0151. \u2013 A magyar mez\u0151gazdas\u00e1gi sz\u00f6vetkezeti mozgalom kezdem\u00e9nyez\u0151je \u00e9s ir\u00e1ny\u00edt\u00f3ja. Az els\u0151 hitelsz\u00f6vetkezet Mez\u0151s\u00e1msondon alakult meg. (1891), majd Gernyeszegen, Mez\u0151paniton \u00e9s Mez\u0151madarason (1892). Irod.: Bethlen Istv\u00e1n : Eml\u00e9kbesz\u00e9d gr. K. S. felett (Mv., 1906), Id\u0151t\u00e1r 2-<\/p>\n","protected":false},"featured_media":0,"comment_status":"open","ping_status":"closed","template":"","meta":[],"product_brand":[],"product_cat":[137],"product_tag":[],"class_list":{"0":"post-11291","1":"product","2":"type-product","3":"status-publish","5":"product_cat-maros-megyei-eletrajzi-lexikon","7":"first","8":"instock","9":"shipping-taxable","10":"product-type-simple"},"_links":{"self":[{"href":"https:\/\/uj.adatbank.ro\/lexikon\/wp-json\/wp\/v2\/product\/11291","targetHints":{"allow":["GET"]}}],"collection":[{"href":"https:\/\/uj.adatbank.ro\/lexikon\/wp-json\/wp\/v2\/product"}],"about":[{"href":"https:\/\/uj.adatbank.ro\/lexikon\/wp-json\/wp\/v2\/types\/product"}],"replies":[{"embeddable":true,"href":"https:\/\/uj.adatbank.ro\/lexikon\/wp-json\/wp\/v2\/comments?post=11291"}],"wp:attachment":[{"href":"https:\/\/uj.adatbank.ro\/lexikon\/wp-json\/wp\/v2\/media?parent=11291"}],"wp:term":[{"taxonomy":"product_brand","embeddable":true,"href":"https:\/\/uj.adatbank.ro\/lexikon\/wp-json\/wp\/v2\/product_brand?post=11291"},{"taxonomy":"product_cat","embeddable":true,"href":"https:\/\/uj.adatbank.ro\/lexikon\/wp-json\/wp\/v2\/product_cat?post=11291"},{"taxonomy":"product_tag","embeddable":true,"href":"https:\/\/uj.adatbank.ro\/lexikon\/wp-json\/wp\/v2\/product_tag?post=11291"}],"curies":[{"name":"wp","href":"https:\/\/api.w.org\/{rel}","templated":true}]}}