{"id":11292,"date":"2025-06-29T13:48:10","date_gmt":"2025-06-29T11:48:10","guid":{"rendered":"https:\/\/uj.adatbank.ro\/lexikon\/termek\/karolyi-zsofia\/"},"modified":"2025-06-29T13:48:10","modified_gmt":"2025-06-29T11:48:10","slug":"karolyi-zsofia","status":"publish","type":"product","link":"https:\/\/uj.adatbank.ro\/lexikon\/termek\/karolyi-zsofia\/","title":{"rendered":"K\u00c1ROLYI Zs\u00f3fia"},"content":{"rendered":"<p>1570 \u00e9vek v\u00e9g\u00e9n v. 1580 elej\u00e9n, \u2020 ?: \u2026. Apja K\u00e1rolyi Istv\u00e1n, a gyalogpusk\u00e1sok kapit\u00e1nya, f\u0151kapit\u00e1nya, a vajdai test\u0151rgyalogok kapit\u00e1nya, udvari gyalogok kapit\u00e1nya, gyalui v\u00e1r gyalogosainak kapit\u00e1nya, vajdai f\u0151kapit\u00e1ny, gazdag f\u00f6ldes\u00far. (\u20201591. febr. 26?). Anyja, Buni Bethlen S\u00e1ra, apj\u00e1nak m\u00e1sodik feles\u00e9ge. Testv\u00e9rei: Katalin \u00e9s Istv\u00e1n. F\u00e9rje: 1. nemzetes Kir\u00e1lyfalvi \/Z\u00e1gori Tarn\u00f3czy Sebesty\u00e9n (1599 v\u00e9ge\u20131600 eleje)<\/br><\/p>\n","protected":false},"excerpt":{"rendered":"<p>1570 \u00e9vek v\u00e9g\u00e9n v. 1580 elej\u00e9n, \u2020 ?: \u2026. Apja K\u00e1rolyi Istv\u00e1n, a gyalogpusk\u00e1sok kapit\u00e1nya, f\u0151kapit\u00e1nya, a vajdai test\u0151rgyalogok kapit\u00e1nya, udvari gyalogok kapit\u00e1nya, gyalui v\u00e1r gyalogosainak kapit\u00e1nya, vajdai f\u0151kapit\u00e1ny, gazdag f\u00f6ldes\u00far. (\u20201591. febr. 26?). Anyja, Buni Bethlen S\u00e1ra, apj\u00e1nak m\u00e1sodik feles\u00e9ge. Testv\u00e9rei: Katalin \u00e9s Istv\u00e1n. F\u00e9rje: 1. nemzetes Kir\u00e1lyfalvi \/Z\u00e1gori Tarn\u00f3czy Sebesty\u00e9n (1599 v\u00e9ge\u20131600 eleje)<\/p>\n","protected":false},"featured_media":0,"comment_status":"open","ping_status":"closed","template":"","meta":[],"product_brand":[],"product_cat":[137],"product_tag":[],"class_list":{"0":"post-11292","1":"product","2":"type-product","3":"status-publish","5":"product_cat-maros-megyei-eletrajzi-lexikon","7":"first","8":"instock","9":"shipping-taxable","10":"product-type-simple"},"_links":{"self":[{"href":"https:\/\/uj.adatbank.ro\/lexikon\/wp-json\/wp\/v2\/product\/11292","targetHints":{"allow":["GET"]}}],"collection":[{"href":"https:\/\/uj.adatbank.ro\/lexikon\/wp-json\/wp\/v2\/product"}],"about":[{"href":"https:\/\/uj.adatbank.ro\/lexikon\/wp-json\/wp\/v2\/types\/product"}],"replies":[{"embeddable":true,"href":"https:\/\/uj.adatbank.ro\/lexikon\/wp-json\/wp\/v2\/comments?post=11292"}],"wp:attachment":[{"href":"https:\/\/uj.adatbank.ro\/lexikon\/wp-json\/wp\/v2\/media?parent=11292"}],"wp:term":[{"taxonomy":"product_brand","embeddable":true,"href":"https:\/\/uj.adatbank.ro\/lexikon\/wp-json\/wp\/v2\/product_brand?post=11292"},{"taxonomy":"product_cat","embeddable":true,"href":"https:\/\/uj.adatbank.ro\/lexikon\/wp-json\/wp\/v2\/product_cat?post=11292"},{"taxonomy":"product_tag","embeddable":true,"href":"https:\/\/uj.adatbank.ro\/lexikon\/wp-json\/wp\/v2\/product_tag?post=11292"}],"curies":[{"name":"wp","href":"https:\/\/api.w.org\/{rel}","templated":true}]}}