{"id":11294,"date":"2025-06-29T13:48:15","date_gmt":"2025-06-29T11:48:15","guid":{"rendered":"https:\/\/uj.adatbank.ro\/lexikon\/termek\/karpath-jozsef\/"},"modified":"2025-06-29T13:48:15","modified_gmt":"2025-06-29T11:48:15","slug":"karpath-jozsef","status":"publish","type":"product","link":"https:\/\/uj.adatbank.ro\/lexikon\/termek\/karpath-jozsef\/","title":{"rendered":"K\u00c1RP\u00c1TH J\u00f3zsef"},"content":{"rendered":"<p>?, \u2020 ? : tan\u00edt\u00f3. \u2013 Feles\u00e9ge K. Ir\u00e9n tan\u00edt\u00f3n\u0151. Ny\u00e1r\u00e1dszentbenedeken tan\u00edtott (1956\u201369). Sz\u00edndarabokat tan\u00edtottak be. <br \/><strong>Irod.:<\/strong> Ny\u00e1r\u00e1dszentbenedek<\/br><\/p>\n","protected":false},"excerpt":{"rendered":"<p>?, \u2020 ? : tan\u00edt\u00f3. \u2013 Feles\u00e9ge K. Ir\u00e9n tan\u00edt\u00f3n\u0151. Ny\u00e1r\u00e1dszentbenedeken tan\u00edtott (1956\u201369). Sz\u00edndarabokat tan\u00edtottak be. Irod.: Ny\u00e1r\u00e1dszentbenedek<\/p>\n","protected":false},"featured_media":0,"comment_status":"open","ping_status":"closed","template":"","meta":[],"product_brand":[],"product_cat":[137],"product_tag":[],"class_list":{"0":"post-11294","1":"product","2":"type-product","3":"status-publish","5":"product_cat-maros-megyei-eletrajzi-lexikon","7":"first","8":"instock","9":"shipping-taxable","10":"product-type-simple"},"_links":{"self":[{"href":"https:\/\/uj.adatbank.ro\/lexikon\/wp-json\/wp\/v2\/product\/11294","targetHints":{"allow":["GET"]}}],"collection":[{"href":"https:\/\/uj.adatbank.ro\/lexikon\/wp-json\/wp\/v2\/product"}],"about":[{"href":"https:\/\/uj.adatbank.ro\/lexikon\/wp-json\/wp\/v2\/types\/product"}],"replies":[{"embeddable":true,"href":"https:\/\/uj.adatbank.ro\/lexikon\/wp-json\/wp\/v2\/comments?post=11294"}],"wp:attachment":[{"href":"https:\/\/uj.adatbank.ro\/lexikon\/wp-json\/wp\/v2\/media?parent=11294"}],"wp:term":[{"taxonomy":"product_brand","embeddable":true,"href":"https:\/\/uj.adatbank.ro\/lexikon\/wp-json\/wp\/v2\/product_brand?post=11294"},{"taxonomy":"product_cat","embeddable":true,"href":"https:\/\/uj.adatbank.ro\/lexikon\/wp-json\/wp\/v2\/product_cat?post=11294"},{"taxonomy":"product_tag","embeddable":true,"href":"https:\/\/uj.adatbank.ro\/lexikon\/wp-json\/wp\/v2\/product_tag?post=11294"}],"curies":[{"name":"wp","href":"https:\/\/api.w.org\/{rel}","templated":true}]}}