{"id":11295,"date":"2025-06-29T13:48:17","date_gmt":"2025-06-29T11:48:17","guid":{"rendered":"https:\/\/uj.adatbank.ro\/lexikon\/termek\/karpelesz-aron\/"},"modified":"2025-06-29T13:48:17","modified_gmt":"2025-06-29T11:48:17","slug":"karpelesz-aron","status":"publish","type":"product","link":"https:\/\/uj.adatbank.ro\/lexikon\/termek\/karpelesz-aron\/","title":{"rendered":"K\u00c1RPELESZ \u00c1ron"},"content":{"rendered":"<p>?, \u2020 ? : Feles\u00e9ge: L\u00e1j\u00fa. Fiaik. Izs\u00e1k, Leopold (aki Refol) szobafest\u0151k, Mih\u00e1ly, cip\u00e9sz. \u00e9s Icu. Mv.-en laktak.<\/br><\/p>\n","protected":false},"excerpt":{"rendered":"<p>?, \u2020 ? : Feles\u00e9ge: L\u00e1j\u00fa. Fiaik. Izs\u00e1k, Leopold (aki Refol) szobafest\u0151k, Mih\u00e1ly, cip\u00e9sz. \u00e9s Icu. Mv.-en laktak.<\/p>\n","protected":false},"featured_media":0,"comment_status":"open","ping_status":"closed","template":"","meta":[],"product_brand":[],"product_cat":[137],"product_tag":[],"class_list":{"0":"post-11295","1":"product","2":"type-product","3":"status-publish","5":"product_cat-maros-megyei-eletrajzi-lexikon","7":"first","8":"instock","9":"shipping-taxable","10":"product-type-simple"},"_links":{"self":[{"href":"https:\/\/uj.adatbank.ro\/lexikon\/wp-json\/wp\/v2\/product\/11295","targetHints":{"allow":["GET"]}}],"collection":[{"href":"https:\/\/uj.adatbank.ro\/lexikon\/wp-json\/wp\/v2\/product"}],"about":[{"href":"https:\/\/uj.adatbank.ro\/lexikon\/wp-json\/wp\/v2\/types\/product"}],"replies":[{"embeddable":true,"href":"https:\/\/uj.adatbank.ro\/lexikon\/wp-json\/wp\/v2\/comments?post=11295"}],"wp:attachment":[{"href":"https:\/\/uj.adatbank.ro\/lexikon\/wp-json\/wp\/v2\/media?parent=11295"}],"wp:term":[{"taxonomy":"product_brand","embeddable":true,"href":"https:\/\/uj.adatbank.ro\/lexikon\/wp-json\/wp\/v2\/product_brand?post=11295"},{"taxonomy":"product_cat","embeddable":true,"href":"https:\/\/uj.adatbank.ro\/lexikon\/wp-json\/wp\/v2\/product_cat?post=11295"},{"taxonomy":"product_tag","embeddable":true,"href":"https:\/\/uj.adatbank.ro\/lexikon\/wp-json\/wp\/v2\/product_tag?post=11295"}],"curies":[{"name":"wp","href":"https:\/\/api.w.org\/{rel}","templated":true}]}}