{"id":11296,"date":"2025-06-29T13:48:20","date_gmt":"2025-06-29T11:48:20","guid":{"rendered":"https:\/\/uj.adatbank.ro\/lexikon\/termek\/karpelesz-leopold\/"},"modified":"2025-06-29T13:48:20","modified_gmt":"2025-06-29T11:48:20","slug":"karpelesz-leopold","status":"publish","type":"product","link":"https:\/\/uj.adatbank.ro\/lexikon\/termek\/karpelesz-leopold\/","title":{"rendered":"K\u00c1RPELESZ Leopold"},"content":{"rendered":"<p>?, \u2020 ? : A n\u00f6v\u00e9re: L\u00e1j\u00fa. &#8211; A gyergy\u00f3i f\u0171r\u00e9sztelepen dolgozott. Auschwitzban n\u00e9gy-\u00f6t hetet volt a cig\u00e1nyl\u00e1gerben, a cig\u00e1nyokat el\u00e9gett\u00e9k. <br \/><strong>Irod.:<\/strong> Kir\u00e1ly Kinga J.<\/br><\/p>\n","protected":false},"excerpt":{"rendered":"<p>?, \u2020 ? : A n\u00f6v\u00e9re: L\u00e1j\u00fa. &#8211; A gyergy\u00f3i f\u0171r\u00e9sztelepen dolgozott. Auschwitzban n\u00e9gy-\u00f6t hetet volt a cig\u00e1nyl\u00e1gerben, a cig\u00e1nyokat el\u00e9gett\u00e9k. Irod.: Kir\u00e1ly Kinga J.<\/p>\n","protected":false},"featured_media":0,"comment_status":"open","ping_status":"closed","template":"","meta":[],"product_brand":[],"product_cat":[137],"product_tag":[],"class_list":{"0":"post-11296","1":"product","2":"type-product","3":"status-publish","5":"product_cat-maros-megyei-eletrajzi-lexikon","7":"first","8":"instock","9":"shipping-taxable","10":"product-type-simple"},"_links":{"self":[{"href":"https:\/\/uj.adatbank.ro\/lexikon\/wp-json\/wp\/v2\/product\/11296","targetHints":{"allow":["GET"]}}],"collection":[{"href":"https:\/\/uj.adatbank.ro\/lexikon\/wp-json\/wp\/v2\/product"}],"about":[{"href":"https:\/\/uj.adatbank.ro\/lexikon\/wp-json\/wp\/v2\/types\/product"}],"replies":[{"embeddable":true,"href":"https:\/\/uj.adatbank.ro\/lexikon\/wp-json\/wp\/v2\/comments?post=11296"}],"wp:attachment":[{"href":"https:\/\/uj.adatbank.ro\/lexikon\/wp-json\/wp\/v2\/media?parent=11296"}],"wp:term":[{"taxonomy":"product_brand","embeddable":true,"href":"https:\/\/uj.adatbank.ro\/lexikon\/wp-json\/wp\/v2\/product_brand?post=11296"},{"taxonomy":"product_cat","embeddable":true,"href":"https:\/\/uj.adatbank.ro\/lexikon\/wp-json\/wp\/v2\/product_cat?post=11296"},{"taxonomy":"product_tag","embeddable":true,"href":"https:\/\/uj.adatbank.ro\/lexikon\/wp-json\/wp\/v2\/product_tag?post=11296"}],"curies":[{"name":"wp","href":"https:\/\/api.w.org\/{rel}","templated":true}]}}