{"id":11297,"date":"2025-06-29T13:48:24","date_gmt":"2025-06-29T11:48:24","guid":{"rendered":"https:\/\/uj.adatbank.ro\/lexikon\/termek\/karpentzky-tamas-karpentzky-thamas\/"},"modified":"2025-06-29T13:48:24","modified_gmt":"2025-06-29T11:48:24","slug":"karpentzky-tamas-karpentzky-thamas","status":"publish","type":"product","link":"https:\/\/uj.adatbank.ro\/lexikon\/termek\/karpentzky-tamas-karpentzky-thamas\/","title":{"rendered":"K\u00c1RPENTZKY Tam\u00e1s, K\u00e1rpentzky Tham\u00e1s"},"content":{"rendered":"<p>?, \u2020 ? : Mv. f\u0151b\u00edr\u00f3ja (1538). <br \/><strong>Irod.:<\/strong> Fodor\u2013Bal\u00e1s<\/br><\/p>\n","protected":false},"excerpt":{"rendered":"<p>?, \u2020 ? : Mv. f\u0151b\u00edr\u00f3ja (1538). Irod.: Fodor\u2013Bal\u00e1s<\/p>\n","protected":false},"featured_media":0,"comment_status":"open","ping_status":"closed","template":"","meta":[],"product_brand":[],"product_cat":[137],"product_tag":[],"class_list":{"0":"post-11297","1":"product","2":"type-product","3":"status-publish","5":"product_cat-maros-megyei-eletrajzi-lexikon","7":"first","8":"instock","9":"shipping-taxable","10":"product-type-simple"},"_links":{"self":[{"href":"https:\/\/uj.adatbank.ro\/lexikon\/wp-json\/wp\/v2\/product\/11297","targetHints":{"allow":["GET"]}}],"collection":[{"href":"https:\/\/uj.adatbank.ro\/lexikon\/wp-json\/wp\/v2\/product"}],"about":[{"href":"https:\/\/uj.adatbank.ro\/lexikon\/wp-json\/wp\/v2\/types\/product"}],"replies":[{"embeddable":true,"href":"https:\/\/uj.adatbank.ro\/lexikon\/wp-json\/wp\/v2\/comments?post=11297"}],"wp:attachment":[{"href":"https:\/\/uj.adatbank.ro\/lexikon\/wp-json\/wp\/v2\/media?parent=11297"}],"wp:term":[{"taxonomy":"product_brand","embeddable":true,"href":"https:\/\/uj.adatbank.ro\/lexikon\/wp-json\/wp\/v2\/product_brand?post=11297"},{"taxonomy":"product_cat","embeddable":true,"href":"https:\/\/uj.adatbank.ro\/lexikon\/wp-json\/wp\/v2\/product_cat?post=11297"},{"taxonomy":"product_tag","embeddable":true,"href":"https:\/\/uj.adatbank.ro\/lexikon\/wp-json\/wp\/v2\/product_tag?post=11297"}],"curies":[{"name":"wp","href":"https:\/\/api.w.org\/{rel}","templated":true}]}}