{"id":11298,"date":"2025-06-29T13:48:27","date_gmt":"2025-06-29T11:48:27","guid":{"rendered":"https:\/\/uj.adatbank.ro\/lexikon\/termek\/karpf-ferenc\/"},"modified":"2025-06-29T13:48:27","modified_gmt":"2025-06-29T11:48:27","slug":"karpf-ferenc","status":"publish","type":"product","link":"https:\/\/uj.adatbank.ro\/lexikon\/termek\/karpf-ferenc\/","title":{"rendered":"KARPF Ferenc"},"content":{"rendered":"<p>Mv., 1913 \u2020 Dics\u0151szentm\u00e1rton, 1998.: \u00fcgyv\u00e9d, Sebesty\u00e9n Mih\u00e1ly nagyb\u00e1tyja. \u2013 Kv.-on \u00e9s Frankfurt am Mainban tanult. A medgyesi N\u00e9met Gimn\u00e1ziumban tan\u00edtott. A zsid\u00f3k p\u00e1rtfog\u00f3ja \u00e9s b\u00e1tor\u00edt\u00f3ja volt. &#8211;<br \/><strong>Irod.:<\/strong> Sebesty\u00e9n Mih\u00e1ly<\/br><\/p>\n","protected":false},"excerpt":{"rendered":"<p>Mv., 1913 \u2020 Dics\u0151szentm\u00e1rton, 1998.: \u00fcgyv\u00e9d, Sebesty\u00e9n Mih\u00e1ly nagyb\u00e1tyja. \u2013 Kv.-on \u00e9s Frankfurt am Mainban tanult. A medgyesi N\u00e9met Gimn\u00e1ziumban tan\u00edtott. A zsid\u00f3k p\u00e1rtfog\u00f3ja \u00e9s b\u00e1tor\u00edt\u00f3ja volt. &#8211;Irod.: Sebesty\u00e9n Mih\u00e1ly<\/p>\n","protected":false},"featured_media":0,"comment_status":"open","ping_status":"closed","template":"","meta":[],"product_brand":[],"product_cat":[137],"product_tag":[],"class_list":{"0":"post-11298","1":"product","2":"type-product","3":"status-publish","5":"product_cat-maros-megyei-eletrajzi-lexikon","7":"first","8":"instock","9":"shipping-taxable","10":"product-type-simple"},"_links":{"self":[{"href":"https:\/\/uj.adatbank.ro\/lexikon\/wp-json\/wp\/v2\/product\/11298","targetHints":{"allow":["GET"]}}],"collection":[{"href":"https:\/\/uj.adatbank.ro\/lexikon\/wp-json\/wp\/v2\/product"}],"about":[{"href":"https:\/\/uj.adatbank.ro\/lexikon\/wp-json\/wp\/v2\/types\/product"}],"replies":[{"embeddable":true,"href":"https:\/\/uj.adatbank.ro\/lexikon\/wp-json\/wp\/v2\/comments?post=11298"}],"wp:attachment":[{"href":"https:\/\/uj.adatbank.ro\/lexikon\/wp-json\/wp\/v2\/media?parent=11298"}],"wp:term":[{"taxonomy":"product_brand","embeddable":true,"href":"https:\/\/uj.adatbank.ro\/lexikon\/wp-json\/wp\/v2\/product_brand?post=11298"},{"taxonomy":"product_cat","embeddable":true,"href":"https:\/\/uj.adatbank.ro\/lexikon\/wp-json\/wp\/v2\/product_cat?post=11298"},{"taxonomy":"product_tag","embeddable":true,"href":"https:\/\/uj.adatbank.ro\/lexikon\/wp-json\/wp\/v2\/product_tag?post=11298"}],"curies":[{"name":"wp","href":"https:\/\/api.w.org\/{rel}","templated":true}]}}