{"id":11301,"date":"2025-06-29T13:48:33","date_gmt":"2025-06-29T11:48:33","guid":{"rendered":"https:\/\/uj.adatbank.ro\/lexikon\/termek\/kasa-imre\/"},"modified":"2025-06-29T13:48:33","modified_gmt":"2025-06-29T11:48:33","slug":"kasa-imre","status":"publish","type":"product","link":"https:\/\/uj.adatbank.ro\/lexikon\/termek\/kasa-imre\/","title":{"rendered":"K\u00c1SA Imre"},"content":{"rendered":"<p>?, \u2020 ? : pap- tan\u00edt\u00f3. \u2013 Ny\u00e1r\u00e1dsely\u00e9ben szolg\u00e1lt (1800\u20131807), ahol az \u0151 idej\u00e9ben folytat\u00f3dott az \u00faj templom \u00e9p\u00edt\u00e9se az e c\u00e9lra v\u00e9gzett gy\u0171jt\u00e9sekb\u0151l. Szentgeric\u00e9re t\u00e1vozott (1808\u20131819). <br \/><strong>Irod.:<\/strong> Imreh Barna; Ny\u00e1r\u00e1dselye \u00e9s egyh\u00e1zai<\/br><\/p>\n","protected":false},"excerpt":{"rendered":"<p>?, \u2020 ? : pap- tan\u00edt\u00f3. \u2013 Ny\u00e1r\u00e1dsely\u00e9ben szolg\u00e1lt (1800\u20131807), ahol az \u0151 idej\u00e9ben folytat\u00f3dott az \u00faj templom \u00e9p\u00edt\u00e9se az e c\u00e9lra v\u00e9gzett gy\u0171jt\u00e9sekb\u0151l. Szentgeric\u00e9re t\u00e1vozott (1808\u20131819). Irod.: Imreh Barna; Ny\u00e1r\u00e1dselye \u00e9s egyh\u00e1zai<\/p>\n","protected":false},"featured_media":0,"comment_status":"open","ping_status":"closed","template":"","meta":[],"product_brand":[],"product_cat":[137],"product_tag":[],"class_list":{"0":"post-11301","1":"product","2":"type-product","3":"status-publish","5":"product_cat-maros-megyei-eletrajzi-lexikon","7":"first","8":"instock","9":"shipping-taxable","10":"product-type-simple"},"_links":{"self":[{"href":"https:\/\/uj.adatbank.ro\/lexikon\/wp-json\/wp\/v2\/product\/11301","targetHints":{"allow":["GET"]}}],"collection":[{"href":"https:\/\/uj.adatbank.ro\/lexikon\/wp-json\/wp\/v2\/product"}],"about":[{"href":"https:\/\/uj.adatbank.ro\/lexikon\/wp-json\/wp\/v2\/types\/product"}],"replies":[{"embeddable":true,"href":"https:\/\/uj.adatbank.ro\/lexikon\/wp-json\/wp\/v2\/comments?post=11301"}],"wp:attachment":[{"href":"https:\/\/uj.adatbank.ro\/lexikon\/wp-json\/wp\/v2\/media?parent=11301"}],"wp:term":[{"taxonomy":"product_brand","embeddable":true,"href":"https:\/\/uj.adatbank.ro\/lexikon\/wp-json\/wp\/v2\/product_brand?post=11301"},{"taxonomy":"product_cat","embeddable":true,"href":"https:\/\/uj.adatbank.ro\/lexikon\/wp-json\/wp\/v2\/product_cat?post=11301"},{"taxonomy":"product_tag","embeddable":true,"href":"https:\/\/uj.adatbank.ro\/lexikon\/wp-json\/wp\/v2\/product_tag?post=11301"}],"curies":[{"name":"wp","href":"https:\/\/api.w.org\/{rel}","templated":true}]}}