{"id":11302,"date":"2025-06-29T13:48:34","date_gmt":"2025-06-29T11:48:34","guid":{"rendered":"https:\/\/uj.adatbank.ro\/lexikon\/termek\/kasa-imre-2\/"},"modified":"2025-06-29T13:48:34","modified_gmt":"2025-06-29T11:48:34","slug":"kasa-imre-2","status":"publish","type":"product","link":"https:\/\/uj.adatbank.ro\/lexikon\/termek\/kasa-imre-2\/","title":{"rendered":"K\u00c1SA Imre"},"content":{"rendered":"<p>?, \u2020 M\u00e1ja, 1822: ref. lek\u00e9sz. &#8211; M\u00e1j\u00e1ban volt lelk\u00e9sz (1818\u20131822 ).-irod.: M\u00e1ja<\/br><\/p>\n","protected":false},"excerpt":{"rendered":"<p>?, \u2020 M\u00e1ja, 1822: ref. lek\u00e9sz. &#8211; M\u00e1j\u00e1ban volt lelk\u00e9sz (1818\u20131822 ).-irod.: M\u00e1ja<\/p>\n","protected":false},"featured_media":0,"comment_status":"open","ping_status":"closed","template":"","meta":[],"product_brand":[],"product_cat":[137],"product_tag":[],"class_list":{"0":"post-11302","1":"product","2":"type-product","3":"status-publish","5":"product_cat-maros-megyei-eletrajzi-lexikon","7":"first","8":"instock","9":"shipping-taxable","10":"product-type-simple"},"_links":{"self":[{"href":"https:\/\/uj.adatbank.ro\/lexikon\/wp-json\/wp\/v2\/product\/11302","targetHints":{"allow":["GET"]}}],"collection":[{"href":"https:\/\/uj.adatbank.ro\/lexikon\/wp-json\/wp\/v2\/product"}],"about":[{"href":"https:\/\/uj.adatbank.ro\/lexikon\/wp-json\/wp\/v2\/types\/product"}],"replies":[{"embeddable":true,"href":"https:\/\/uj.adatbank.ro\/lexikon\/wp-json\/wp\/v2\/comments?post=11302"}],"wp:attachment":[{"href":"https:\/\/uj.adatbank.ro\/lexikon\/wp-json\/wp\/v2\/media?parent=11302"}],"wp:term":[{"taxonomy":"product_brand","embeddable":true,"href":"https:\/\/uj.adatbank.ro\/lexikon\/wp-json\/wp\/v2\/product_brand?post=11302"},{"taxonomy":"product_cat","embeddable":true,"href":"https:\/\/uj.adatbank.ro\/lexikon\/wp-json\/wp\/v2\/product_cat?post=11302"},{"taxonomy":"product_tag","embeddable":true,"href":"https:\/\/uj.adatbank.ro\/lexikon\/wp-json\/wp\/v2\/product_tag?post=11302"}],"curies":[{"name":"wp","href":"https:\/\/api.w.org\/{rel}","templated":true}]}}