{"id":11304,"date":"2025-06-29T13:48:38","date_gmt":"2025-06-29T11:48:38","guid":{"rendered":"https:\/\/uj.adatbank.ro\/lexikon\/termek\/kasa-lajos-dr\/"},"modified":"2025-06-29T13:48:38","modified_gmt":"2025-06-29T11:48:38","slug":"kasa-lajos-dr","status":"publish","type":"product","link":"https:\/\/uj.adatbank.ro\/lexikon\/termek\/kasa-lajos-dr\/","title":{"rendered":"K\u00c1SA Lajos, dr."},"content":{"rendered":"<p>Ny\u00e1r\u00e1dszereda, 1855., \u2020 Mv., 1911.: orvos. \u2013 A bp.-i orvosi egyetemen szerezte diplom\u00e1j\u00e1t (1891\/92). Gyimesi k\u00f6rzeti \u00e9s p\u00e1lyaorvos volt. Mv.-en k\u00f6rzeti orvos. <br \/><strong>Irod.:<\/strong> H\u00f6gyes; Kiss-P. &#8211; P; Kiss Cs. M 4.<\/br><\/p>\n","protected":false},"excerpt":{"rendered":"<p>Ny\u00e1r\u00e1dszereda, 1855., \u2020 Mv., 1911.: orvos. \u2013 A bp.-i orvosi egyetemen szerezte diplom\u00e1j\u00e1t (1891\/92). Gyimesi k\u00f6rzeti \u00e9s p\u00e1lyaorvos volt. Mv.-en k\u00f6rzeti orvos. Irod.: H\u00f6gyes; Kiss-P. &#8211; P; Kiss Cs. M 4.<\/p>\n","protected":false},"featured_media":0,"comment_status":"open","ping_status":"closed","template":"","meta":[],"product_brand":[],"product_cat":[137],"product_tag":[],"class_list":{"0":"post-11304","1":"product","2":"type-product","3":"status-publish","5":"product_cat-maros-megyei-eletrajzi-lexikon","7":"first","8":"instock","9":"shipping-taxable","10":"product-type-simple"},"_links":{"self":[{"href":"https:\/\/uj.adatbank.ro\/lexikon\/wp-json\/wp\/v2\/product\/11304","targetHints":{"allow":["GET"]}}],"collection":[{"href":"https:\/\/uj.adatbank.ro\/lexikon\/wp-json\/wp\/v2\/product"}],"about":[{"href":"https:\/\/uj.adatbank.ro\/lexikon\/wp-json\/wp\/v2\/types\/product"}],"replies":[{"embeddable":true,"href":"https:\/\/uj.adatbank.ro\/lexikon\/wp-json\/wp\/v2\/comments?post=11304"}],"wp:attachment":[{"href":"https:\/\/uj.adatbank.ro\/lexikon\/wp-json\/wp\/v2\/media?parent=11304"}],"wp:term":[{"taxonomy":"product_brand","embeddable":true,"href":"https:\/\/uj.adatbank.ro\/lexikon\/wp-json\/wp\/v2\/product_brand?post=11304"},{"taxonomy":"product_cat","embeddable":true,"href":"https:\/\/uj.adatbank.ro\/lexikon\/wp-json\/wp\/v2\/product_cat?post=11304"},{"taxonomy":"product_tag","embeddable":true,"href":"https:\/\/uj.adatbank.ro\/lexikon\/wp-json\/wp\/v2\/product_tag?post=11304"}],"curies":[{"name":"wp","href":"https:\/\/api.w.org\/{rel}","templated":true}]}}