{"id":11309,"date":"2025-06-29T13:48:48","date_gmt":"2025-06-29T11:48:48","guid":{"rendered":"https:\/\/uj.adatbank.ro\/lexikon\/termek\/kassai-eszter\/"},"modified":"2025-06-29T13:48:48","modified_gmt":"2025-06-29T11:48:48","slug":"kassai-eszter","status":"publish","type":"product","link":"https:\/\/uj.adatbank.ro\/lexikon\/termek\/kassai-eszter\/","title":{"rendered":"KASSAI Eszter"},"content":{"rendered":"<p>? \u2020 ? : h\u00e1zi-iparos. \u2013Mv.-i, a h\u00e1zi-iparban dolgozott. A Bp.-i Orsz\u00e1gos \u00c1ltal\u00e1nos Ki\u00e1ll.-on J\u00f3 munk\u00e1\u00e9rt ki\u00e1ll.-i nagy \u00e9remmel t\u00fcntett\u00e9k ki (1885). <br \/><strong>Irod.:<\/strong> 1885. \u00e9vi ki\u00e1ll.<\/br><\/p>\n","protected":false},"excerpt":{"rendered":"<p>? \u2020 ? : h\u00e1zi-iparos. \u2013Mv.-i, a h\u00e1zi-iparban dolgozott. A Bp.-i Orsz\u00e1gos \u00c1ltal\u00e1nos Ki\u00e1ll.-on J\u00f3 munk\u00e1\u00e9rt ki\u00e1ll.-i nagy \u00e9remmel t\u00fcntett\u00e9k ki (1885). Irod.: 1885. \u00e9vi ki\u00e1ll.<\/p>\n","protected":false},"featured_media":0,"comment_status":"open","ping_status":"closed","template":"","meta":[],"product_brand":[],"product_cat":[137],"product_tag":[],"class_list":{"0":"post-11309","1":"product","2":"type-product","3":"status-publish","5":"product_cat-maros-megyei-eletrajzi-lexikon","7":"first","8":"instock","9":"shipping-taxable","10":"product-type-simple"},"_links":{"self":[{"href":"https:\/\/uj.adatbank.ro\/lexikon\/wp-json\/wp\/v2\/product\/11309","targetHints":{"allow":["GET"]}}],"collection":[{"href":"https:\/\/uj.adatbank.ro\/lexikon\/wp-json\/wp\/v2\/product"}],"about":[{"href":"https:\/\/uj.adatbank.ro\/lexikon\/wp-json\/wp\/v2\/types\/product"}],"replies":[{"embeddable":true,"href":"https:\/\/uj.adatbank.ro\/lexikon\/wp-json\/wp\/v2\/comments?post=11309"}],"wp:attachment":[{"href":"https:\/\/uj.adatbank.ro\/lexikon\/wp-json\/wp\/v2\/media?parent=11309"}],"wp:term":[{"taxonomy":"product_brand","embeddable":true,"href":"https:\/\/uj.adatbank.ro\/lexikon\/wp-json\/wp\/v2\/product_brand?post=11309"},{"taxonomy":"product_cat","embeddable":true,"href":"https:\/\/uj.adatbank.ro\/lexikon\/wp-json\/wp\/v2\/product_cat?post=11309"},{"taxonomy":"product_tag","embeddable":true,"href":"https:\/\/uj.adatbank.ro\/lexikon\/wp-json\/wp\/v2\/product_tag?post=11309"}],"curies":[{"name":"wp","href":"https:\/\/api.w.org\/{rel}","templated":true}]}}