{"id":11310,"date":"2025-06-29T13:48:49","date_gmt":"2025-06-29T11:48:49","guid":{"rendered":"https:\/\/uj.adatbank.ro\/lexikon\/termek\/kassai-ferenc\/"},"modified":"2025-06-29T13:48:49","modified_gmt":"2025-06-29T11:48:49","slug":"kassai-ferenc","status":"publish","type":"product","link":"https:\/\/uj.adatbank.ro\/lexikon\/termek\/kassai-ferenc\/","title":{"rendered":"KASSAI Ferenc"},"content":{"rendered":"<p>? \u2020 ? : adom\u00e1nyoz\u00f3. \u2013 A magyarkir\u00e1lyfalvi ref. egyh\u00e1znak aranyozott ez\u00fcst keny\u00e9roszt\u00f3 t\u00e1ny\u00e9rt \u00e9s boros kup\u00e1t adom\u00e1nyozott (1654). <br \/><strong>Irod.:<\/strong> K\u00fck\u00fcll\u0151i Ref. Egyh\u00e1zm. 3.<\/br><\/p>\n","protected":false},"excerpt":{"rendered":"<p>? \u2020 ? : adom\u00e1nyoz\u00f3. \u2013 A magyarkir\u00e1lyfalvi ref. egyh\u00e1znak aranyozott ez\u00fcst keny\u00e9roszt\u00f3 t\u00e1ny\u00e9rt \u00e9s boros kup\u00e1t adom\u00e1nyozott (1654). Irod.: K\u00fck\u00fcll\u0151i Ref. Egyh\u00e1zm. 3.<\/p>\n","protected":false},"featured_media":0,"comment_status":"open","ping_status":"closed","template":"","meta":[],"product_brand":[],"product_cat":[137],"product_tag":[],"class_list":{"0":"post-11310","1":"product","2":"type-product","3":"status-publish","5":"product_cat-maros-megyei-eletrajzi-lexikon","7":"first","8":"instock","9":"shipping-taxable","10":"product-type-simple"},"_links":{"self":[{"href":"https:\/\/uj.adatbank.ro\/lexikon\/wp-json\/wp\/v2\/product\/11310","targetHints":{"allow":["GET"]}}],"collection":[{"href":"https:\/\/uj.adatbank.ro\/lexikon\/wp-json\/wp\/v2\/product"}],"about":[{"href":"https:\/\/uj.adatbank.ro\/lexikon\/wp-json\/wp\/v2\/types\/product"}],"replies":[{"embeddable":true,"href":"https:\/\/uj.adatbank.ro\/lexikon\/wp-json\/wp\/v2\/comments?post=11310"}],"wp:attachment":[{"href":"https:\/\/uj.adatbank.ro\/lexikon\/wp-json\/wp\/v2\/media?parent=11310"}],"wp:term":[{"taxonomy":"product_brand","embeddable":true,"href":"https:\/\/uj.adatbank.ro\/lexikon\/wp-json\/wp\/v2\/product_brand?post=11310"},{"taxonomy":"product_cat","embeddable":true,"href":"https:\/\/uj.adatbank.ro\/lexikon\/wp-json\/wp\/v2\/product_cat?post=11310"},{"taxonomy":"product_tag","embeddable":true,"href":"https:\/\/uj.adatbank.ro\/lexikon\/wp-json\/wp\/v2\/product_tag?post=11310"}],"curies":[{"name":"wp","href":"https:\/\/api.w.org\/{rel}","templated":true}]}}