{"id":11315,"date":"2025-06-29T13:48:58","date_gmt":"2025-06-29T11:48:58","guid":{"rendered":"https:\/\/uj.adatbank.ro\/lexikon\/termek\/kassai-janos\/"},"modified":"2025-06-29T13:48:58","modified_gmt":"2025-06-29T11:48:58","slug":"kassai-janos","status":"publish","type":"product","link":"https:\/\/uj.adatbank.ro\/lexikon\/termek\/kassai-janos\/","title":{"rendered":"KASSAI J\u00e1nos"},"content":{"rendered":"<p>? \u2020 ?: ref. lelk\u00e9sz. \u2013 Mv.-en v\u00e9gzett a Ref. Koll. -ban. Lelk\u00e9szk\u00e9nt Sz\u00e9kelyk\u00f6vesden, majd Sz\u00e9kelykakasdon szolg\u00e1lt (1718\u20131719). <br \/><strong>Irod.:<\/strong> Imreh Barna; Sz\u00e9kelykakasd<\/br><\/p>\n","protected":false},"excerpt":{"rendered":"<p>? \u2020 ?: ref. lelk\u00e9sz. \u2013 Mv.-en v\u00e9gzett a Ref. Koll. -ban. Lelk\u00e9szk\u00e9nt Sz\u00e9kelyk\u00f6vesden, majd Sz\u00e9kelykakasdon szolg\u00e1lt (1718\u20131719). Irod.: Imreh Barna; Sz\u00e9kelykakasd<\/p>\n","protected":false},"featured_media":0,"comment_status":"open","ping_status":"closed","template":"","meta":[],"product_brand":[],"product_cat":[137],"product_tag":[],"class_list":{"0":"post-11315","1":"product","2":"type-product","3":"status-publish","5":"product_cat-maros-megyei-eletrajzi-lexikon","7":"first","8":"instock","9":"shipping-taxable","10":"product-type-simple"},"_links":{"self":[{"href":"https:\/\/uj.adatbank.ro\/lexikon\/wp-json\/wp\/v2\/product\/11315","targetHints":{"allow":["GET"]}}],"collection":[{"href":"https:\/\/uj.adatbank.ro\/lexikon\/wp-json\/wp\/v2\/product"}],"about":[{"href":"https:\/\/uj.adatbank.ro\/lexikon\/wp-json\/wp\/v2\/types\/product"}],"replies":[{"embeddable":true,"href":"https:\/\/uj.adatbank.ro\/lexikon\/wp-json\/wp\/v2\/comments?post=11315"}],"wp:attachment":[{"href":"https:\/\/uj.adatbank.ro\/lexikon\/wp-json\/wp\/v2\/media?parent=11315"}],"wp:term":[{"taxonomy":"product_brand","embeddable":true,"href":"https:\/\/uj.adatbank.ro\/lexikon\/wp-json\/wp\/v2\/product_brand?post=11315"},{"taxonomy":"product_cat","embeddable":true,"href":"https:\/\/uj.adatbank.ro\/lexikon\/wp-json\/wp\/v2\/product_cat?post=11315"},{"taxonomy":"product_tag","embeddable":true,"href":"https:\/\/uj.adatbank.ro\/lexikon\/wp-json\/wp\/v2\/product_tag?post=11315"}],"curies":[{"name":"wp","href":"https:\/\/api.w.org\/{rel}","templated":true}]}}