{"id":11320,"date":"2025-06-29T13:49:09","date_gmt":"2025-06-29T11:49:09","guid":{"rendered":"https:\/\/uj.adatbank.ro\/lexikon\/termek\/kassay-karoly\/"},"modified":"2025-06-29T13:49:09","modified_gmt":"2025-06-29T11:49:09","slug":"kassay-karoly","status":"publish","type":"product","link":"https:\/\/uj.adatbank.ro\/lexikon\/termek\/kassay-karoly\/","title":{"rendered":"KASSAY K\u00e1roly"},"content":{"rendered":"<p>Kassa, 1870. okt. 22., \u2020 Debrecen, 1937. nov. 21.: sz\u00edn\u00e9sz. \u2013 Tan\u00edt\u00f3i oklevelet szerzett, majd sz\u00edn\u00e9szi p\u00e1ly\u00e1ra l\u00e9pett (1888). Erd\u00e9lyben el\u0151sz\u00f6r Kv.-on j\u00e1tszott (1896\u2013), ahol 20 \u00e9vig volt. Az els\u0151 vh. ut\u00e1n Nagyv\u00e1radon j\u00e1tszott, azut\u00e1n Mv.-en (1919\u201323), itt \u00fcnnepelte m\u0171k\u00f6d\u00e9se 35. \u00e9vfordul\u00f3j\u00e1t.; Aradon, Temesv\u00e1ron szerepelt (1924\u201325), ott vonult nyugd\u00edjba (1928). <br \/><strong>Irod.:<\/strong> K\u00f6t\u0151<\/br><\/p>\n","protected":false},"excerpt":{"rendered":"<p>Kassa, 1870. okt. 22., \u2020 Debrecen, 1937. nov. 21.: sz\u00edn\u00e9sz. \u2013 Tan\u00edt\u00f3i oklevelet szerzett, majd sz\u00edn\u00e9szi p\u00e1ly\u00e1ra l\u00e9pett (1888). Erd\u00e9lyben el\u0151sz\u00f6r Kv.-on j\u00e1tszott (1896\u2013), ahol 20 \u00e9vig volt. Az els\u0151 vh. ut\u00e1n Nagyv\u00e1radon j\u00e1tszott, azut\u00e1n Mv.-en (1919\u201323), itt \u00fcnnepelte m\u0171k\u00f6d\u00e9se 35. \u00e9vfordul\u00f3j\u00e1t.; Aradon, Temesv\u00e1ron szerepelt (1924\u201325), ott vonult nyugd\u00edjba (1928). Irod.: K\u00f6t\u0151<\/p>\n","protected":false},"featured_media":0,"comment_status":"open","ping_status":"closed","template":"","meta":[],"product_brand":[],"product_cat":[137],"product_tag":[],"class_list":{"0":"post-11320","1":"product","2":"type-product","3":"status-publish","5":"product_cat-maros-megyei-eletrajzi-lexikon","7":"first","8":"instock","9":"shipping-taxable","10":"product-type-simple"},"_links":{"self":[{"href":"https:\/\/uj.adatbank.ro\/lexikon\/wp-json\/wp\/v2\/product\/11320","targetHints":{"allow":["GET"]}}],"collection":[{"href":"https:\/\/uj.adatbank.ro\/lexikon\/wp-json\/wp\/v2\/product"}],"about":[{"href":"https:\/\/uj.adatbank.ro\/lexikon\/wp-json\/wp\/v2\/types\/product"}],"replies":[{"embeddable":true,"href":"https:\/\/uj.adatbank.ro\/lexikon\/wp-json\/wp\/v2\/comments?post=11320"}],"wp:attachment":[{"href":"https:\/\/uj.adatbank.ro\/lexikon\/wp-json\/wp\/v2\/media?parent=11320"}],"wp:term":[{"taxonomy":"product_brand","embeddable":true,"href":"https:\/\/uj.adatbank.ro\/lexikon\/wp-json\/wp\/v2\/product_brand?post=11320"},{"taxonomy":"product_cat","embeddable":true,"href":"https:\/\/uj.adatbank.ro\/lexikon\/wp-json\/wp\/v2\/product_cat?post=11320"},{"taxonomy":"product_tag","embeddable":true,"href":"https:\/\/uj.adatbank.ro\/lexikon\/wp-json\/wp\/v2\/product_tag?post=11320"}],"curies":[{"name":"wp","href":"https:\/\/api.w.org\/{rel}","templated":true}]}}