{"id":11321,"date":"2025-06-29T13:49:10","date_gmt":"2025-06-29T11:49:10","guid":{"rendered":"https:\/\/uj.adatbank.ro\/lexikon\/termek\/kassay-zoltan\/"},"modified":"2025-06-29T13:49:10","modified_gmt":"2025-06-29T11:49:10","slug":"kassay-zoltan","status":"publish","type":"product","link":"https:\/\/uj.adatbank.ro\/lexikon\/termek\/kassay-zoltan\/","title":{"rendered":"KASSAY Zolt\u00e1n"},"content":{"rendered":"<p>Gyergy\u00f3alfalu (Har), 1928. aug. 31., \u2020 Mv., 2002. j\u00fan. 7.: fest\u0151m\u0171v\u00e9sz. \u2013 Autodidakta t\u00e1jk\u00e9pfest\u0151 Mv.-en. <br \/><strong>Irod.:<\/strong> Moln\u00e1r; [Nekrol\u00f3g] (N\u00fa., 2002., j\u00fan. 10.); Opri\u015f 2018<\/br><\/p>\n","protected":false},"excerpt":{"rendered":"<p>Gyergy\u00f3alfalu (Har), 1928. aug. 31., \u2020 Mv., 2002. j\u00fan. 7.: fest\u0151m\u0171v\u00e9sz. \u2013 Autodidakta t\u00e1jk\u00e9pfest\u0151 Mv.-en. Irod.: Moln\u00e1r; [Nekrol\u00f3g] (N\u00fa., 2002., j\u00fan. 10.); Opri\u015f 2018<\/p>\n","protected":false},"featured_media":0,"comment_status":"open","ping_status":"closed","template":"","meta":[],"product_brand":[],"product_cat":[137],"product_tag":[],"class_list":{"0":"post-11321","1":"product","2":"type-product","3":"status-publish","5":"product_cat-maros-megyei-eletrajzi-lexikon","7":"first","8":"instock","9":"shipping-taxable","10":"product-type-simple"},"_links":{"self":[{"href":"https:\/\/uj.adatbank.ro\/lexikon\/wp-json\/wp\/v2\/product\/11321","targetHints":{"allow":["GET"]}}],"collection":[{"href":"https:\/\/uj.adatbank.ro\/lexikon\/wp-json\/wp\/v2\/product"}],"about":[{"href":"https:\/\/uj.adatbank.ro\/lexikon\/wp-json\/wp\/v2\/types\/product"}],"replies":[{"embeddable":true,"href":"https:\/\/uj.adatbank.ro\/lexikon\/wp-json\/wp\/v2\/comments?post=11321"}],"wp:attachment":[{"href":"https:\/\/uj.adatbank.ro\/lexikon\/wp-json\/wp\/v2\/media?parent=11321"}],"wp:term":[{"taxonomy":"product_brand","embeddable":true,"href":"https:\/\/uj.adatbank.ro\/lexikon\/wp-json\/wp\/v2\/product_brand?post=11321"},{"taxonomy":"product_cat","embeddable":true,"href":"https:\/\/uj.adatbank.ro\/lexikon\/wp-json\/wp\/v2\/product_cat?post=11321"},{"taxonomy":"product_tag","embeddable":true,"href":"https:\/\/uj.adatbank.ro\/lexikon\/wp-json\/wp\/v2\/product_tag?post=11321"}],"curies":[{"name":"wp","href":"https:\/\/api.w.org\/{rel}","templated":true}]}}