{"id":11322,"date":"2025-06-29T13:49:12","date_gmt":"2025-06-29T11:49:12","guid":{"rendered":"https:\/\/uj.adatbank.ro\/lexikon\/termek\/kasza-daniel\/"},"modified":"2025-06-29T13:49:12","modified_gmt":"2025-06-29T11:49:12","slug":"kasza-daniel","status":"publish","type":"product","link":"https:\/\/uj.adatbank.ro\/lexikon\/termek\/kasza-daniel\/","title":{"rendered":"KASZA D\u00e1niel"},"content":{"rendered":"<p>Torda, 1822 febr. 14., \u2020 Nagyenyed, 1873. jan. 20.: tan\u00e1r. \u2013 Apja \u00fcgyv\u00e9d. Nagyenyeden tanult. Gr. D\u00e9genfeld Guszt\u00e1v nevel\u0151je (1829\u201350), akivel berlin tanulm\u00e1ny\u00fatja (1853\u201354) mellett N\u00e9meto, Franciao, Olaszo. -ba is utazott (1854). A mv.-i Ref. Koll. ban Bolyai Farkast helyettes\u00edt\u0151 fizika \u00e9s mathesis tan\u00e1r (1854. nov. \u2013 1855. j\u00fal), majd 17 \u00e9vig rendes tan\u00e1r Nagyenyeden a ref. koll. ban, rektor (1864), gazdas\u00e1gi fel\u00fcgyel\u0151je a koll. -nak (1870\u201372. &#8211;<br \/><strong>Irod.:<\/strong> Gy\u00e1szjelent\u0151; Koncz; Ol\u00e1h-G\u00e1l; Par\u00e1dy, Szab\u00f3\u2013Simon\u2013Sz\u00f6gi<\/br><\/p>\n","protected":false},"excerpt":{"rendered":"<p>Torda, 1822 febr. 14., \u2020 Nagyenyed, 1873. jan. 20.: tan\u00e1r. \u2013 Apja \u00fcgyv\u00e9d. Nagyenyeden tanult. Gr. D\u00e9genfeld Guszt\u00e1v nevel\u0151je (1829\u201350), akivel berlin tanulm\u00e1ny\u00fatja (1853\u201354) mellett N\u00e9meto, Franciao, Olaszo. -ba is utazott (1854). A mv.-i Ref. Koll. ban Bolyai Farkast helyettes\u00edt\u0151 fizika \u00e9s mathesis tan\u00e1r (1854. nov. \u2013 1855. j\u00fal), majd 17 \u00e9vig rendes tan\u00e1r Nagyenyeden [&hellip;]<\/p>\n","protected":false},"featured_media":0,"comment_status":"open","ping_status":"closed","template":"","meta":[],"product_brand":[],"product_cat":[137],"product_tag":[],"class_list":{"0":"post-11322","1":"product","2":"type-product","3":"status-publish","5":"product_cat-maros-megyei-eletrajzi-lexikon","7":"first","8":"instock","9":"shipping-taxable","10":"product-type-simple"},"_links":{"self":[{"href":"https:\/\/uj.adatbank.ro\/lexikon\/wp-json\/wp\/v2\/product\/11322","targetHints":{"allow":["GET"]}}],"collection":[{"href":"https:\/\/uj.adatbank.ro\/lexikon\/wp-json\/wp\/v2\/product"}],"about":[{"href":"https:\/\/uj.adatbank.ro\/lexikon\/wp-json\/wp\/v2\/types\/product"}],"replies":[{"embeddable":true,"href":"https:\/\/uj.adatbank.ro\/lexikon\/wp-json\/wp\/v2\/comments?post=11322"}],"wp:attachment":[{"href":"https:\/\/uj.adatbank.ro\/lexikon\/wp-json\/wp\/v2\/media?parent=11322"}],"wp:term":[{"taxonomy":"product_brand","embeddable":true,"href":"https:\/\/uj.adatbank.ro\/lexikon\/wp-json\/wp\/v2\/product_brand?post=11322"},{"taxonomy":"product_cat","embeddable":true,"href":"https:\/\/uj.adatbank.ro\/lexikon\/wp-json\/wp\/v2\/product_cat?post=11322"},{"taxonomy":"product_tag","embeddable":true,"href":"https:\/\/uj.adatbank.ro\/lexikon\/wp-json\/wp\/v2\/product_tag?post=11322"}],"curies":[{"name":"wp","href":"https:\/\/api.w.org\/{rel}","templated":true}]}}