{"id":11324,"date":"2025-06-29T13:49:16","date_gmt":"2025-06-29T11:49:16","guid":{"rendered":"https:\/\/uj.adatbank.ro\/lexikon\/termek\/kaszoni-agota-szentirmaine\/"},"modified":"2025-06-29T13:49:16","modified_gmt":"2025-06-29T11:49:16","slug":"kaszoni-agota-szentirmaine","status":"publish","type":"product","link":"https:\/\/uj.adatbank.ro\/lexikon\/termek\/kaszoni-agota-szentirmaine\/","title":{"rendered":"K\u00c1SZONI \u00c1gota, Szentirmain\u00e9"},"content":{"rendered":"<p>1938., \u2020 Bp., 1986. dec. 24. Eltemett\u00e9k Mv. (1987. \u00e1pr. 4.) : f\u0151gy\u00f3gyszer\u00e9sz. <br \/><strong>Irod.:<\/strong> Kiss-P. &#8211; P; [Nekrol\u00f3g] (V. Z., 1987. \u00e1pr. 2.)<\/br><\/p>\n","protected":false},"excerpt":{"rendered":"<p>1938., \u2020 Bp., 1986. dec. 24. Eltemett\u00e9k Mv. (1987. \u00e1pr. 4.) : f\u0151gy\u00f3gyszer\u00e9sz. Irod.: Kiss-P. &#8211; P; [Nekrol\u00f3g] (V. Z., 1987. \u00e1pr. 2.)<\/p>\n","protected":false},"featured_media":0,"comment_status":"open","ping_status":"closed","template":"","meta":[],"product_brand":[],"product_cat":[137],"product_tag":[],"class_list":{"0":"post-11324","1":"product","2":"type-product","3":"status-publish","5":"product_cat-maros-megyei-eletrajzi-lexikon","7":"first","8":"instock","9":"shipping-taxable","10":"product-type-simple"},"_links":{"self":[{"href":"https:\/\/uj.adatbank.ro\/lexikon\/wp-json\/wp\/v2\/product\/11324","targetHints":{"allow":["GET"]}}],"collection":[{"href":"https:\/\/uj.adatbank.ro\/lexikon\/wp-json\/wp\/v2\/product"}],"about":[{"href":"https:\/\/uj.adatbank.ro\/lexikon\/wp-json\/wp\/v2\/types\/product"}],"replies":[{"embeddable":true,"href":"https:\/\/uj.adatbank.ro\/lexikon\/wp-json\/wp\/v2\/comments?post=11324"}],"wp:attachment":[{"href":"https:\/\/uj.adatbank.ro\/lexikon\/wp-json\/wp\/v2\/media?parent=11324"}],"wp:term":[{"taxonomy":"product_brand","embeddable":true,"href":"https:\/\/uj.adatbank.ro\/lexikon\/wp-json\/wp\/v2\/product_brand?post=11324"},{"taxonomy":"product_cat","embeddable":true,"href":"https:\/\/uj.adatbank.ro\/lexikon\/wp-json\/wp\/v2\/product_cat?post=11324"},{"taxonomy":"product_tag","embeddable":true,"href":"https:\/\/uj.adatbank.ro\/lexikon\/wp-json\/wp\/v2\/product_tag?post=11324"}],"curies":[{"name":"wp","href":"https:\/\/api.w.org\/{rel}","templated":true}]}}