{"id":11326,"date":"2025-06-29T13:49:19","date_gmt":"2025-06-29T11:49:19","guid":{"rendered":"https:\/\/uj.adatbank.ro\/lexikon\/termek\/kaszoni-anna-zsuzsanna-kurjatko\/"},"modified":"2025-06-29T13:49:19","modified_gmt":"2025-06-29T11:49:19","slug":"kaszoni-anna-zsuzsanna-kurjatko","status":"publish","type":"product","link":"https:\/\/uj.adatbank.ro\/lexikon\/termek\/kaszoni-anna-zsuzsanna-kurjatko\/","title":{"rendered":"K\u00c1SZONI Anna Zsuzs\u00e1nna; Kurjatko"},"content":{"rendered":"<p>Mv., 1942., \u2020 Mv., 1996: fogorvos, k\u00f3rh\u00e1zi alkalmazott. A MOGYI fog\u00e1szati kar\u00e1n v\u00e9gzett (1966). Tan\u00e1rseg\u00e9d a Konzerv\u00e1l\u00f3 Fog\u00e1szati Klinik\u00e1n. <br \/><strong>Irod.:<\/strong> Genersich; Kiss-P. &#8211; P<\/br><\/p>\n","protected":false},"excerpt":{"rendered":"<p>Mv., 1942., \u2020 Mv., 1996: fogorvos, k\u00f3rh\u00e1zi alkalmazott. A MOGYI fog\u00e1szati kar\u00e1n v\u00e9gzett (1966). Tan\u00e1rseg\u00e9d a Konzerv\u00e1l\u00f3 Fog\u00e1szati Klinik\u00e1n. Irod.: Genersich; Kiss-P. &#8211; P<\/p>\n","protected":false},"featured_media":0,"comment_status":"open","ping_status":"closed","template":"","meta":[],"product_brand":[],"product_cat":[137],"product_tag":[],"class_list":{"0":"post-11326","1":"product","2":"type-product","3":"status-publish","5":"product_cat-maros-megyei-eletrajzi-lexikon","7":"first","8":"instock","9":"shipping-taxable","10":"product-type-simple"},"_links":{"self":[{"href":"https:\/\/uj.adatbank.ro\/lexikon\/wp-json\/wp\/v2\/product\/11326","targetHints":{"allow":["GET"]}}],"collection":[{"href":"https:\/\/uj.adatbank.ro\/lexikon\/wp-json\/wp\/v2\/product"}],"about":[{"href":"https:\/\/uj.adatbank.ro\/lexikon\/wp-json\/wp\/v2\/types\/product"}],"replies":[{"embeddable":true,"href":"https:\/\/uj.adatbank.ro\/lexikon\/wp-json\/wp\/v2\/comments?post=11326"}],"wp:attachment":[{"href":"https:\/\/uj.adatbank.ro\/lexikon\/wp-json\/wp\/v2\/media?parent=11326"}],"wp:term":[{"taxonomy":"product_brand","embeddable":true,"href":"https:\/\/uj.adatbank.ro\/lexikon\/wp-json\/wp\/v2\/product_brand?post=11326"},{"taxonomy":"product_cat","embeddable":true,"href":"https:\/\/uj.adatbank.ro\/lexikon\/wp-json\/wp\/v2\/product_cat?post=11326"},{"taxonomy":"product_tag","embeddable":true,"href":"https:\/\/uj.adatbank.ro\/lexikon\/wp-json\/wp\/v2\/product_tag?post=11326"}],"curies":[{"name":"wp","href":"https:\/\/api.w.org\/{rel}","templated":true}]}}